{"id":54181,"date":"2023-05-03T15:06:59","date_gmt":"2023-05-03T18:06:59","guid":{"rendered":"https:\/\/advbox.com.br\/blog\/?page_id=54181"},"modified":"2025-09-19T17:18:41","modified_gmt":"2025-09-19T20:18:41","slug":"cpc-artigo-256","status":"publish","type":"page","link":"https:\/\/advbox.com.br\/blog\/cpc-artigo-256\/","title":{"rendered":"Artigo 256 CPC | ADVBOX"},"content":{"rendered":"<p><em>Lei N\u00ba 13.105, de 16 de mar\u00e7o de 2015<\/em>\u00a0<em>\u2013 Artigo 256 CPC.<\/em><\/p><h2 class=\"wp-block-heading\">Artigo 256 CPC<\/h2><p>Art. 256. A cita\u00e7\u00e3o por edital ser\u00e1 feita:<\/p><p><a><\/a>I &#8211; quando desconhecido ou incerto o citando;<\/p><p><a><\/a>II &#8211; quando ignorado, incerto ou inacess\u00edvel o lugar em que se encontrar o citando;<\/p><p><a><\/a>III &#8211; nos casos expressos em lei.<\/p><p><a><\/a>\u00a7 1\u00ba Considera-se inacess\u00edvel, para efeito de cita\u00e7\u00e3o por edital, o pa\u00eds que recusar o cumprimento de carta rogat\u00f3ria.<\/p><p><a><\/a>\u00a7 2\u00ba No caso de ser inacess\u00edvel o lugar em que se encontrar o r\u00e9u, a not\u00edcia de sua cita\u00e7\u00e3o ser\u00e1 divulgada tamb\u00e9m pelo r\u00e1dio, se na comarca houver emissora de radiodifus\u00e3o.<\/p><p>\u00a7 3\u00ba O r\u00e9u ser\u00e1 considerado em local ignorado ou incerto se infrut\u00edferas as tentativas de sua localiza\u00e7\u00e3o, inclusive mediante requisi\u00e7\u00e3o pelo ju\u00edzo de informa\u00e7\u00f5es sobre seu endere\u00e7o nos cadastros de \u00f3rg\u00e3os p\u00fablicos ou de concession\u00e1rias de servi\u00e7os p\u00fablicos.<\/p><h2 class=\"wp-block-heading\">Acesse o CPC completo ou separadamente:<\/h2><p><a href=\"https:\/\/advbox.com.br\/blog\/cpc-codigo-de-processo-civil\/\" target=\"_blank\" rel=\"noreferrer noopener\" target=\"_blank\"><strong>CPC completo<\/strong><\/a><\/p><p><a href=\"https:\/\/advbox.com.br\/blog\/cpc-artigo-255\/\" target=\"_blank\"><strong>Artigo 255<\/strong><\/a><\/p><p><strong>Acelere seu trabalho, automatize procura\u00e7\u00f5es, contratos e peti\u00e7\u00f5es no seu escrit\u00f3rio. Saiba como:\u00a0<a href=\"https:\/\/advbox.com.br\/blog\/como-automatizar-seus-modelos-de-peticoes\/\" target=\"_blank\">clique aqui<\/a>.<\/strong><\/p>\n","protected":false},"excerpt":{"rendered":"<p>Lei N\u00ba 13.105, de 16 de mar\u00e7o de 2015\u00a0\u2013 Artigo 256 CPC. Artigo 256 CPC Art. 256. A cita\u00e7\u00e3o por edital ser\u00e1 feita: I &#8211; quando desconhecido ou incerto o citando; II &#8211; quando ignorado, incerto ou inacess\u00edvel o lugar em que se encontrar o citando; III &#8211; nos casos [&hellip;]<\/p>\n","protected":false},"author":44,"featured_media":0,"parent":0,"menu_order":0,"comment_status":"closed","ping_status":"closed","template":"","meta":{"_acf_changed":false,"om_disable_all_campaigns":false,"footnotes":""},"class_list":["post-54181","page","type-page","status-publish","hentry"],"acf":[],"yoast_head":"<!-- This site is optimized with the Yoast SEO plugin v26.9 - https:\/\/yoast.com\/product\/yoast-seo-wordpress\/ -->\n<title>Artigo 256 CPC | ADVBOX<\/title>\n<meta name=\"description\" content=\"Artigo 256 CPC - C\u00f3digo de Processo Civil - A cita\u00e7\u00e3o por edital ser\u00e1 feita: I - quando desconhecido ou incerto o citando [continua]\" \/>\n<meta name=\"robots\" content=\"index, follow, max-snippet:-1, max-image-preview:large, max-video-preview:-1\" \/>\n<link rel=\"canonical\" href=\"https:\/\/advbox.com.br\/blog\/cpc-artigo-256\/\" \/>\n<meta property=\"og:locale\" content=\"pt_BR\" \/>\n<meta property=\"og:type\" content=\"article\" \/>\n<meta property=\"og:title\" content=\"Artigo 256 CPC | ADVBOX\" \/>\n<meta property=\"og:description\" content=\"Artigo 256 CPC - C\u00f3digo de Processo Civil - A cita\u00e7\u00e3o por edital ser\u00e1 feita: I - quando desconhecido ou incerto o citando [continua]\" \/>\n<meta property=\"og:url\" content=\"https:\/\/advbox.com.br\/blog\/cpc-artigo-256\/\" \/>\n<meta property=\"og:site_name\" content=\"Software Jur\u00eddico Completo - ADVBOX\" \/>\n<meta property=\"article:publisher\" content=\"https:\/\/www.facebook.com\/advbox\/\" \/>\n<meta property=\"article:modified_time\" content=\"2025-09-19T20:18:41+00:00\" \/>\n<meta name=\"twitter:card\" content=\"summary_large_image\" \/>\n<meta name=\"twitter:site\" content=\"@advbox2\" \/>\n<script type=\"application\/ld+json\" class=\"yoast-schema-graph\">{\"@context\":\"https:\/\/schema.org\",\"@graph\":[{\"@type\":\"WebPage\",\"@id\":\"https:\/\/advbox.com.br\/blog\/cpc-artigo-256\/\",\"url\":\"https:\/\/advbox.com.br\/blog\/cpc-artigo-256\/\",\"name\":\"Artigo 256 CPC | ADVBOX\",\"isPartOf\":{\"@id\":\"https:\/\/advbox.com.br\/blog\/#website\"},\"datePublished\":\"2023-05-03T18:06:59+00:00\",\"dateModified\":\"2025-09-19T20:18:41+00:00\",\"description\":\"Artigo 256 CPC - C\u00f3digo de Processo Civil - A cita\u00e7\u00e3o por edital ser\u00e1 feita: I - quando desconhecido ou incerto o citando [continua]\",\"breadcrumb\":{\"@id\":\"https:\/\/advbox.com.br\/blog\/cpc-artigo-256\/#breadcrumb\"},\"inLanguage\":\"pt-BR\",\"potentialAction\":[{\"@type\":\"ReadAction\",\"target\":[\"https:\/\/advbox.com.br\/blog\/cpc-artigo-256\/\"]}]},{\"@type\":\"BreadcrumbList\",\"@id\":\"https:\/\/advbox.com.br\/blog\/cpc-artigo-256\/#breadcrumb\",\"itemListElement\":[{\"@type\":\"ListItem\",\"position\":1,\"name\":\"In\u00edcio\",\"item\":\"https:\/\/advbox.com.br\/blog\/\"},{\"@type\":\"ListItem\",\"position\":2,\"name\":\"Artigo 256 CPC | ADVBOX\"}]},{\"@type\":\"WebSite\",\"@id\":\"https:\/\/advbox.com.br\/blog\/#website\",\"url\":\"https:\/\/advbox.com.br\/blog\/\",\"name\":\"Software Jur\u00eddico Completo - ADVBOX\",\"description\":\"Plataforma para Advocacia Digital\",\"publisher\":{\"@id\":\"https:\/\/advbox.com.br\/blog\/#organization\"},\"potentialAction\":[{\"@type\":\"SearchAction\",\"target\":{\"@type\":\"EntryPoint\",\"urlTemplate\":\"https:\/\/advbox.com.br\/blog\/?s={search_term_string}\"},\"query-input\":{\"@type\":\"PropertyValueSpecification\",\"valueRequired\":true,\"valueName\":\"search_term_string\"}}],\"inLanguage\":\"pt-BR\"},{\"@type\":\"Organization\",\"@id\":\"https:\/\/advbox.com.br\/blog\/#organization\",\"name\":\"ADVBOX Blog - Software jur\u00eddico da advocacia digital\",\"url\":\"https:\/\/advbox.com.br\/blog\/\",\"logo\":{\"@type\":\"ImageObject\",\"inLanguage\":\"pt-BR\",\"@id\":\"https:\/\/advbox.com.br\/blog\/#\/schema\/logo\/image\/\",\"url\":\"https:\/\/advbox.com.br\/blog\/wp-content\/uploads\/2019\/12\/Como-aumentar-a-produtividade_.jpg\",\"contentUrl\":\"https:\/\/advbox.com.br\/blog\/wp-content\/uploads\/2019\/12\/Como-aumentar-a-produtividade_.jpg\",\"width\":320,\"height\":213,\"caption\":\"ADVBOX Blog - Software jur\u00eddico da advocacia digital\"},\"image\":{\"@id\":\"https:\/\/advbox.com.br\/blog\/#\/schema\/logo\/image\/\"},\"sameAs\":[\"https:\/\/www.facebook.com\/advbox\/\",\"https:\/\/x.com\/advbox2\"]}]}<\/script>\n<!-- \/ Yoast SEO plugin. -->","yoast_head_json":{"title":"Artigo 256 CPC | ADVBOX","description":"Artigo 256 CPC - C\u00f3digo de Processo Civil - A cita\u00e7\u00e3o por edital ser\u00e1 feita: I - quando desconhecido ou incerto o citando [continua]","robots":{"index":"index","follow":"follow","max-snippet":"max-snippet:-1","max-image-preview":"max-image-preview:large","max-video-preview":"max-video-preview:-1"},"canonical":"https:\/\/advbox.com.br\/blog\/cpc-artigo-256\/","og_locale":"pt_BR","og_type":"article","og_title":"Artigo 256 CPC | ADVBOX","og_description":"Artigo 256 CPC - C\u00f3digo de Processo Civil - A cita\u00e7\u00e3o por edital ser\u00e1 feita: I - quando desconhecido ou incerto o citando [continua]","og_url":"https:\/\/advbox.com.br\/blog\/cpc-artigo-256\/","og_site_name":"Software Jur\u00eddico Completo - ADVBOX","article_publisher":"https:\/\/www.facebook.com\/advbox\/","article_modified_time":"2025-09-19T20:18:41+00:00","twitter_card":"summary_large_image","twitter_site":"@advbox2","schema":{"@context":"https:\/\/schema.org","@graph":[{"@type":"WebPage","@id":"https:\/\/advbox.com.br\/blog\/cpc-artigo-256\/","url":"https:\/\/advbox.com.br\/blog\/cpc-artigo-256\/","name":"Artigo 256 CPC | ADVBOX","isPartOf":{"@id":"https:\/\/advbox.com.br\/blog\/#website"},"datePublished":"2023-05-03T18:06:59+00:00","dateModified":"2025-09-19T20:18:41+00:00","description":"Artigo 256 CPC - C\u00f3digo de Processo Civil - A cita\u00e7\u00e3o por edital ser\u00e1 feita: I - quando desconhecido ou incerto o citando [continua]","breadcrumb":{"@id":"https:\/\/advbox.com.br\/blog\/cpc-artigo-256\/#breadcrumb"},"inLanguage":"pt-BR","potentialAction":[{"@type":"ReadAction","target":["https:\/\/advbox.com.br\/blog\/cpc-artigo-256\/"]}]},{"@type":"BreadcrumbList","@id":"https:\/\/advbox.com.br\/blog\/cpc-artigo-256\/#breadcrumb","itemListElement":[{"@type":"ListItem","position":1,"name":"In\u00edcio","item":"https:\/\/advbox.com.br\/blog\/"},{"@type":"ListItem","position":2,"name":"Artigo 256 CPC | ADVBOX"}]},{"@type":"WebSite","@id":"https:\/\/advbox.com.br\/blog\/#website","url":"https:\/\/advbox.com.br\/blog\/","name":"Software Jur\u00eddico Completo - ADVBOX","description":"Plataforma para Advocacia Digital","publisher":{"@id":"https:\/\/advbox.com.br\/blog\/#organization"},"potentialAction":[{"@type":"SearchAction","target":{"@type":"EntryPoint","urlTemplate":"https:\/\/advbox.com.br\/blog\/?s={search_term_string}"},"query-input":{"@type":"PropertyValueSpecification","valueRequired":true,"valueName":"search_term_string"}}],"inLanguage":"pt-BR"},{"@type":"Organization","@id":"https:\/\/advbox.com.br\/blog\/#organization","name":"ADVBOX Blog - Software jur\u00eddico da advocacia digital","url":"https:\/\/advbox.com.br\/blog\/","logo":{"@type":"ImageObject","inLanguage":"pt-BR","@id":"https:\/\/advbox.com.br\/blog\/#\/schema\/logo\/image\/","url":"https:\/\/advbox.com.br\/blog\/wp-content\/uploads\/2019\/12\/Como-aumentar-a-produtividade_.jpg","contentUrl":"https:\/\/advbox.com.br\/blog\/wp-content\/uploads\/2019\/12\/Como-aumentar-a-produtividade_.jpg","width":320,"height":213,"caption":"ADVBOX Blog - Software jur\u00eddico da advocacia digital"},"image":{"@id":"https:\/\/advbox.com.br\/blog\/#\/schema\/logo\/image\/"},"sameAs":["https:\/\/www.facebook.com\/advbox\/","https:\/\/x.com\/advbox2"]}]}},"_links":{"self":[{"href":"https:\/\/advbox.com.br\/blog\/wp-json\/wp\/v2\/pages\/54181","targetHints":{"allow":["GET"]}}],"collection":[{"href":"https:\/\/advbox.com.br\/blog\/wp-json\/wp\/v2\/pages"}],"about":[{"href":"https:\/\/advbox.com.br\/blog\/wp-json\/wp\/v2\/types\/page"}],"author":[{"embeddable":true,"href":"https:\/\/advbox.com.br\/blog\/wp-json\/wp\/v2\/users\/44"}],"replies":[{"embeddable":true,"href":"https:\/\/advbox.com.br\/blog\/wp-json\/wp\/v2\/comments?post=54181"}],"version-history":[{"count":2,"href":"https:\/\/advbox.com.br\/blog\/wp-json\/wp\/v2\/pages\/54181\/revisions"}],"predecessor-version":[{"id":76705,"href":"https:\/\/advbox.com.br\/blog\/wp-json\/wp\/v2\/pages\/54181\/revisions\/76705"}],"wp:attachment":[{"href":"https:\/\/advbox.com.br\/blog\/wp-json\/wp\/v2\/media?parent=54181"}],"curies":[{"name":"wp","href":"https:\/\/api.w.org\/{rel}","templated":true}]}}