{"id":55871,"date":"2025-07-25T17:35:37","date_gmt":"2025-07-25T20:35:37","guid":{"rendered":"https:\/\/advbox.com.br\/blog\/?page_id=55871"},"modified":"2025-12-23T09:53:07","modified_gmt":"2025-12-23T12:53:07","slug":"litispendencia-e-coisa-julgada","status":"publish","type":"page","link":"https:\/\/advbox.com.br\/blog\/litispendencia-e-coisa-julgada\/","title":{"rendered":"Litispend\u00eancia e coisa julgada: o que significa e qual a diferen\u00e7a"},"content":{"rendered":"\n<h1 class=\"wp-block-heading\">Litispend\u00eancia e coisa julgada: o que significa e qual a diferen\u00e7a<\/h1>\n\n\n\n<p>O Direito Processual Penal \u00e9 repleto de institutos que visam garantir o equil\u00edbrio entre o poder punitivo do Estado e os direitos fundamentais do r\u00e9u. Dentre esses institutos, alguns conceitos s\u00e3o frequentemente confundidos por operadores do direito ou at\u00e9 mesmo ignorados por leigos que se envolvem em algum processo criminal: <strong>peremp\u00e7\u00e3o, litispend\u00eancia e coisa julgada.<\/strong><\/p>\n\n\n\n<p>Esses tr\u00eas termos possuem implica\u00e7\u00f5es pr\u00e1ticas relevantes no andamento dos processos e na prote\u00e7\u00e3o de garantias constitucionais que impede que uma pessoa seja julgada ou punida duas vezes pelo mesmo fato.<\/p>\n\n\n\n<p>Portanto, preparamos um conte\u00fado completo no qual explicaremos o que significa cada termo, suas diferen\u00e7as e como eles impactam diretamente a tramita\u00e7\u00e3o e validade dos processos judiciais, especialmente no \u00e2mbito criminal.<\/p>\n\n\n\n<figure class=\"wp-block-embed is-type-video is-provider-youtube wp-block-embed-youtube wp-embed-aspect-16-9 wp-has-aspect-ratio\"><div class=\"wp-block-embed__wrapper\">\n<iframe title=\"Como funciona o Mercado Jur\u00eddico\" width=\"750\" height=\"422\" src=\"https:\/\/www.youtube.com\/embed\/cLoXoieB7_8?start=2&#038;feature=oembed\" frameborder=\"0\" allow=\"accelerometer; autoplay; clipboard-write; encrypted-media; gyroscope; picture-in-picture; web-share\" referrerpolicy=\"strict-origin-when-cross-origin\" allowfullscreen loading=\"lazy\"><\/iframe>\n<\/div><\/figure>\n\n\n\n<h2 class=\"wp-block-heading\">O que significa peremp\u00e7\u00e3o, litispend\u00eancia ou coisa julgada?<\/h2>\n\n\n\n<p>A <a href=\"https:\/\/advbox.com.br\/blog\/perempcao\/\" target=\"_blank\"><strong>peremp\u00e7\u00e3o<\/strong><\/a><strong> <\/strong>se trata da <strong>perda de<\/strong> <strong>direito de prosseguir com a a\u00e7\u00e3o penal por parte do querelante<\/strong> (quem move a a\u00e7\u00e3o). J\u00e1 <strong>a litispend\u00eancia<\/strong> <strong>\u00e9 o impedimento de que uma pessoa seja processada mais de uma vez por um mesmo fato<\/strong>.<strong> <\/strong>Por fim,<strong> a coisa julgada significa que a <\/strong><a href=\"https:\/\/advbox.com.br\/blog\/o-que-e-sentenca\/\" target=\"_blank\"><strong>senten\u00e7a<\/strong><\/a><strong> <\/strong>(seja condenat\u00f3ria ou absolut\u00f3ria) <strong>se torna imodific\u00e1vel.<\/strong><\/p>\n\n\n\n<p>De modo geral, a <strong>peremp\u00e7\u00e3o <\/strong>\u00e9 um instituto processual que ocorre exclusivamente na <strong>a\u00e7\u00e3o penal privada<\/strong>. Ela&nbsp; funciona como uma <strong>san\u00e7\u00e3o \u00e0 in\u00e9rcia do autor da queixa<\/strong>, <a href=\"https:\/\/advbox.com.br\/blog\/extincao-da-punibilidade\/\" target=\"_blank\">extinguindo a punibilidade<\/a> do r\u00e9u. N\u00e3o se aplica \u00e0 <a href=\"https:\/\/advbox.com.br\/blog\/processo-criminal\/\" target=\"_blank\">a\u00e7\u00e3o penal<\/a> p\u00fablica, em que o titular da a\u00e7\u00e3o \u00e9 o Minist\u00e9rio P\u00fablico.<\/p>\n\n\n\n<p>J\u00e1 a <strong>litispend\u00eancia <\/strong>ocorre quando h\u00e1 <strong>dois ou mais processos em curso, simultaneamente, com as mesmas partes, causa de pedir e pedido<\/strong>. Identificada a litispend\u00eancia, o segundo processo deve ser extinto sem julgamento de m\u00e9rito, preservando o processo mais antigo. Trata-se de uma<strong> garantia processual e um mecanismo de economia processual<\/strong>, evitando duplicidade de esfor\u00e7os judiciais sobre a mesma quest\u00e3o.<\/p>\n\n\n\n<p>Por sua vez, a <strong>coisa julgada<\/strong> ocorre quando <strong>uma decis\u00e3o judicial transita em julgado<\/strong>, ou seja, <strong>n\u00e3o cabe mais recurso contra ela<\/strong>, salvo por revis\u00e3o criminal ou <a href=\"https:\/\/advbox.com.br\/blog\/acao-rescisoria-cpc\/\" target=\"_blank\">a\u00e7\u00e3o rescis\u00f3ria<\/a> em casos espec\u00edficos. Sendo assim, tem como objetivo garantir <strong>seguran\u00e7a jur\u00eddica<\/strong>, impedindo que os lit\u00edgios sejam eternos e que uma pessoa seja processada novamente por algo que j\u00e1 foi decidido de forma definitiva.<\/p>\n\n\n\n<h2 class=\"wp-block-heading\">Qual a diferen\u00e7a entre coisa julgada e litispend\u00eancia?<\/h2>\n\n\n\n<p><strong>A <\/strong><a href=\"https:\/\/advbox.com.br\/blog\/litispendencia\/\" target=\"_blank\"><strong>litispend\u00eancia<\/strong><\/a><strong> se d\u00e1<\/strong> <strong>enquanto os processos ainda est\u00e3o em curso<\/strong> <strong>e<\/strong> <strong>a coisa julgada ocorre depois que um processo \u00e9 encerrado com decis\u00e3o definitiva<\/strong><\/p>\n\n\n\n<p>Ou seja, a litispend\u00eancia impede a duplicidade processual em tempo real. Por exemplo, se duas a\u00e7\u00f5es penais forem ajuizadas contra a mesma pessoa, pelo mesmo fato e com o mesmo pedido, haver\u00e1 litispend\u00eancia.&nbsp;<\/p>\n\n\n\n<p>,J\u00e1 a <a href=\"https:\/\/advbox.com.br\/blog\/coisa-julgada-cpc\/\" target=\"_blank\">coisa julgada<\/a> ocorre<strong> ap\u00f3s o tr\u00e2nsito em julgado<\/strong>, ou seja<strong>, <\/strong>uma vez que o processo \u00e9 decidido de forma final, n\u00e3o \u00e9 poss\u00edvel abrir outro processo com o mesmo objeto, sob pena de viola\u00e7\u00e3o \u00e0 coisa julgada.<\/p>\n\n\n\n<p>Ambas buscam evitar que o r\u00e9u seja julgado mais de uma vez pelo mesmo fato, mas <strong>atuam em momentos distintos.<\/strong><\/p>\n\n\n\n<h2 class=\"wp-block-heading\">O que ocorre quando h\u00e1 litispend\u00eancia?<\/h2>\n\n\n\n<p>A litispend\u00eancia tem implica\u00e7\u00f5es pr\u00e1ticas significativas no sistema judicial, afetando diretamente as partes envolvidas e a efici\u00eancia do processo. Entre as principais podemos destacar a extin\u00e7\u00e3o do segundo processo sem julgamento de m\u00e9rito, preven\u00e7\u00e3o do ju\u00edzo e economia processual e racionaliza\u00e7\u00e3o dos recursos do Judici\u00e1rio.<br>Por exemplo, em disputas contratuais, se uma das partes inicia um processo sobre a mesma causa e pedido enquanto outro processo relacionado j\u00e1 est\u00e1 em andamento, isso configura a litispend\u00eancia.<\/p>\n\n\n\n<p>Isso leva \u00e0 <a href=\"https:\/\/advbox.com.br\/blog\/suspensao-do-processo\/\" target=\"_blank\">suspens\u00e3o<\/a> ou <a href=\"https:\/\/advbox.com.br\/blog\/processo-extinto\/\" target=\"_blank\">extin\u00e7\u00e3o<\/a> de um dos processos, evitando duplica\u00e7\u00e3o de esfor\u00e7os e decis\u00f5es conflitantes.<\/p>\n\n\n\n<p>Essa aplica\u00e7\u00e3o da litispend\u00eancia traz economia processual e celeridade na resolu\u00e7\u00e3o do lit\u00edgio.<\/p>\n\n\n\n<p>Outro exemplo de implica\u00e7\u00e3o pr\u00e1tica da litispend\u00eancia ocorre em a\u00e7\u00f5es de div\u00f3rcio. Quando um c\u00f4njuge entra com um processo de div\u00f3rcio enquanto outro processo semelhante j\u00e1 est\u00e1 em andamento, a litispend\u00eancia \u00e9 configurada.<\/p>\n\n\n\n<p>Nesse caso, \u00e9 necess\u00e1rio avaliar qual dos processos deve prevalecer, considerando crit\u00e9rios como a data de in\u00edcio, a compet\u00eancia do tribunal e a conex\u00e3o dos pedidos.&nbsp;<\/p>\n\n\n\n<p>A litispend\u00eancia evita a exist\u00eancia de dois processos separados tratando do mesmo div\u00f3rcio, assegurando a unicidade e efetividade da decis\u00e3o.<\/p>\n\n\n\n<p>Na \u00e1rea do <a href=\"https:\/\/advbox.com.br\/blog\/advocacia-direito-do-consumidor\/\" target=\"_blank\">direito do consumidor<\/a>, a litispend\u00eancia tamb\u00e9m tem implica\u00e7\u00f5es pr\u00e1ticas.<\/p>\n\n\n\n<p>Por exemplo, se um consumidor entra com uma a\u00e7\u00e3o contra uma empresa por danos materiais decorrentes de um produto defeituoso, mas j\u00e1 existe outro processo em andamento tratando do mesmo fato e envolvendo as mesmas partes, ocorre a litispend\u00eancia.<\/p>\n\n\n\n<p>Nesse caso, a litispend\u00eancia impede que os tribunais analisem duas a\u00e7\u00f5es id\u00eanticas, reduzindo o tempo e os recursos necess\u00e1rios para resolver o lit\u00edgio. Assim, a litispend\u00eancia desempenha um papel pr\u00e1tico relevante na agilidade e efici\u00eancia do sistema judicial.<\/p>\n\n\n\n<h2 class=\"wp-block-heading\">O que \u00e9 exce\u00e7\u00e3o da litispend\u00eancia no processo penal?<\/h2>\n\n\n\n<p>A <strong>exce\u00e7\u00e3o de litispend\u00eancia<\/strong> \u00e9 um <strong>meio de defesa indireta<\/strong> previsto no artigo 95 do <a href=\"https:\/\/advbox.com.br\/blog\/codigo-de-processo-penal\/\" target=\"_blank\">C\u00f3digo de Processo Penal<\/a>. Logo, podemos definir como um incidente processual em que <strong>a defesa argue que o r\u00e9u j\u00e1 est\u00e1 sendo processado pelo mesmo fato em outro processo, solicitando,<\/strong> portanto, <strong>a extin\u00e7\u00e3o do processo atual<\/strong>.<\/p>\n\n\n\n<p>Portanto, a exce\u00e7\u00e3o da litispend\u00eancia \u00e9 <strong>um instrumento essencial para garantir o respeito ao devido processo legal<\/strong> e evitar que o r\u00e9u seja exposto a m\u00faltiplos julgamentos sobre o mesmo fato.<\/p>\n\n\n\n<h2 class=\"wp-block-heading\">O que acontecer\u00e1 com um processo se for identificada a ocorr\u00eancia de litispend\u00eancia ou coisa julgada?<\/h2>\n\n\n\n<p><strong>Quando for identificada a ocorr\u00eancia de litispend\u00eancia, o juiz dever\u00e1 declarar a extin\u00e7\u00e3o do processo mais recente, sem resolu\u00e7\u00e3o do m\u00e9rito, uma vez que n\u00e3o \u00e9 admiss\u00edvel a exist\u00eancia de duas a\u00e7\u00f5es id\u00eanticas em curso simultaneamente.<\/strong><\/p>\n\n\n\n<p>&nbsp;O processo mais antigo \u00e9 o que permanece v\u00e1lido, seguindo seu curso normal. Caso o reconhecimento da litispend\u00eancia ocorra em grau recursal, o tribunal poder\u00e1 anular os atos processuais eventualmente praticados no processo duplicado, garantindo a seguran\u00e7a jur\u00eddica e a economia processual.<\/p>\n\n\n\n<p>Por outro lado, se for constatada a exist\u00eancia de coisa julgada, o novo processo ser\u00e1 considerado inadmiss\u00edvel desde sua origem. O juiz dever\u00e1 extingui-lo com julgamento de m\u00e9rito, reconhecendo a coisa julgada como um impedimento absoluto \u00e0 continuidade da nova a\u00e7\u00e3o.&nbsp;<\/p>\n\n\n\n<p>Em casos em que a nova demanda for proposta por erro grosseiro ou m\u00e1-f\u00e9, pode haver implica\u00e7\u00f5es mais severas, como a nulidade do processo e a responsabiliza\u00e7\u00e3o do autor da a\u00e7\u00e3o, a fim de coibir abusos no uso do <a href=\"https:\/\/advbox.com.br\/blog\/estrutura-do-poder-judiciario\/\" target=\"_blank\">sistema judici\u00e1rio<\/a>.<\/p>\n\n\n\n<h2 class=\"wp-block-heading\">Conclus\u00e3o<\/h2>\n\n\n\n<p>Compreender os conceitos de <strong>litispend\u00eancia<\/strong>, <strong>coisa julgada<\/strong> e <strong>peremp\u00e7\u00e3o<\/strong> \u00e9 fundamental para garantir a legalidade e a efici\u00eancia dos processos judiciais, especialmente no \u00e2mbito penal.&nbsp;<\/p>\n\n\n\n<p>Cada instituto atua em momentos distintos do processo, mas todos t\u00eam como objetivo comum evitar decis\u00f5es conflitantes, proteger o r\u00e9u contra m\u00faltiplas a\u00e7\u00f5es sobre o mesmo fato e assegurar a estabilidade das decis\u00f5es judiciais.<\/p>\n\n\n\n<p>A <strong>litispend\u00eancia<\/strong>, por exemplo, impede que duas a\u00e7\u00f5es id\u00eanticas tramitem ao mesmo tempo, promovendo economia de recursos e uniformidade nas decis\u00f5es. A <strong>coisa julgada<\/strong> impede a reabertura de processos j\u00e1 decididos de forma definitiva, garantindo seguran\u00e7a jur\u00eddica.&nbsp;<\/p>\n\n\n\n<p>J\u00e1 a <strong>peremp\u00e7\u00e3o<\/strong>, espec\u00edfica da a\u00e7\u00e3o penal privada, penaliza a in\u00e9rcia do querelante, preservando a celeridade e o andamento do processo.<\/p>\n\n\n\n<p>Al\u00e9m disso, o uso da <strong>exce\u00e7\u00e3o de litispend\u00eancia<\/strong> como instrumento de defesa refor\u00e7a a prote\u00e7\u00e3o do r\u00e9u contra abusos processuais, sendo um mecanismo essencial dentro do sistema de garantias do Direito Penal.<\/p>\n\n\n\n<p>Se voc\u00ea busca otimizar a gest\u00e3o dos seus processos com mais controle, produtividade e seguran\u00e7a jur\u00eddica, <a href=\"https:\/\/advbox.com.br\/blog\/como-automatizar-seus-modelos-de-peticoes\/\" target=\"_blank\">conhe\u00e7a a ADVBOX<\/a>. Nossa plataforma oferece ferramentas inteligentes para automatizar fluxos e peti\u00e7\u00f5es, monitorar prazos e garantir que nenhum detalhe escape \u00e0 sua atua\u00e7\u00e3o.\u00a0<\/p>\n\n\n\n<figure class=\"wp-block-image size-full\"><a href=\"https:\/\/advbox.com.br\/blog\/como-automatizar-seus-modelos-de-peticoes\/\" target=\"_blank\"><img fetchpriority=\"high\" decoding=\"async\" width=\"1024\" height=\"270\" src=\"https:\/\/advbox.com.br\/blog\/wp-content\/uploads\/2025\/12\/CTA-REBRANDING-16.webp\" alt=\"Banner com imagem ilustrativa de automa\u00e7\u00e3o de peti\u00e7\u00f5es jur\u00eddicas, destacando cria\u00e7\u00e3o, padroniza\u00e7\u00e3o e controle de peti\u00e7\u00f5es para advogados com a ADVBOX\" class=\"wp-image-79759\" srcset=\"https:\/\/advbox.com.br\/blog\/wp-content\/uploads\/2025\/12\/CTA-REBRANDING-16.webp 1024w, https:\/\/advbox.com.br\/blog\/wp-content\/uploads\/2025\/12\/CTA-REBRANDING-16-500x132.webp 500w, https:\/\/advbox.com.br\/blog\/wp-content\/uploads\/2025\/12\/CTA-REBRANDING-16-768x203.webp 768w, https:\/\/advbox.com.br\/blog\/wp-content\/uploads\/2025\/12\/CTA-REBRANDING-16-150x40.webp 150w\" sizes=\"(max-width: 1024px) 100vw, 1024px\" \/><\/a><\/figure>\n","protected":false},"excerpt":{"rendered":"<p>Litispend\u00eancia e coisa julgada: o que significa e qual a diferen\u00e7a O Direito Processual Penal \u00e9 repleto de institutos que visam garantir o equil\u00edbrio entre o poder punitivo do Estado e os direitos fundamentais do r\u00e9u. Dentre esses institutos, alguns conceitos s\u00e3o frequentemente confundidos por operadores do direito ou at\u00e9 [&hellip;]<\/p>\n","protected":false},"author":43,"featured_media":79776,"parent":0,"menu_order":0,"comment_status":"closed","ping_status":"closed","template":"","meta":{"_acf_changed":false,"om_disable_all_campaigns":false,"footnotes":""},"class_list":["post-55871","page","type-page","status-publish","has-post-thumbnail","hentry"],"acf":[],"yoast_head":"<!-- This site is optimized with the Yoast SEO plugin v26.9 - https:\/\/yoast.com\/product\/yoast-seo-wordpress\/ -->\n<title>Litispend\u00eancia e coisa julgada: o que significa e qual a diferen\u00e7a<\/title>\n<meta name=\"description\" content=\"Entenda os significados de litispend\u00eancia e de coisa julgada, bem como suas diferen\u00e7as. Confira o que ocorre no processo quando h\u00e1 litispend\u00eancia.\" \/>\n<meta name=\"robots\" content=\"index, follow, max-snippet:-1, max-image-preview:large, max-video-preview:-1\" \/>\n<link rel=\"canonical\" href=\"https:\/\/advbox.com.br\/blog\/litispendencia-e-coisa-julgada\/\" \/>\n<meta property=\"og:locale\" content=\"pt_BR\" \/>\n<meta property=\"og:type\" content=\"article\" \/>\n<meta property=\"og:title\" content=\"Litispend\u00eancia e coisa julgada: o que significa e qual a diferen\u00e7a\" \/>\n<meta property=\"og:description\" content=\"Entenda os significados de litispend\u00eancia e de coisa julgada, bem como suas diferen\u00e7as. Confira o que ocorre no processo quando h\u00e1 litispend\u00eancia.\" \/>\n<meta property=\"og:url\" content=\"https:\/\/advbox.com.br\/blog\/litispendencia-e-coisa-julgada\/\" \/>\n<meta property=\"og:site_name\" content=\"Software Jur\u00eddico Completo - ADVBOX\" \/>\n<meta property=\"article:publisher\" content=\"https:\/\/www.facebook.com\/advbox\/\" \/>\n<meta property=\"article:modified_time\" content=\"2025-12-23T12:53:07+00:00\" \/>\n<meta property=\"og:image\" content=\"https:\/\/advbox.com.br\/blog\/wp-content\/uploads\/2025\/12\/sobrestamento-1.jpg\" \/>\n\t<meta property=\"og:image:width\" content=\"1024\" \/>\n\t<meta property=\"og:image:height\" content=\"576\" \/>\n\t<meta property=\"og:image:type\" content=\"image\/jpeg\" \/>\n<meta name=\"twitter:card\" content=\"summary_large_image\" \/>\n<meta name=\"twitter:site\" content=\"@advbox2\" \/>\n<script type=\"application\/ld+json\" class=\"yoast-schema-graph\">{\"@context\":\"https:\/\/schema.org\",\"@graph\":[{\"@type\":\"WebPage\",\"@id\":\"https:\/\/advbox.com.br\/blog\/litispendencia-e-coisa-julgada\/\",\"url\":\"https:\/\/advbox.com.br\/blog\/litispendencia-e-coisa-julgada\/\",\"name\":\"Litispend\u00eancia e coisa julgada: o que significa e qual a diferen\u00e7a\",\"isPartOf\":{\"@id\":\"https:\/\/advbox.com.br\/blog\/#website\"},\"primaryImageOfPage\":{\"@id\":\"https:\/\/advbox.com.br\/blog\/litispendencia-e-coisa-julgada\/#primaryimage\"},\"image\":{\"@id\":\"https:\/\/advbox.com.br\/blog\/litispendencia-e-coisa-julgada\/#primaryimage\"},\"thumbnailUrl\":\"https:\/\/advbox.com.br\/blog\/wp-content\/uploads\/2025\/12\/sobrestamento-1.jpg\",\"datePublished\":\"2025-07-25T20:35:37+00:00\",\"dateModified\":\"2025-12-23T12:53:07+00:00\",\"description\":\"Entenda os significados de litispend\u00eancia e de coisa julgada, bem como suas diferen\u00e7as. Confira o que ocorre no processo quando h\u00e1 litispend\u00eancia.\",\"breadcrumb\":{\"@id\":\"https:\/\/advbox.com.br\/blog\/litispendencia-e-coisa-julgada\/#breadcrumb\"},\"inLanguage\":\"pt-BR\",\"potentialAction\":[{\"@type\":\"ReadAction\",\"target\":[\"https:\/\/advbox.com.br\/blog\/litispendencia-e-coisa-julgada\/\"]}]},{\"@type\":\"ImageObject\",\"inLanguage\":\"pt-BR\",\"@id\":\"https:\/\/advbox.com.br\/blog\/litispendencia-e-coisa-julgada\/#primaryimage\",\"url\":\"https:\/\/advbox.com.br\/blog\/wp-content\/uploads\/2025\/12\/sobrestamento-1.jpg\",\"contentUrl\":\"https:\/\/advbox.com.br\/blog\/wp-content\/uploads\/2025\/12\/sobrestamento-1.jpg\",\"width\":1024,\"height\":576,\"caption\":\"Banner institucional da ADVBOX com elemento visual abstrato em tons de azul, representando estrutura, tecnologia e identidade visual da marca\"},{\"@type\":\"BreadcrumbList\",\"@id\":\"https:\/\/advbox.com.br\/blog\/litispendencia-e-coisa-julgada\/#breadcrumb\",\"itemListElement\":[{\"@type\":\"ListItem\",\"position\":1,\"name\":\"In\u00edcio\",\"item\":\"https:\/\/advbox.com.br\/blog\/\"},{\"@type\":\"ListItem\",\"position\":2,\"name\":\"Litispend\u00eancia e coisa julgada: o que significa e qual a diferen\u00e7a\"}]},{\"@type\":\"WebSite\",\"@id\":\"https:\/\/advbox.com.br\/blog\/#website\",\"url\":\"https:\/\/advbox.com.br\/blog\/\",\"name\":\"Software Jur\u00eddico Completo - ADVBOX\",\"description\":\"Plataforma para Advocacia Digital\",\"publisher\":{\"@id\":\"https:\/\/advbox.com.br\/blog\/#organization\"},\"potentialAction\":[{\"@type\":\"SearchAction\",\"target\":{\"@type\":\"EntryPoint\",\"urlTemplate\":\"https:\/\/advbox.com.br\/blog\/?s={search_term_string}\"},\"query-input\":{\"@type\":\"PropertyValueSpecification\",\"valueRequired\":true,\"valueName\":\"search_term_string\"}}],\"inLanguage\":\"pt-BR\"},{\"@type\":\"Organization\",\"@id\":\"https:\/\/advbox.com.br\/blog\/#organization\",\"name\":\"ADVBOX Blog - Software jur\u00eddico da advocacia digital\",\"url\":\"https:\/\/advbox.com.br\/blog\/\",\"logo\":{\"@type\":\"ImageObject\",\"inLanguage\":\"pt-BR\",\"@id\":\"https:\/\/advbox.com.br\/blog\/#\/schema\/logo\/image\/\",\"url\":\"https:\/\/advbox.com.br\/blog\/wp-content\/uploads\/2019\/12\/Como-aumentar-a-produtividade_.jpg\",\"contentUrl\":\"https:\/\/advbox.com.br\/blog\/wp-content\/uploads\/2019\/12\/Como-aumentar-a-produtividade_.jpg\",\"width\":320,\"height\":213,\"caption\":\"ADVBOX Blog - Software jur\u00eddico da advocacia digital\"},\"image\":{\"@id\":\"https:\/\/advbox.com.br\/blog\/#\/schema\/logo\/image\/\"},\"sameAs\":[\"https:\/\/www.facebook.com\/advbox\/\",\"https:\/\/x.com\/advbox2\"]}]}<\/script>\n<!-- \/ Yoast SEO plugin. -->","yoast_head_json":{"title":"Litispend\u00eancia e coisa julgada: o que significa e qual a diferen\u00e7a","description":"Entenda os significados de litispend\u00eancia e de coisa julgada, bem como suas diferen\u00e7as. Confira o que ocorre no processo quando h\u00e1 litispend\u00eancia.","robots":{"index":"index","follow":"follow","max-snippet":"max-snippet:-1","max-image-preview":"max-image-preview:large","max-video-preview":"max-video-preview:-1"},"canonical":"https:\/\/advbox.com.br\/blog\/litispendencia-e-coisa-julgada\/","og_locale":"pt_BR","og_type":"article","og_title":"Litispend\u00eancia e coisa julgada: o que significa e qual a diferen\u00e7a","og_description":"Entenda os significados de litispend\u00eancia e de coisa julgada, bem como suas diferen\u00e7as. Confira o que ocorre no processo quando h\u00e1 litispend\u00eancia.","og_url":"https:\/\/advbox.com.br\/blog\/litispendencia-e-coisa-julgada\/","og_site_name":"Software Jur\u00eddico Completo - ADVBOX","article_publisher":"https:\/\/www.facebook.com\/advbox\/","article_modified_time":"2025-12-23T12:53:07+00:00","og_image":[{"width":1024,"height":576,"url":"https:\/\/advbox.com.br\/blog\/wp-content\/uploads\/2025\/12\/sobrestamento-1.jpg","type":"image\/jpeg"}],"twitter_card":"summary_large_image","twitter_site":"@advbox2","schema":{"@context":"https:\/\/schema.org","@graph":[{"@type":"WebPage","@id":"https:\/\/advbox.com.br\/blog\/litispendencia-e-coisa-julgada\/","url":"https:\/\/advbox.com.br\/blog\/litispendencia-e-coisa-julgada\/","name":"Litispend\u00eancia e coisa julgada: o que significa e qual a diferen\u00e7a","isPartOf":{"@id":"https:\/\/advbox.com.br\/blog\/#website"},"primaryImageOfPage":{"@id":"https:\/\/advbox.com.br\/blog\/litispendencia-e-coisa-julgada\/#primaryimage"},"image":{"@id":"https:\/\/advbox.com.br\/blog\/litispendencia-e-coisa-julgada\/#primaryimage"},"thumbnailUrl":"https:\/\/advbox.com.br\/blog\/wp-content\/uploads\/2025\/12\/sobrestamento-1.jpg","datePublished":"2025-07-25T20:35:37+00:00","dateModified":"2025-12-23T12:53:07+00:00","description":"Entenda os significados de litispend\u00eancia e de coisa julgada, bem como suas diferen\u00e7as. Confira o que ocorre no processo quando h\u00e1 litispend\u00eancia.","breadcrumb":{"@id":"https:\/\/advbox.com.br\/blog\/litispendencia-e-coisa-julgada\/#breadcrumb"},"inLanguage":"pt-BR","potentialAction":[{"@type":"ReadAction","target":["https:\/\/advbox.com.br\/blog\/litispendencia-e-coisa-julgada\/"]}]},{"@type":"ImageObject","inLanguage":"pt-BR","@id":"https:\/\/advbox.com.br\/blog\/litispendencia-e-coisa-julgada\/#primaryimage","url":"https:\/\/advbox.com.br\/blog\/wp-content\/uploads\/2025\/12\/sobrestamento-1.jpg","contentUrl":"https:\/\/advbox.com.br\/blog\/wp-content\/uploads\/2025\/12\/sobrestamento-1.jpg","width":1024,"height":576,"caption":"Banner institucional da ADVBOX com elemento visual abstrato em tons de azul, representando estrutura, tecnologia e identidade visual da marca"},{"@type":"BreadcrumbList","@id":"https:\/\/advbox.com.br\/blog\/litispendencia-e-coisa-julgada\/#breadcrumb","itemListElement":[{"@type":"ListItem","position":1,"name":"In\u00edcio","item":"https:\/\/advbox.com.br\/blog\/"},{"@type":"ListItem","position":2,"name":"Litispend\u00eancia e coisa julgada: o que significa e qual a diferen\u00e7a"}]},{"@type":"WebSite","@id":"https:\/\/advbox.com.br\/blog\/#website","url":"https:\/\/advbox.com.br\/blog\/","name":"Software Jur\u00eddico Completo - ADVBOX","description":"Plataforma para Advocacia Digital","publisher":{"@id":"https:\/\/advbox.com.br\/blog\/#organization"},"potentialAction":[{"@type":"SearchAction","target":{"@type":"EntryPoint","urlTemplate":"https:\/\/advbox.com.br\/blog\/?s={search_term_string}"},"query-input":{"@type":"PropertyValueSpecification","valueRequired":true,"valueName":"search_term_string"}}],"inLanguage":"pt-BR"},{"@type":"Organization","@id":"https:\/\/advbox.com.br\/blog\/#organization","name":"ADVBOX Blog - Software jur\u00eddico da advocacia digital","url":"https:\/\/advbox.com.br\/blog\/","logo":{"@type":"ImageObject","inLanguage":"pt-BR","@id":"https:\/\/advbox.com.br\/blog\/#\/schema\/logo\/image\/","url":"https:\/\/advbox.com.br\/blog\/wp-content\/uploads\/2019\/12\/Como-aumentar-a-produtividade_.jpg","contentUrl":"https:\/\/advbox.com.br\/blog\/wp-content\/uploads\/2019\/12\/Como-aumentar-a-produtividade_.jpg","width":320,"height":213,"caption":"ADVBOX Blog - Software jur\u00eddico da advocacia digital"},"image":{"@id":"https:\/\/advbox.com.br\/blog\/#\/schema\/logo\/image\/"},"sameAs":["https:\/\/www.facebook.com\/advbox\/","https:\/\/x.com\/advbox2"]}]}},"_links":{"self":[{"href":"https:\/\/advbox.com.br\/blog\/wp-json\/wp\/v2\/pages\/55871","targetHints":{"allow":["GET"]}}],"collection":[{"href":"https:\/\/advbox.com.br\/blog\/wp-json\/wp\/v2\/pages"}],"about":[{"href":"https:\/\/advbox.com.br\/blog\/wp-json\/wp\/v2\/types\/page"}],"author":[{"embeddable":true,"href":"https:\/\/advbox.com.br\/blog\/wp-json\/wp\/v2\/users\/43"}],"replies":[{"embeddable":true,"href":"https:\/\/advbox.com.br\/blog\/wp-json\/wp\/v2\/comments?post=55871"}],"version-history":[{"count":6,"href":"https:\/\/advbox.com.br\/blog\/wp-json\/wp\/v2\/pages\/55871\/revisions"}],"predecessor-version":[{"id":79880,"href":"https:\/\/advbox.com.br\/blog\/wp-json\/wp\/v2\/pages\/55871\/revisions\/79880"}],"wp:featuredmedia":[{"embeddable":true,"href":"https:\/\/advbox.com.br\/blog\/wp-json\/wp\/v2\/media\/79776"}],"wp:attachment":[{"href":"https:\/\/advbox.com.br\/blog\/wp-json\/wp\/v2\/media?parent=55871"}],"curies":[{"name":"wp","href":"https:\/\/api.w.org\/{rel}","templated":true}]}}