{"id":55916,"date":"2023-07-16T16:34:07","date_gmt":"2023-07-16T19:34:07","guid":{"rendered":"https:\/\/advbox.com.br\/blog\/?page_id=55916"},"modified":"2025-09-24T14:11:33","modified_gmt":"2025-09-24T17:11:33","slug":"patrocinio-politica-e-regras","status":"publish","type":"page","link":"https:\/\/advbox.com.br\/blog\/patrocinio-politica-e-regras\/","title":{"rendered":"Patroc\u00ednio: pol\u00edtica e regras"},"content":{"rendered":"<p>O mercado jur\u00eddico \u00e9 movido por eventos que promovem a dissemina\u00e7\u00e3o de aprendizagens e informa\u00e7\u00f5es, promovem o networking e a discuss\u00e3o de teses jur\u00eddicas controversas. Anualmente, a ADVBOX tem recebido mais de 70 pedidos de patroc\u00ednio em dinheiro e mais de 100 pedidos para coloca\u00e7\u00e3o de stand ou participa\u00e7\u00e3o com palestrantes da empresa.<\/p>\n<p>Somos uma empresa jovem, lan\u00e7ada no mercado em 2017, e por isso ainda n\u00e3o temos pessoal suficiente para atender essa demanda. Da mesma forma que n\u00e3o podemos arcar com todos os pedidos de aporte financeiro solicitados, que, se colocar na ponta do l\u00e1pis, ultrapassa a marca de 1 milh\u00e3o de reais por ano.<\/p>\n<p>Por este motivo, definimos a pol\u00edtica de patroc\u00ednios e regras de participa\u00e7\u00e3o da seguinte forma:<\/p>\n<p>1\u00ba. A ADVBOX apenas ir\u00e1 patrocinar eventos promovidos por clientes da ADVBOX a mais de 1 ano, como forma de confian\u00e7a e reciprocidade, mas tamb\u00e9m por prezar pela veracidade na recomenda\u00e7\u00e3o da nossa marca para o p\u00fablico dos patrocinados. O patrocinado gostar da ADVBOX \u00e9 fundamental para iniciar a tratativa de patroc\u00ednio, tanto no software quanto da marca.<\/p>\n<p>2\u00ba A ADVBOX ir\u00e1 patrocinar apenas 1 evento do mesmo patrocinado ou grupo de patrocinados por ano, a fim de proporcionar mais abrang\u00eancia da marca, e somente no principal evento deste <a href=\"https:\/\/advbox.com.br\/blog\/top100-advogados\/\" target=\"_blank\">patrocinado ou grupo<\/a>.<\/p>\n<p>3\u00ba A ADVBOX ir\u00e1 priorizar comunidades, fraternidades ou grupos de influenciadores que s\u00e3o clientes da ADVBOX, desde que participem do programa de parceria da ADVBOX ativamente e cumpram com as diretrizes do programa.<\/p>\n<p>4\u00ba A ADVBOX sempre dever\u00e1 ingressar como patrocinador no ticket principal de patroc\u00ednio.<\/p>\n<p>5\u00ba \u00c9 indispens\u00e1vel que um representante da ADVBOX seja palestrante no evento, e os gastos de passagem, hospedagem, alimenta\u00e7\u00e3o e deslocamento do palestrante seja deduzidos do valor do patroc\u00ednio.<\/p>\n<p>6\u00ba A ADVBOX n\u00e3o patrocinar\u00e1 eventos em 1\u00aa Edi\u00e7\u00e3o, sendo necess\u00e1ria a apresenta\u00e7\u00e3o de resultados das edi\u00e7\u00f5es anteriores para avalia\u00e7\u00e3o do valor a ser aprovado para o patroc\u00ednio.<\/p>\n<p>7\u00ba A ADVBOX limita o valor dos patroc\u00ednios \u00e0 R$5.000,00, exceto o 1\u00ba patroc\u00ednio que ser\u00e1 limitado a R$3.000,00, resguardando o direito de dedu\u00e7\u00e3o dos custos do palestrante. \u00c9 poss\u00edvel negociar valores adicionais atrav\u00e9s de permuta com os produtos e servi\u00e7os da <a href=\"https:\/\/advbox.com.br\/software-juridico\" target=\"_blank\">ADVBOX<\/a>.<\/p>\n<p>8\u00ba A ADVBOX n\u00e3o patrocina eventos que tratem apenas de direito material e processual, sem que haja parte do conte\u00fado direcionado para Gest\u00e3o e\/ou Tecnologia Jur\u00eddica.<\/p>\n<p>9\u00ba A ADVBOX condiciona a participa\u00e7\u00e3o no evento ao fornecimento da lista de inscritos e ao aviso aos mesmos de que ser\u00e3o inscritos na lista de email da ADVBOX para receber not\u00edcias sobre tecnologia e gest\u00e3o jur\u00eddica.<\/p>\n<p>10\u00ba Mesmo que o pretenso patrocinado cumpra os requisitos acima, ser\u00e1 necess\u00e1rio avaliar se o calend\u00e1rio de eventos est\u00e1 com a data aberta, pois n\u00e3o patrocinamos eventos que ocorram na mesma data, bem como se h\u00e1 or\u00e7amento disponivel.<\/p>\n<p>\u00a0<\/p>\n","protected":false},"excerpt":{"rendered":"<p>O mercado jur\u00eddico \u00e9 movido por eventos que promovem a dissemina\u00e7\u00e3o de aprendizagens e informa\u00e7\u00f5es, promovem o networking e a discuss\u00e3o de teses jur\u00eddicas controversas. Anualmente, a ADVBOX tem recebido mais de 70 pedidos de patroc\u00ednio em dinheiro e mais de 100 pedidos para coloca\u00e7\u00e3o de stand ou participa\u00e7\u00e3o com [&hellip;]<\/p>\n","protected":false},"author":2,"featured_media":55711,"parent":0,"menu_order":0,"comment_status":"closed","ping_status":"closed","template":"","meta":{"_acf_changed":false,"om_disable_all_campaigns":false,"footnotes":""},"class_list":["post-55916","page","type-page","status-publish","has-post-thumbnail","hentry"],"acf":[],"yoast_head":"<!-- This site is optimized with the Yoast SEO plugin v26.9 - https:\/\/yoast.com\/product\/yoast-seo-wordpress\/ -->\n<title>Patroc\u00ednio ADVBOX: pol\u00edticas e regras<\/title>\n<meta name=\"description\" content=\"Patroc\u00ednios: Este documento tem o fim de padronizar as regras para a an\u00e1lise e concess\u00e3o de patroc\u00ednios da ADVBOX priorizando os clientes.\" \/>\n<meta name=\"robots\" content=\"index, follow, max-snippet:-1, max-image-preview:large, max-video-preview:-1\" \/>\n<link rel=\"canonical\" href=\"https:\/\/advbox.com.br\/blog\/patrocinio-politica-e-regras\/\" \/>\n<meta property=\"og:locale\" content=\"pt_BR\" \/>\n<meta property=\"og:type\" content=\"article\" \/>\n<meta property=\"og:title\" content=\"Patroc\u00ednio ADVBOX: pol\u00edticas e regras\" \/>\n<meta property=\"og:description\" content=\"Patroc\u00ednios: Este documento tem o fim de padronizar as regras para a an\u00e1lise e concess\u00e3o de patroc\u00ednios da ADVBOX priorizando os clientes.\" \/>\n<meta property=\"og:url\" content=\"https:\/\/advbox.com.br\/blog\/patrocinio-politica-e-regras\/\" \/>\n<meta property=\"og:site_name\" content=\"Software Jur\u00eddico Completo - ADVBOX\" \/>\n<meta property=\"article:publisher\" content=\"https:\/\/www.facebook.com\/advbox\/\" \/>\n<meta property=\"article:modified_time\" content=\"2025-09-24T17:11:33+00:00\" \/>\n<meta property=\"og:image\" content=\"https:\/\/advbox.com.br\/blog\/wp-content\/uploads\/2023\/07\/Categoria-Tecnologia-e-advocacia-digital.webp\" \/>\n\t<meta property=\"og:image:width\" content=\"1024\" \/>\n\t<meta property=\"og:image:height\" content=\"576\" \/>\n\t<meta property=\"og:image:type\" content=\"image\/webp\" \/>\n<meta name=\"twitter:card\" content=\"summary_large_image\" \/>\n<meta name=\"twitter:site\" content=\"@advbox2\" \/>\n<script type=\"application\/ld+json\" class=\"yoast-schema-graph\">{\"@context\":\"https:\/\/schema.org\",\"@graph\":[{\"@type\":\"WebPage\",\"@id\":\"https:\/\/advbox.com.br\/blog\/patrocinio-politica-e-regras\/\",\"url\":\"https:\/\/advbox.com.br\/blog\/patrocinio-politica-e-regras\/\",\"name\":\"Patroc\u00ednio ADVBOX: pol\u00edticas e regras\",\"isPartOf\":{\"@id\":\"https:\/\/advbox.com.br\/blog\/#website\"},\"primaryImageOfPage\":{\"@id\":\"https:\/\/advbox.com.br\/blog\/patrocinio-politica-e-regras\/#primaryimage\"},\"image\":{\"@id\":\"https:\/\/advbox.com.br\/blog\/patrocinio-politica-e-regras\/#primaryimage\"},\"thumbnailUrl\":\"https:\/\/advbox.com.br\/blog\/wp-content\/uploads\/2023\/07\/Categoria-Tecnologia-e-advocacia-digital.webp\",\"datePublished\":\"2023-07-16T19:34:07+00:00\",\"dateModified\":\"2025-09-24T17:11:33+00:00\",\"description\":\"Patroc\u00ednios: Este documento tem o fim de padronizar as regras para a an\u00e1lise e concess\u00e3o de patroc\u00ednios da ADVBOX priorizando os clientes.\",\"breadcrumb\":{\"@id\":\"https:\/\/advbox.com.br\/blog\/patrocinio-politica-e-regras\/#breadcrumb\"},\"inLanguage\":\"pt-BR\",\"potentialAction\":[{\"@type\":\"ReadAction\",\"target\":[\"https:\/\/advbox.com.br\/blog\/patrocinio-politica-e-regras\/\"]}]},{\"@type\":\"ImageObject\",\"inLanguage\":\"pt-BR\",\"@id\":\"https:\/\/advbox.com.br\/blog\/patrocinio-politica-e-regras\/#primaryimage\",\"url\":\"https:\/\/advbox.com.br\/blog\/wp-content\/uploads\/2023\/07\/Categoria-Tecnologia-e-advocacia-digital.webp\",\"contentUrl\":\"https:\/\/advbox.com.br\/blog\/wp-content\/uploads\/2023\/07\/Categoria-Tecnologia-e-advocacia-digital.webp\",\"width\":1024,\"height\":576,\"caption\":\"Categoria - Tecnologia e advocacia digital patrocinio\"},{\"@type\":\"BreadcrumbList\",\"@id\":\"https:\/\/advbox.com.br\/blog\/patrocinio-politica-e-regras\/#breadcrumb\",\"itemListElement\":[{\"@type\":\"ListItem\",\"position\":1,\"name\":\"In\u00edcio\",\"item\":\"https:\/\/advbox.com.br\/blog\/\"},{\"@type\":\"ListItem\",\"position\":2,\"name\":\"Patroc\u00ednio: pol\u00edtica e regras\"}]},{\"@type\":\"WebSite\",\"@id\":\"https:\/\/advbox.com.br\/blog\/#website\",\"url\":\"https:\/\/advbox.com.br\/blog\/\",\"name\":\"Software Jur\u00eddico Completo - ADVBOX\",\"description\":\"Plataforma para Advocacia Digital\",\"publisher\":{\"@id\":\"https:\/\/advbox.com.br\/blog\/#organization\"},\"potentialAction\":[{\"@type\":\"SearchAction\",\"target\":{\"@type\":\"EntryPoint\",\"urlTemplate\":\"https:\/\/advbox.com.br\/blog\/?s={search_term_string}\"},\"query-input\":{\"@type\":\"PropertyValueSpecification\",\"valueRequired\":true,\"valueName\":\"search_term_string\"}}],\"inLanguage\":\"pt-BR\"},{\"@type\":\"Organization\",\"@id\":\"https:\/\/advbox.com.br\/blog\/#organization\",\"name\":\"ADVBOX Blog - Software jur\u00eddico da advocacia digital\",\"url\":\"https:\/\/advbox.com.br\/blog\/\",\"logo\":{\"@type\":\"ImageObject\",\"inLanguage\":\"pt-BR\",\"@id\":\"https:\/\/advbox.com.br\/blog\/#\/schema\/logo\/image\/\",\"url\":\"https:\/\/advbox.com.br\/blog\/wp-content\/uploads\/2019\/12\/Como-aumentar-a-produtividade_.jpg\",\"contentUrl\":\"https:\/\/advbox.com.br\/blog\/wp-content\/uploads\/2019\/12\/Como-aumentar-a-produtividade_.jpg\",\"width\":320,\"height\":213,\"caption\":\"ADVBOX Blog - Software jur\u00eddico da advocacia digital\"},\"image\":{\"@id\":\"https:\/\/advbox.com.br\/blog\/#\/schema\/logo\/image\/\"},\"sameAs\":[\"https:\/\/www.facebook.com\/advbox\/\",\"https:\/\/x.com\/advbox2\"]}]}<\/script>\n<!-- \/ Yoast SEO plugin. -->","yoast_head_json":{"title":"Patroc\u00ednio ADVBOX: pol\u00edticas e regras","description":"Patroc\u00ednios: Este documento tem o fim de padronizar as regras para a an\u00e1lise e concess\u00e3o de patroc\u00ednios da ADVBOX priorizando os clientes.","robots":{"index":"index","follow":"follow","max-snippet":"max-snippet:-1","max-image-preview":"max-image-preview:large","max-video-preview":"max-video-preview:-1"},"canonical":"https:\/\/advbox.com.br\/blog\/patrocinio-politica-e-regras\/","og_locale":"pt_BR","og_type":"article","og_title":"Patroc\u00ednio ADVBOX: pol\u00edticas e regras","og_description":"Patroc\u00ednios: Este documento tem o fim de padronizar as regras para a an\u00e1lise e concess\u00e3o de patroc\u00ednios da ADVBOX priorizando os clientes.","og_url":"https:\/\/advbox.com.br\/blog\/patrocinio-politica-e-regras\/","og_site_name":"Software Jur\u00eddico Completo - ADVBOX","article_publisher":"https:\/\/www.facebook.com\/advbox\/","article_modified_time":"2025-09-24T17:11:33+00:00","og_image":[{"width":1024,"height":576,"url":"https:\/\/advbox.com.br\/blog\/wp-content\/uploads\/2023\/07\/Categoria-Tecnologia-e-advocacia-digital.webp","type":"image\/webp"}],"twitter_card":"summary_large_image","twitter_site":"@advbox2","schema":{"@context":"https:\/\/schema.org","@graph":[{"@type":"WebPage","@id":"https:\/\/advbox.com.br\/blog\/patrocinio-politica-e-regras\/","url":"https:\/\/advbox.com.br\/blog\/patrocinio-politica-e-regras\/","name":"Patroc\u00ednio ADVBOX: pol\u00edticas e regras","isPartOf":{"@id":"https:\/\/advbox.com.br\/blog\/#website"},"primaryImageOfPage":{"@id":"https:\/\/advbox.com.br\/blog\/patrocinio-politica-e-regras\/#primaryimage"},"image":{"@id":"https:\/\/advbox.com.br\/blog\/patrocinio-politica-e-regras\/#primaryimage"},"thumbnailUrl":"https:\/\/advbox.com.br\/blog\/wp-content\/uploads\/2023\/07\/Categoria-Tecnologia-e-advocacia-digital.webp","datePublished":"2023-07-16T19:34:07+00:00","dateModified":"2025-09-24T17:11:33+00:00","description":"Patroc\u00ednios: Este documento tem o fim de padronizar as regras para a an\u00e1lise e concess\u00e3o de patroc\u00ednios da ADVBOX priorizando os clientes.","breadcrumb":{"@id":"https:\/\/advbox.com.br\/blog\/patrocinio-politica-e-regras\/#breadcrumb"},"inLanguage":"pt-BR","potentialAction":[{"@type":"ReadAction","target":["https:\/\/advbox.com.br\/blog\/patrocinio-politica-e-regras\/"]}]},{"@type":"ImageObject","inLanguage":"pt-BR","@id":"https:\/\/advbox.com.br\/blog\/patrocinio-politica-e-regras\/#primaryimage","url":"https:\/\/advbox.com.br\/blog\/wp-content\/uploads\/2023\/07\/Categoria-Tecnologia-e-advocacia-digital.webp","contentUrl":"https:\/\/advbox.com.br\/blog\/wp-content\/uploads\/2023\/07\/Categoria-Tecnologia-e-advocacia-digital.webp","width":1024,"height":576,"caption":"Categoria - Tecnologia e advocacia digital patrocinio"},{"@type":"BreadcrumbList","@id":"https:\/\/advbox.com.br\/blog\/patrocinio-politica-e-regras\/#breadcrumb","itemListElement":[{"@type":"ListItem","position":1,"name":"In\u00edcio","item":"https:\/\/advbox.com.br\/blog\/"},{"@type":"ListItem","position":2,"name":"Patroc\u00ednio: pol\u00edtica e regras"}]},{"@type":"WebSite","@id":"https:\/\/advbox.com.br\/blog\/#website","url":"https:\/\/advbox.com.br\/blog\/","name":"Software Jur\u00eddico Completo - ADVBOX","description":"Plataforma para Advocacia Digital","publisher":{"@id":"https:\/\/advbox.com.br\/blog\/#organization"},"potentialAction":[{"@type":"SearchAction","target":{"@type":"EntryPoint","urlTemplate":"https:\/\/advbox.com.br\/blog\/?s={search_term_string}"},"query-input":{"@type":"PropertyValueSpecification","valueRequired":true,"valueName":"search_term_string"}}],"inLanguage":"pt-BR"},{"@type":"Organization","@id":"https:\/\/advbox.com.br\/blog\/#organization","name":"ADVBOX Blog - Software jur\u00eddico da advocacia digital","url":"https:\/\/advbox.com.br\/blog\/","logo":{"@type":"ImageObject","inLanguage":"pt-BR","@id":"https:\/\/advbox.com.br\/blog\/#\/schema\/logo\/image\/","url":"https:\/\/advbox.com.br\/blog\/wp-content\/uploads\/2019\/12\/Como-aumentar-a-produtividade_.jpg","contentUrl":"https:\/\/advbox.com.br\/blog\/wp-content\/uploads\/2019\/12\/Como-aumentar-a-produtividade_.jpg","width":320,"height":213,"caption":"ADVBOX Blog - Software jur\u00eddico da advocacia digital"},"image":{"@id":"https:\/\/advbox.com.br\/blog\/#\/schema\/logo\/image\/"},"sameAs":["https:\/\/www.facebook.com\/advbox\/","https:\/\/x.com\/advbox2"]}]}},"_links":{"self":[{"href":"https:\/\/advbox.com.br\/blog\/wp-json\/wp\/v2\/pages\/55916","targetHints":{"allow":["GET"]}}],"collection":[{"href":"https:\/\/advbox.com.br\/blog\/wp-json\/wp\/v2\/pages"}],"about":[{"href":"https:\/\/advbox.com.br\/blog\/wp-json\/wp\/v2\/types\/page"}],"author":[{"embeddable":true,"href":"https:\/\/advbox.com.br\/blog\/wp-json\/wp\/v2\/users\/2"}],"replies":[{"embeddable":true,"href":"https:\/\/advbox.com.br\/blog\/wp-json\/wp\/v2\/comments?post=55916"}],"version-history":[{"count":1,"href":"https:\/\/advbox.com.br\/blog\/wp-json\/wp\/v2\/pages\/55916\/revisions"}],"predecessor-version":[{"id":55917,"href":"https:\/\/advbox.com.br\/blog\/wp-json\/wp\/v2\/pages\/55916\/revisions\/55917"}],"wp:featuredmedia":[{"embeddable":true,"href":"https:\/\/advbox.com.br\/blog\/wp-json\/wp\/v2\/media\/55711"}],"wp:attachment":[{"href":"https:\/\/advbox.com.br\/blog\/wp-json\/wp\/v2\/media?parent=55916"}],"curies":[{"name":"wp","href":"https:\/\/api.w.org\/{rel}","templated":true}]}}