{"id":56425,"date":"2025-02-14T11:18:20","date_gmt":"2025-02-14T14:18:20","guid":{"rendered":"https:\/\/advbox.com.br\/blog\/?page_id=56425"},"modified":"2026-02-23T15:21:44","modified_gmt":"2026-02-23T18:21:44","slug":"art-43-cpc","status":"publish","type":"page","link":"https:\/\/advbox.com.br\/blog\/art-43-cpc\/","title":{"rendered":"Artigo 43 CPC: o que diz sobre perpetua\u00e7\u00e3o da compet\u00eancia?"},"content":{"rendered":"\n<p>O <a href=\"https:\/\/advbox.com.br\/blog\/cpc-codigo-de-processo-civil\/\" target=\"_blank\">C\u00f3digo de Processo Civil (CPC)<\/a> \u00e9, sem d\u00favida, uma pe\u00e7a fundamental na engrenagem jur\u00eddica brasileira. Representando um conjunto bem estruturado de normas e princ\u00edpios, ele tem como objetivo regular o procedimento jur\u00eddico civil em territ\u00f3rio nacional.<\/p>\n\n\n\n<p>Dentro desse vasto c\u00f3digo, art 43 CPC destaca-se de maneira especial, servindo como base para uma melhor compreens\u00e3o do conceito e da pr\u00e1tica da perpetuatio jurisdictionis no cen\u00e1rio do direito processual.<\/p>\n\n\n\n<h2 class=\"wp-block-heading\">O que diz o artigo 43 do CPC?<\/h2>\n\n\n\n<p>O artigo 43 CPC <strong>fala sobre o princ\u00edpio da perpetuatio jurisdictionis, ou seja, a perpetua\u00e7\u00e3o da jurisdi\u00e7\u00e3o<\/strong>. Ao consolidar a compet\u00eancia no momento da propositura da a\u00e7\u00e3o, busca-se evitar indecis\u00f5es e garantir maior previsibilidade aos litigantes sobre qual ser\u00e1 o \u00f3rg\u00e3o julgador da sua demanda. Esta regra, contudo, n\u00e3o \u00e9 inflex\u00edvel. <\/p>\n\n\n\n<p>O pr\u00f3prio C\u00f3digo de Processo Civil prev\u00ea situa\u00e7\u00f5es nas quais a compet\u00eancia pode ser alterada mesmo ap\u00f3s a propositura da a\u00e7\u00e3o.<\/p>\n\n\n\n<p>Mas s\u00e3o exce\u00e7\u00f5es, previstas para casos espec\u00edficos, que buscam se adaptar a realidades mut\u00e1veis, como a extin\u00e7\u00e3o de uma vara ou a redefini\u00e7\u00e3o de compet\u00eancias por mat\u00e9ria ou hierarquia. A l\u00f3gica por tr\u00e1s do art 43 cpc \u00e9 clara: proporcionar seguran\u00e7a jur\u00eddica, sendo uma pe\u00e7a-chave para o adequado funcionamento do sistema judici\u00e1rio brasileiro.<\/p>\n\n\n\n<p>O artigo 43 do CPC assegura que, uma vez definida a jurisdi\u00e7\u00e3o competente, o processo seguir\u00e1 sob aquela autoridade at\u00e9 seu desfecho, salvo exce\u00e7\u00f5es. Isso evita manobras protelat\u00f3rias e garante maior celeridade ao processo, equilibrando estabilidade e flexibilidade dentro do sistema judici\u00e1rio. Agora, vamos analisar o que diz o artigo em quest\u00e3o e como ele contribui para a garantia da justi\u00e7a.<\/p>\n\n\n\n<p><em>Art. 43. Determina-se a compet\u00eancia no momento do registro ou da distribui\u00e7\u00e3o da peti\u00e7\u00e3o inicial, sendo irrelevantes as modifica\u00e7\u00f5es do estado de fato ou de direito ocorridas posteriormente, salvo quando suprimirem \u00f3rg\u00e3o judici\u00e1rio ou alterarem a compet\u00eancia absoluta.<\/em><\/p>\n\n\n\n<h2 class=\"wp-block-heading\">O que significa perpetua\u00e7\u00e3o da compet\u00eancia?<\/h2>\n\n\n\n<p><strong>A perpetua\u00e7\u00e3o da compet\u00eancia \u00e9 um conceito utilizado no direito, especialmente em contextos relacionados ao processo judicial. <\/strong>Com isso, se refere \u00e0 continuidade da autoridade ou compet\u00eancia de um tribunal ou \u00f3rg\u00e3o para julgar um determinado caso.&nbsp;<\/p>\n\n\n\n<p>Em termos mais simples, a perpetua\u00e7\u00e3o da compet\u00eancia significa que, uma vez que determinado tribunal ou inst\u00e2ncia tenha sido definido para julgar um caso, ele continuar\u00e1 sendo o respons\u00e1vel por decidir sobre a quest\u00e3o, mesmo que fatores como altera\u00e7\u00f5es no contexto ou mudan\u00e7as processuais aconte\u00e7am.<\/p>\n\n\n\n<p>Portanto, esse conceito \u00e9 importante para garantir que um processo judicial n\u00e3o sofra interrup\u00e7\u00f5es ou atrasos indevidos. Consequentemente, mant\u00e9m a estabilidade e a continuidade da decis\u00e3o dentro da mesma inst\u00e2ncia, at\u00e9 que o julgamento seja conclu\u00eddo.<\/p>\n\n\n\n<h2 class=\"wp-block-heading\">Quando se d\u00e1 a perpetua\u00e7\u00e3o da jurisdi\u00e7\u00e3o?<\/h2>\n\n\n\n<p><strong>A perpetua\u00e7\u00e3o da jurisdi\u00e7\u00e3o ocorre quando a peti\u00e7\u00e3o inicial \u00e9 registrada ou distribu\u00edda, momento em que se define a compet\u00eancia do ju\u00edzo para julgar o caso, garantindo que essa compet\u00eancia n\u00e3o ser\u00e1 alterada durante o processo.<\/strong><\/p>\n\n\n\n<p>O princ\u00edpio da perpetua\u00e7\u00e3o da jurisdi\u00e7\u00e3o garante que, uma vez definida a compet\u00eancia do ju\u00edzo, ela n\u00e3o ser\u00e1 alterada durante o processo. Isso cria um ambiente jur\u00eddico est\u00e1vel, evitando mudan\u00e7as inesperadas que possam gerar inseguran\u00e7a para as partes e prejudicar a confian\u00e7a no sistema judici\u00e1rio.<\/p>\n\n\n\n<p>Manter a compet\u00eancia jurisdicional est\u00e1vel proporciona transpar\u00eancia, pois as partes sabem exatamente qual \u00f3rg\u00e3o judici\u00e1rio \u00e9 respons\u00e1vel pelo caso. Al\u00e9m disso, resguarda a imparcialidade da justi\u00e7a, evitando que mudan\u00e7as frequentes possam levar \u00e0 percep\u00e7\u00e3o de manipula\u00e7\u00e3o ou parcialidade.<\/p>\n\n\n\n<p>Em resumo, a perpetua\u00e7\u00e3o da jurisdi\u00e7\u00e3o assegura que o processo siga seu curso sem contratempos, promovendo uma justi\u00e7a imparcial e garantindo que as partes n\u00e3o sofram preju\u00edzos decorrentes de altera\u00e7\u00f5es inesperadas.<\/p>\n\n\n\n<h3 class=\"wp-block-heading\">Quais as exce\u00e7\u00f5es \u00e0 regra da perpetua\u00e7\u00e3o da compet\u00eancia?<\/h3>\n\n\n\n<p>As exce\u00e7\u00f5es \u00e0 regra da perpetua\u00e7\u00e3o da compet\u00eancia variam conforme o sistema jur\u00eddico, mas <strong>geralmente envolvem situa\u00e7\u00f5es onde, por motivos espec\u00edficos, o tribunal ou inst\u00e2ncia original perde sua compet\u00eancia para julgar um caso<\/strong>. Algumas das exce\u00e7\u00f5es mais comuns s\u00e3o:<\/p>\n\n\n\n<ul class=\"wp-block-list has-small-font-size\">\n<li><strong>Mudan\u00e7a de compet\u00eancia territorial:<\/strong> em algumas situa\u00e7\u00f5es, a compet\u00eancia do tribunal pode ser alterada por motivos de foro;<\/li>\n\n\n\n<li><strong>Decl\u00ednio de compet\u00eancia: <\/strong>quando um tribunal reconhece que n\u00e3o possui compet\u00eancia para julgar o caso, ele pode declinar a jurisdi\u00e7\u00e3o em favor de outro \u00f3rg\u00e3o ou tribunal que tenha a compet\u00eancia adequada;<\/li>\n\n\n\n<li><strong>Inst\u00e2ncias superiores:<\/strong> quando um tribunal de inst\u00e2ncia superior determina que o caso deve ser julgado por outra inst\u00e2ncia;<\/li>\n\n\n\n<li><strong>Modifica\u00e7\u00e3o da mat\u00e9ria: <\/strong>se a natureza da a\u00e7\u00e3o muda substancialmente, a compet\u00eancia tamb\u00e9m pode ser transferida para a inst\u00e2ncia apropriada;<\/li>\n\n\n\n<li><strong>Prescri\u00e7\u00e3o ou decad\u00eancia: <\/strong>se o direito de a\u00e7\u00e3o for extinto por <a href=\"https:\/\/advbox.com.br\/blog\/diferenca-entre-prescricao-e-decadencia\/\" target=\"_blank\">prescri\u00e7\u00e3o ou decad\u00eancia<\/a>, o tribunal perde a compet\u00eancia para continuar o julgamento, sendo o processo extinto;<\/li>\n\n\n\n<li><strong>Compet\u00eancia funcional:<\/strong> alguns tribunais t\u00eam compet\u00eancia para casos espec\u00edficos ou tipos de a\u00e7\u00f5es, como tribunais especializados em quest\u00f5es fiscais, trabalhistas, etc.&nbsp;<\/li>\n<\/ul>\n\n\n\n<h2 class=\"wp-block-heading\">Qual a diferen\u00e7a entre compet\u00eancia absoluta e relativa?<\/h2>\n\n\n\n<p>No contexto jur\u00eddico, compet\u00eancia \u00e9 a capacidade legal dada a um \u00f3rg\u00e3o judici\u00e1rio para julgar certos assuntos. Ela atua como filtro, direcionando processos ao tribunal apropriado.<\/p>\n\n\n\n<p>A determina\u00e7\u00e3o da compet\u00eancia n\u00e3o \u00e9 arbitr\u00e1ria, mas sim fundamentada em regras e crit\u00e9rios estabelecidos pela legisla\u00e7\u00e3o.<\/p>\n\n\n\n<p>Estas regras t\u00eam como objetivo evitar conflitos de compet\u00eancia entre diferentes \u00f3rg\u00e3os judiciais, proporcionando uma organiza\u00e7\u00e3o mais sistem\u00e1tica e eficiente para a tramita\u00e7\u00e3o dos processos judiciais.<\/p>\n\n\n\n<p>Ao definir de antem\u00e3o quem deve julgar o qu\u00ea, o ordenamento jur\u00eddico busca garantir maior celeridade, seguran\u00e7a e justi\u00e7a nas decis\u00f5es proferidas.<\/p>\n\n\n\n<p>Em termos simplificados, a compet\u00eancia determina os limites da atua\u00e7\u00e3o de cada entidade do <a href=\"https:\/\/advbox.com.br\/blog\/estrutura-do-poder-judiciario\/\" target=\"_blank\">Poder Judici\u00e1rio<\/a>.<\/p>\n\n\n\n<p>Cada vara, tribunal ou ju\u00edzo tem uma \u00e1rea de atua\u00e7\u00e3o definida, e \u00e9 dentro dessa \u00e1rea que eles exercem sua autoridade e tomam suas decis\u00f5es.<\/p>\n\n\n\n<p>Isso evita, por exemplo, que quest\u00f5es trabalhistas sejam julgadas por um juiz especializado em direito de fam\u00edlia ou que um ju\u00edzo estadual julgue quest\u00f5es que s\u00e3o de compet\u00eancia da Justi\u00e7a Federal.<\/p>\n\n\n\n<p>No que tange \u00e0s categorias de compet\u00eancia, absoluta e relativa, elas representam duas subdivis\u00f5es desse crit\u00e9rio e possuem caracter\u00edsticas e fundamentos distintos, os quais ser\u00e3o abordados detalhadamente a seguir.<\/p>\n\n\n\n<h3 class=\"wp-block-heading\">Compet\u00eancia absoluta<\/h3>\n\n\n\n<p><strong>A compet\u00eancia absoluta<\/strong> <strong>mant\u00e9m-se imut\u00e1vel e imperativa. Estabelece-se ela, sobretudo, com base na natureza da mat\u00e9ria em discuss\u00e3o e na identidade ou fun\u00e7\u00e3o das partes envolvidas. Sua rigidez destaca essa compet\u00eancia: mesmo que as partes queiram, n\u00e3o se pode alter\u00e1-la.<\/strong><\/p>\n\n\n\n<p>O motivo principal reside na necessidade de proteger os interesses p\u00fablicos. Tome-se como exemplo as quest\u00f5es ligadas aos <a href=\"https:\/\/advbox.com.br\/blog\/atraindo-clientes-direito-da-familia\/\" target=\"_blank\">direitos de fam\u00edlia<\/a>.<\/p>\n\n\n\n<p>Devido \u00e0 sua sensibilidade, geralmente se delega a varas ou tribunais especializados, mais experientes no assunto.<\/p>\n\n\n\n<p>Portanto, caso algu\u00e9m proponha uma <a href=\"https:\/\/advbox.com.br\/blog\/modelos\/acao-de-divorcio-litigioso\/\" target=\"_blank\">a\u00e7\u00e3o de div\u00f3rcio<\/a> em uma vara c\u00edvel comum, a incompet\u00eancia absoluta pode anular o processo, j\u00e1 que essa vara n\u00e3o det\u00e9m a compet\u00eancia para julgar assuntos familiares.<\/p>\n\n\n\n<h3 class=\"wp-block-heading\">Compet\u00eancia relativa<\/h3>\n\n\n\n<p><strong>Ao contr\u00e1rio da compet\u00eancia absoluta, a compet\u00eancia relativa tem um car\u00e1ter mais flex\u00edvel. Baseia-se, em grande parte, no <\/strong><a href=\"https:\/\/advbox.com.br\/blog\/valor-da-causa\/\" target=\"_blank\"><strong>valor da causa<\/strong><\/a><strong> em disputa ou no territ\u00f3rio onde se originou a a\u00e7\u00e3o. O seu diferencial \u00e9 que, mesmo quando n\u00e3o respeitada, n\u00e3o resulta automaticamente na nulidade do processo.<\/strong><\/p>\n\n\n\n<p>Se uma das partes alegar a incompet\u00eancia relativa a tempo, \u00e9 poss\u00edvel transferir o processo para o ju\u00edzo correto sem anul\u00e1-lo.<\/p>\n\n\n\n<p>Enquanto a compet\u00eancia absoluta defende os interesses p\u00fablicos e garante que \u00f3rg\u00e3os especializados julguem certos temas, a compet\u00eancia relativa proporciona maior flexibilidade, ajustando-se \u00e0 vontade das partes e \u00e0s circunst\u00e2ncias espec\u00edficas.<\/p>\n\n\n\n<h2 class=\"wp-block-heading\">Conclus\u00e3o<\/h2>\n\n\n\n<p>Compreender a diferen\u00e7a entre compet\u00eancia absoluta e relativa \u00e9 fundamental para os profissionais do Direito.<\/p>\n\n\n\n<p>A compet\u00eancia absoluta destaca-se pela sua rigidez, voltada \u00e0 prote\u00e7\u00e3o do interesse p\u00fablico e \u00e0 garantia de que especialistas se debrucem sobre temas espec\u00edficos.<\/p>\n\n\n\n<p>Por outro lado, a compet\u00eancia relativa traz consigo uma adaptabilidade, valorizando acordos entre as partes e ajustando-se \u00e0s nuances de cada situa\u00e7\u00e3o.<\/p>\n\n\n\n<p>Ambas, por\u00e9m, desempenham pap\u00e9is cruciais no cen\u00e1rio jur\u00eddico nacional, assegurando que a justi\u00e7a seja aplicada de forma eficaz e \u00edntegra. Para quem atua na \u00e1rea jur\u00eddica, dominar tais conceitos \u00e9 crucial, visto que est\u00e3o no cerne de uma justi\u00e7a transparente e eficiente no Brasil.<\/p>\n\n\n\n<p>A <a href=\"https:\/\/advbox.com.br\/software-juridico\" target=\"_blank\">ADVBOX<\/a> estrutura a gest\u00e3o do escrit\u00f3rio para advogados que buscam produtividade, organiza\u00e7\u00e3o e controle real dos processos. A plataforma combina automa\u00e7\u00e3o inteligente com um banco estrat\u00e9gico de mais de 15 mil peti\u00e7\u00f5es, garantindo consist\u00eancia jur\u00eddica, efici\u00eancia operacional e seguran\u00e7a na atua\u00e7\u00e3o.<\/p>\n\n\n\n<p><a href=\"https:\/\/app.advbox.com.br\/register\" target=\"_blank\">Experimente a plataforma<\/a> e transforme produ\u00e7\u00e3o jur\u00eddica em uma opera\u00e7\u00e3o previs\u00edvel e profissional.<\/p>\n\n\n\n<figure class=\"wp-block-image size-full\"><a href=\"https:\/\/advbox.com.br\/blog\/como-automatizar-seus-modelos-de-peticoes\/\" target=\"_blank\"><img fetchpriority=\"high\" decoding=\"async\" width=\"1024\" height=\"270\" src=\"https:\/\/advbox.com.br\/blog\/wp-content\/uploads\/2025\/12\/CTA-REBRANDING-17.webp\" alt=\"Banner com imagem ilustrativa de peti\u00e7\u00f5es automatizadas, destacando redu\u00e7\u00e3o de erros e ganho de escala na automa\u00e7\u00e3o jur\u00eddica para advogados\" class=\"wp-image-79760\" srcset=\"https:\/\/advbox.com.br\/blog\/wp-content\/uploads\/2025\/12\/CTA-REBRANDING-17.webp 1024w, https:\/\/advbox.com.br\/blog\/wp-content\/uploads\/2025\/12\/CTA-REBRANDING-17-500x132.webp 500w, https:\/\/advbox.com.br\/blog\/wp-content\/uploads\/2025\/12\/CTA-REBRANDING-17-768x203.webp 768w, https:\/\/advbox.com.br\/blog\/wp-content\/uploads\/2025\/12\/CTA-REBRANDING-17-150x40.webp 150w\" sizes=\"(max-width: 1024px) 100vw, 1024px\" \/><\/a><\/figure>\n","protected":false},"excerpt":{"rendered":"<p>O C\u00f3digo de Processo Civil (CPC) \u00e9, sem d\u00favida, uma pe\u00e7a fundamental na engrenagem jur\u00eddica brasileira. Representando um conjunto bem estruturado de normas e princ\u00edpios, ele tem como objetivo regular o procedimento jur\u00eddico civil em territ\u00f3rio nacional. Dentro desse vasto c\u00f3digo, art 43 CPC destaca-se de maneira especial, servindo como [&hellip;]<\/p>\n","protected":false},"author":43,"featured_media":79776,"parent":0,"menu_order":0,"comment_status":"closed","ping_status":"closed","template":"","meta":{"_acf_changed":false,"om_disable_all_campaigns":false,"footnotes":""},"class_list":["post-56425","page","type-page","status-publish","has-post-thumbnail","hentry"],"acf":[],"yoast_head":"<!-- This site is optimized with the Yoast SEO plugin v26.9 - https:\/\/yoast.com\/product\/yoast-seo-wordpress\/ -->\n<title>Artigo 43 CPC: o que diz sobre perpetua\u00e7\u00e3o da compet\u00eancia?<\/title>\n<meta name=\"description\" content=\"Entenda o que diz o artigo 43 do CPC. Saiba o que significa perpetua\u00e7\u00e3o da compet\u00eancia, exce\u00e7\u00f5es e diferen\u00e7a entre compet\u00eancia absoluta e relativa.\" \/>\n<meta name=\"robots\" content=\"index, follow, max-snippet:-1, max-image-preview:large, max-video-preview:-1\" \/>\n<link rel=\"canonical\" href=\"https:\/\/advbox.com.br\/blog\/art-43-cpc\/\" \/>\n<meta property=\"og:locale\" content=\"pt_BR\" \/>\n<meta property=\"og:type\" content=\"article\" \/>\n<meta property=\"og:title\" content=\"Artigo 43 CPC: o que diz sobre perpetua\u00e7\u00e3o da compet\u00eancia?\" \/>\n<meta property=\"og:description\" content=\"Entenda o que diz o artigo 43 do CPC. Saiba o que significa perpetua\u00e7\u00e3o da compet\u00eancia, exce\u00e7\u00f5es e diferen\u00e7a entre compet\u00eancia absoluta e relativa.\" \/>\n<meta property=\"og:url\" content=\"https:\/\/advbox.com.br\/blog\/art-43-cpc\/\" \/>\n<meta property=\"og:site_name\" content=\"Software Jur\u00eddico Completo - ADVBOX\" \/>\n<meta property=\"article:publisher\" content=\"https:\/\/www.facebook.com\/advbox\/\" \/>\n<meta property=\"article:modified_time\" content=\"2026-02-23T18:21:44+00:00\" \/>\n<meta property=\"og:image\" content=\"https:\/\/advbox.com.br\/blog\/wp-content\/uploads\/2025\/12\/sobrestamento-1.jpg\" \/>\n\t<meta property=\"og:image:width\" content=\"1024\" \/>\n\t<meta property=\"og:image:height\" content=\"576\" \/>\n\t<meta property=\"og:image:type\" content=\"image\/jpeg\" \/>\n<meta name=\"twitter:card\" content=\"summary_large_image\" \/>\n<meta name=\"twitter:site\" content=\"@advbox2\" \/>\n<script type=\"application\/ld+json\" class=\"yoast-schema-graph\">{\"@context\":\"https:\/\/schema.org\",\"@graph\":[{\"@type\":\"WebPage\",\"@id\":\"https:\/\/advbox.com.br\/blog\/art-43-cpc\/\",\"url\":\"https:\/\/advbox.com.br\/blog\/art-43-cpc\/\",\"name\":\"Artigo 43 CPC: o que diz sobre perpetua\u00e7\u00e3o da compet\u00eancia?\",\"isPartOf\":{\"@id\":\"https:\/\/advbox.com.br\/blog\/#website\"},\"primaryImageOfPage\":{\"@id\":\"https:\/\/advbox.com.br\/blog\/art-43-cpc\/#primaryimage\"},\"image\":{\"@id\":\"https:\/\/advbox.com.br\/blog\/art-43-cpc\/#primaryimage\"},\"thumbnailUrl\":\"https:\/\/advbox.com.br\/blog\/wp-content\/uploads\/2025\/12\/sobrestamento-1.jpg\",\"datePublished\":\"2025-02-14T14:18:20+00:00\",\"dateModified\":\"2026-02-23T18:21:44+00:00\",\"description\":\"Entenda o que diz o artigo 43 do CPC. Saiba o que significa perpetua\u00e7\u00e3o da compet\u00eancia, exce\u00e7\u00f5es e diferen\u00e7a entre compet\u00eancia absoluta e relativa.\",\"breadcrumb\":{\"@id\":\"https:\/\/advbox.com.br\/blog\/art-43-cpc\/#breadcrumb\"},\"inLanguage\":\"pt-BR\",\"potentialAction\":[{\"@type\":\"ReadAction\",\"target\":[\"https:\/\/advbox.com.br\/blog\/art-43-cpc\/\"]}]},{\"@type\":\"ImageObject\",\"inLanguage\":\"pt-BR\",\"@id\":\"https:\/\/advbox.com.br\/blog\/art-43-cpc\/#primaryimage\",\"url\":\"https:\/\/advbox.com.br\/blog\/wp-content\/uploads\/2025\/12\/sobrestamento-1.jpg\",\"contentUrl\":\"https:\/\/advbox.com.br\/blog\/wp-content\/uploads\/2025\/12\/sobrestamento-1.jpg\",\"width\":1024,\"height\":576,\"caption\":\"Banner institucional da ADVBOX com elemento visual abstrato em tons de azul, representando estrutura, tecnologia e identidade visual da marca\"},{\"@type\":\"BreadcrumbList\",\"@id\":\"https:\/\/advbox.com.br\/blog\/art-43-cpc\/#breadcrumb\",\"itemListElement\":[{\"@type\":\"ListItem\",\"position\":1,\"name\":\"In\u00edcio\",\"item\":\"https:\/\/advbox.com.br\/blog\/\"},{\"@type\":\"ListItem\",\"position\":2,\"name\":\"Artigo 43 CPC: o que diz sobre perpetua\u00e7\u00e3o da compet\u00eancia?\"}]},{\"@type\":\"WebSite\",\"@id\":\"https:\/\/advbox.com.br\/blog\/#website\",\"url\":\"https:\/\/advbox.com.br\/blog\/\",\"name\":\"Software Jur\u00eddico Completo - ADVBOX\",\"description\":\"Plataforma para Advocacia Digital\",\"publisher\":{\"@id\":\"https:\/\/advbox.com.br\/blog\/#organization\"},\"potentialAction\":[{\"@type\":\"SearchAction\",\"target\":{\"@type\":\"EntryPoint\",\"urlTemplate\":\"https:\/\/advbox.com.br\/blog\/?s={search_term_string}\"},\"query-input\":{\"@type\":\"PropertyValueSpecification\",\"valueRequired\":true,\"valueName\":\"search_term_string\"}}],\"inLanguage\":\"pt-BR\"},{\"@type\":\"Organization\",\"@id\":\"https:\/\/advbox.com.br\/blog\/#organization\",\"name\":\"ADVBOX Blog - Software jur\u00eddico da advocacia digital\",\"url\":\"https:\/\/advbox.com.br\/blog\/\",\"logo\":{\"@type\":\"ImageObject\",\"inLanguage\":\"pt-BR\",\"@id\":\"https:\/\/advbox.com.br\/blog\/#\/schema\/logo\/image\/\",\"url\":\"https:\/\/advbox.com.br\/blog\/wp-content\/uploads\/2019\/12\/Como-aumentar-a-produtividade_.jpg\",\"contentUrl\":\"https:\/\/advbox.com.br\/blog\/wp-content\/uploads\/2019\/12\/Como-aumentar-a-produtividade_.jpg\",\"width\":320,\"height\":213,\"caption\":\"ADVBOX Blog - Software jur\u00eddico da advocacia digital\"},\"image\":{\"@id\":\"https:\/\/advbox.com.br\/blog\/#\/schema\/logo\/image\/\"},\"sameAs\":[\"https:\/\/www.facebook.com\/advbox\/\",\"https:\/\/x.com\/advbox2\"]}]}<\/script>\n<!-- \/ Yoast SEO plugin. -->","yoast_head_json":{"title":"Artigo 43 CPC: o que diz sobre perpetua\u00e7\u00e3o da compet\u00eancia?","description":"Entenda o que diz o artigo 43 do CPC. Saiba o que significa perpetua\u00e7\u00e3o da compet\u00eancia, exce\u00e7\u00f5es e diferen\u00e7a entre compet\u00eancia absoluta e relativa.","robots":{"index":"index","follow":"follow","max-snippet":"max-snippet:-1","max-image-preview":"max-image-preview:large","max-video-preview":"max-video-preview:-1"},"canonical":"https:\/\/advbox.com.br\/blog\/art-43-cpc\/","og_locale":"pt_BR","og_type":"article","og_title":"Artigo 43 CPC: o que diz sobre perpetua\u00e7\u00e3o da compet\u00eancia?","og_description":"Entenda o que diz o artigo 43 do CPC. Saiba o que significa perpetua\u00e7\u00e3o da compet\u00eancia, exce\u00e7\u00f5es e diferen\u00e7a entre compet\u00eancia absoluta e relativa.","og_url":"https:\/\/advbox.com.br\/blog\/art-43-cpc\/","og_site_name":"Software Jur\u00eddico Completo - ADVBOX","article_publisher":"https:\/\/www.facebook.com\/advbox\/","article_modified_time":"2026-02-23T18:21:44+00:00","og_image":[{"width":1024,"height":576,"url":"https:\/\/advbox.com.br\/blog\/wp-content\/uploads\/2025\/12\/sobrestamento-1.jpg","type":"image\/jpeg"}],"twitter_card":"summary_large_image","twitter_site":"@advbox2","schema":{"@context":"https:\/\/schema.org","@graph":[{"@type":"WebPage","@id":"https:\/\/advbox.com.br\/blog\/art-43-cpc\/","url":"https:\/\/advbox.com.br\/blog\/art-43-cpc\/","name":"Artigo 43 CPC: o que diz sobre perpetua\u00e7\u00e3o da compet\u00eancia?","isPartOf":{"@id":"https:\/\/advbox.com.br\/blog\/#website"},"primaryImageOfPage":{"@id":"https:\/\/advbox.com.br\/blog\/art-43-cpc\/#primaryimage"},"image":{"@id":"https:\/\/advbox.com.br\/blog\/art-43-cpc\/#primaryimage"},"thumbnailUrl":"https:\/\/advbox.com.br\/blog\/wp-content\/uploads\/2025\/12\/sobrestamento-1.jpg","datePublished":"2025-02-14T14:18:20+00:00","dateModified":"2026-02-23T18:21:44+00:00","description":"Entenda o que diz o artigo 43 do CPC. Saiba o que significa perpetua\u00e7\u00e3o da compet\u00eancia, exce\u00e7\u00f5es e diferen\u00e7a entre compet\u00eancia absoluta e relativa.","breadcrumb":{"@id":"https:\/\/advbox.com.br\/blog\/art-43-cpc\/#breadcrumb"},"inLanguage":"pt-BR","potentialAction":[{"@type":"ReadAction","target":["https:\/\/advbox.com.br\/blog\/art-43-cpc\/"]}]},{"@type":"ImageObject","inLanguage":"pt-BR","@id":"https:\/\/advbox.com.br\/blog\/art-43-cpc\/#primaryimage","url":"https:\/\/advbox.com.br\/blog\/wp-content\/uploads\/2025\/12\/sobrestamento-1.jpg","contentUrl":"https:\/\/advbox.com.br\/blog\/wp-content\/uploads\/2025\/12\/sobrestamento-1.jpg","width":1024,"height":576,"caption":"Banner institucional da ADVBOX com elemento visual abstrato em tons de azul, representando estrutura, tecnologia e identidade visual da marca"},{"@type":"BreadcrumbList","@id":"https:\/\/advbox.com.br\/blog\/art-43-cpc\/#breadcrumb","itemListElement":[{"@type":"ListItem","position":1,"name":"In\u00edcio","item":"https:\/\/advbox.com.br\/blog\/"},{"@type":"ListItem","position":2,"name":"Artigo 43 CPC: o que diz sobre perpetua\u00e7\u00e3o da compet\u00eancia?"}]},{"@type":"WebSite","@id":"https:\/\/advbox.com.br\/blog\/#website","url":"https:\/\/advbox.com.br\/blog\/","name":"Software Jur\u00eddico Completo - ADVBOX","description":"Plataforma para Advocacia Digital","publisher":{"@id":"https:\/\/advbox.com.br\/blog\/#organization"},"potentialAction":[{"@type":"SearchAction","target":{"@type":"EntryPoint","urlTemplate":"https:\/\/advbox.com.br\/blog\/?s={search_term_string}"},"query-input":{"@type":"PropertyValueSpecification","valueRequired":true,"valueName":"search_term_string"}}],"inLanguage":"pt-BR"},{"@type":"Organization","@id":"https:\/\/advbox.com.br\/blog\/#organization","name":"ADVBOX Blog - Software jur\u00eddico da advocacia digital","url":"https:\/\/advbox.com.br\/blog\/","logo":{"@type":"ImageObject","inLanguage":"pt-BR","@id":"https:\/\/advbox.com.br\/blog\/#\/schema\/logo\/image\/","url":"https:\/\/advbox.com.br\/blog\/wp-content\/uploads\/2019\/12\/Como-aumentar-a-produtividade_.jpg","contentUrl":"https:\/\/advbox.com.br\/blog\/wp-content\/uploads\/2019\/12\/Como-aumentar-a-produtividade_.jpg","width":320,"height":213,"caption":"ADVBOX Blog - Software jur\u00eddico da advocacia digital"},"image":{"@id":"https:\/\/advbox.com.br\/blog\/#\/schema\/logo\/image\/"},"sameAs":["https:\/\/www.facebook.com\/advbox\/","https:\/\/x.com\/advbox2"]}]}},"_links":{"self":[{"href":"https:\/\/advbox.com.br\/blog\/wp-json\/wp\/v2\/pages\/56425","targetHints":{"allow":["GET"]}}],"collection":[{"href":"https:\/\/advbox.com.br\/blog\/wp-json\/wp\/v2\/pages"}],"about":[{"href":"https:\/\/advbox.com.br\/blog\/wp-json\/wp\/v2\/types\/page"}],"author":[{"embeddable":true,"href":"https:\/\/advbox.com.br\/blog\/wp-json\/wp\/v2\/users\/43"}],"replies":[{"embeddable":true,"href":"https:\/\/advbox.com.br\/blog\/wp-json\/wp\/v2\/comments?post=56425"}],"version-history":[{"count":5,"href":"https:\/\/advbox.com.br\/blog\/wp-json\/wp\/v2\/pages\/56425\/revisions"}],"predecessor-version":[{"id":82013,"href":"https:\/\/advbox.com.br\/blog\/wp-json\/wp\/v2\/pages\/56425\/revisions\/82013"}],"wp:featuredmedia":[{"embeddable":true,"href":"https:\/\/advbox.com.br\/blog\/wp-json\/wp\/v2\/media\/79776"}],"wp:attachment":[{"href":"https:\/\/advbox.com.br\/blog\/wp-json\/wp\/v2\/media?parent=56425"}],"curies":[{"name":"wp","href":"https:\/\/api.w.org\/{rel}","templated":true}]}}