{"id":56839,"date":"2025-05-02T08:48:57","date_gmt":"2025-05-02T11:48:57","guid":{"rendered":"https:\/\/advbox.com.br\/blog\/?page_id=56839"},"modified":"2026-02-23T15:29:05","modified_gmt":"2026-02-23T18:29:05","slug":"921-cpc","status":"publish","type":"page","link":"https:\/\/advbox.com.br\/blog\/921-cpc\/","title":{"rendered":"Artigo 921 do CPC: o que diz, e o que mudou na prescri\u00e7\u00e3o"},"content":{"rendered":"\n<h1 class=\"wp-block-heading\">Entendendo o Artigo 921 do CPC: tudo o que voc\u00ea precisa saber<\/h1>\n\n\n\n<p>A execu\u00e7\u00e3o \u00e9 a etapa do processo em que o credor, ap\u00f3s obter uma decis\u00e3o favor\u00e1vel, busca efetivamente satisfazer seu direito \u2014 seja por meio do pagamento de uma d\u00edvida, da entrega de um bem ou de outra obriga\u00e7\u00e3o reconhecida judicialmente.&nbsp;<\/p>\n\n\n\n<p>No entanto, nem sempre essa fase segue de forma linear. Muitas vezes, surgem obst\u00e1culos que impedem seu regular prosseguimento. \u00c9 nesse cen\u00e1rio que o artigo 921 do <a href=\"https:\/\/advbox.com.br\/blog\/codigo-de-processo-civil\/\" target=\"_blank\">C\u00f3digo de Processo Civil<\/a> ganha relev\u00e2ncia, ao tratar das hip\u00f3teses de suspens\u00e3o da tramita\u00e7\u00e3o executiva. Confira o que diz a legisla\u00e7\u00e3o:<\/p>\n\n\n\n<p><strong><em>Art. 921.<\/em><\/strong><em> Suspende-se a execu\u00e7\u00e3o:<\/em><em><br><\/em><em> <\/em><strong><em>I &#8211;<\/em><\/strong><em> nas hip\u00f3teses dos arts. 313 e 315, no que couber;<\/em><em><br><\/em><em> <\/em><strong><em>II &#8211;<\/em><\/strong><em> no todo ou em parte, quando recebidos, com efeito suspensivo, os embargos \u00e0 execu\u00e7\u00e3o;<\/em><em><br><\/em><em> <\/em><strong><em>III &#8211;<\/em><\/strong><em> quando o executado n\u00e3o possuir bens penhor\u00e1veis;<\/em><em><br><\/em><em> <\/em><strong><em>IV &#8211;<\/em><\/strong><em> nas demais hip\u00f3teses previstas em lei.<\/em><\/p>\n\n\n\n<p><strong><em>\u00a7 1\u00ba<\/em><\/strong><em> Na hip\u00f3tese do inciso III, o juiz suspender\u00e1 a execu\u00e7\u00e3o pelo prazo de 1 (um) ano, durante o qual se suspender\u00e1 tamb\u00e9m a prescri\u00e7\u00e3o.<\/em><\/p>\n\n\n\n<p><strong><em>\u00a7 2\u00ba<\/em><\/strong><em> Decorrido o prazo m\u00e1ximo de 1 (um) ano sem manifesta\u00e7\u00e3o do exequente, come\u00e7a a correr o prazo de prescri\u00e7\u00e3o intercorrente.<\/em><\/p>\n\n\n\n<p><strong><em>\u00a7 3\u00ba<\/em><\/strong><em> O juiz, depois de ouvida a parte contr\u00e1ria, poder\u00e1, de of\u00edcio, reconhecer a prescri\u00e7\u00e3o intercorrente e decretar de imediato a extin\u00e7\u00e3o do processo.<\/em><\/p>\n\n\n\n<p>Acompanhe o texto para compreender em quais situa\u00e7\u00f5es essa norma se aplica e quais os seus efeitos .<\/p>\n\n\n\n<h2 class=\"wp-block-heading\">O que diz o artigo 921 III do CPC?<\/h2>\n\n\n\n<p>O artigo 921 do C\u00f3digo de Processo Civil estabelece:<\/p>\n\n\n\n<p><em>&#8220;Art. 921. Suspende-se a execu\u00e7\u00e3o:<\/em><em><br><\/em><em> [&#8230;]<\/em><em><br><\/em><em> III \u2013 quando o executado n\u00e3o possuir bens penhor\u00e1veis;&#8221;<\/em><\/p>\n\n\n\n<p>A cl\u00e1usula trata de uma situa\u00e7\u00e3o bastante comum na pr\u00e1tica forense: quando o devedor n\u00e3o \u00e9 encontrado ou n\u00e3o possui objetos penhor\u00e1veis. Ou seja, o credor at\u00e9 tenta impulsionar o cumprimento da decis\u00e3o, mas se depara com a inviabilidade pr\u00e1tica de seguir com a cobran\u00e7a judicial.<\/p>\n\n\n\n<p>De forma objetiva, caso o oficial de justi\u00e7a ou o ju\u00edzo n\u00e3o encontrem patrim\u00f4nio que possa <a href=\"https:\/\/advbox.com.br\/blog\/obrigacao-de-fazer-cpc\/\" target=\"_blank\">satisfazer a obriga\u00e7\u00e3o<\/a>, a demanda n\u00e3o ser\u00e1 encerrada de imediato. Em vez disso, ser\u00e1 temporariamente paralisada, resguardando o direito do benefici\u00e1rio enquanto novas dilig\u00eancias podem ser realizadas futuramente.<\/p>\n\n\n\n<p>Essa suspens\u00e3o, no entanto, n\u00e3o \u00e9 eterna. O pr\u00f3prio CPC imp\u00f5e consequ\u00eancias e limites temporais para evitar que os casos fiquem parados indefinidamente \u2014 o que nos leva ao pr\u00f3ximo ponto: a <a href=\"https:\/\/advbox.com.br\/blog\/prescricao-intercorrente\/\" target=\"_blank\">prescri\u00e7\u00e3o intercorrente<\/a>.<\/p>\n\n\n\n<h2 class=\"wp-block-heading\">Qual \u00e9 o prazo da prescri\u00e7\u00e3o intercorrente no CPC?&nbsp;&nbsp;<\/h2>\n\n\n\n<p>O <a href=\"https:\/\/advbox.com.br\/blog\/prazo-fatal-e-prazos-processuais\/\" target=\"_blank\">prazo<\/a> da prescri\u00e7\u00e3o intercorrente no CPC <strong>segue&nbsp; o mesmo per\u00edodo previsto para o exerc\u00edcio do direito material que se pretende satisfazer<\/strong>. Ou seja, n\u00e3o existe um prazo \u00fanico fixado pelo C\u00f3digo de Processo Civil: tudo depende do tipo de obriga\u00e7\u00e3o que est\u00e1 sendo cobrada.<\/p>\n\n\n\n<p>Por exemplo:<\/p>\n\n\n\n<ul class=\"wp-block-list has-small-font-size\">\n<li>Para t\u00edtulos como o cheque, \u00e0 cobran\u00e7a deve ocorrer em at\u00e9 6 meses (art. 59 da Lei do Cheque);<\/li>\n\n\n\n<li>Se for um <a href=\"https:\/\/advbox.com.br\/blog\/honorarios-contrato-de-prestacao-de-servicos-advocaticios-entre-advogados\/\" target=\"_blank\">contrato de presta\u00e7\u00e3o de servi\u00e7os<\/a>, o limite \u00e9 de 5 anos (art. 206, \u00a75\u00ba, I, do <a href=\"https:\/\/advbox.com.br\/blog\/codigo-civil\/\" target=\"_blank\">C\u00f3digo Civil<\/a>);<\/li>\n\n\n\n<li>Quando se trata de d\u00edvidas em geral, sem previs\u00e3o espec\u00edfica, aplica-se a regra geral de 10 anos (<a href=\"https:\/\/advbox.com.br\/blog\/artigo-205-cc\/\" target=\"_blank\">art. 205 do C\u00f3digo Civil<\/a>).<\/li>\n<\/ul>\n\n\n\n<p>A prescri\u00e7\u00e3o intercorrente come\u00e7a a correr ap\u00f3s a suspens\u00e3o da fase de cumprimento for\u00e7ado, conforme prev\u00ea o \u00a71\u00ba do artigo 921 do CPC. Se, dentro desse per\u00edodo, o credor n\u00e3o adotar medidas efetivas para retomar o processo, o caso poder\u00e1 ser encerrado com julgamento de m\u00e9rito \u2014 extinguindo a possibilidade de cobran\u00e7a legal.<\/p>\n\n\n\n<p>Por exemplo, uma empresa aju\u00edza uma a\u00e7\u00e3o de cobran\u00e7a contra um ex-cliente para cobrar uma d\u00edvida reconhecida em nota promiss\u00f3ria. A cita\u00e7\u00e3o \u00e9 realizada, mas o devedor n\u00e3o apresenta bens penhor\u00e1veis e n\u00e3o \u00e9 localizado. Nesse caso, o juiz suspende o procedimento com base no art. 921, III, do CPC.<\/p>\n\n\n\n<p>Durante um ano, a a\u00e7\u00e3o fica em compasso de espera \u2014 e o <a href=\"https:\/\/advbox.com.br\/blog\/interrupcao-do-prazo-prescricional\/\" target=\"_blank\">prazo prescricional tamb\u00e9m fica parado<\/a>. Se a empresa n\u00e3o tomar nenhuma provid\u00eancia nesse per\u00edodo (como apresentar novo endere\u00e7o, buscar posses por meio de pesquisas patrimoniais ou requerer a reativa\u00e7\u00e3o da demanda), o prazo da prescri\u00e7\u00e3o intercorrente come\u00e7a a correr.&nbsp;<\/p>\n\n\n\n<p>Dependendo da natureza da d\u00edvida, em at\u00e9 cinco anos o caso poder\u00e1 ser arquivado com resolu\u00e7\u00e3o de m\u00e9rito, fazendo com que o credor perca definitivamente o direito de cobrar judicialmente.<\/p>\n\n\n\n<p>Para n\u00e3o perder prazos nem deixar processos parados por falta de gest\u00e3o, <a href=\"https:\/\/advbox.com.br\/blog\/o-diferencial-da-advbox\/\" target=\"_blank\">o uso de ferramentas como a ADVBOX pode ser decisivo<\/a>. A plataforma <a href=\"https:\/\/advbox.com.br\/blog\/automatizar-tarefas\/\" target=\"_blank\">automatiza tarefas<\/a>, envia alertas de inatividade e permite uma vis\u00e3o clara do andamento das execu\u00e7\u00f5es.&nbsp;<\/p>\n\n\n\n<h2 class=\"wp-block-heading\">Quando ocorre a suspens\u00e3o do processo de execu\u00e7\u00e3o?<\/h2>\n\n\n\n<p>A suspens\u00e3o da execu\u00e7\u00e3o ocorre quando h\u00e1 um impedimento tempor\u00e1rio que impossibilita o andamento da cobran\u00e7a. O C\u00f3digo de Processo Civil, no artigo 921, lista as principais hip\u00f3teses que autorizam essa paralisa\u00e7\u00e3o:<\/p>\n\n\n\n<ul class=\"wp-block-list has-small-font-size\">\n<li>Quando h\u00e1 situa\u00e7\u00f5es previstas nos <a href=\"https:\/\/advbox.com.br\/blog\/art-313-do-cpc\/\" target=\"_blank\">artigos 313<\/a> e <a href=\"https:\/\/advbox.com.br\/blog\/cpc-artigo-315\/\" target=\"_blank\">315 do CPC<\/a>, como morte ou incapacidade de uma das partes;<\/li>\n\n\n\n<li>Quando os <a href=\"https:\/\/advbox.com.br\/blog\/modelos\/embargos-a-execucao\/\" target=\"_blank\">embargos \u00e0 execu\u00e7\u00e3o<\/a> s\u00e3o recebidos com efeito suspensivo;<\/li>\n\n\n\n<li>Quando o devedor n\u00e3o possui bens penhor\u00e1veis, o que impede a continuidade da execu\u00e7\u00e3o;<\/li>\n\n\n\n<li>Ou ainda, em outras hip\u00f3teses previstas em lei.<\/li>\n<\/ul>\n\n\n\n<p>Ou seja, trata-se de uma &#8220;pausa obrigat\u00f3ria&#8221;, determinada pelo juiz, com o objetivo de evitar atos ineficazes, proteger as prerrogativas das partes envolvidas e preservar a possibilidade de uma cobran\u00e7a bem-sucedida no futuro.<\/p>\n\n\n\n<p>No entanto, muitos credores ou advogados caem na armadilha de acreditar que essa paralisa\u00e7\u00e3o \u00e9 uma solu\u00e7\u00e3o definitiva \u2014 quando, na verdade, trata-se apenas de um intervalo com limite definido e consequ\u00eancias severas.&nbsp;<\/p>\n\n\n\n<p>Se os cronogramas legais n\u00e3o forem respeitados, a consequ\u00eancia pode ser a extin\u00e7\u00e3o da a\u00e7\u00e3o com julgamento de m\u00e9rito, o que inviabiliza qualquer tentativa futura de cobran\u00e7a por meio jur\u00eddico.<\/p>\n\n\n\n<h2 class=\"wp-block-heading\">O que mudou na prescri\u00e7\u00e3o intercorrente?&nbsp;&nbsp;<\/h2>\n\n\n\n<p>A grande mudan\u00e7a em rela\u00e7\u00e3o \u00e0 prescri\u00e7\u00e3o intercorrente veio com o <a href=\"https:\/\/advbox.com.br\/blog\/cpc-2015\/\" target=\"_blank\">Novo C\u00f3digo de Processo Civil de 2015<\/a>, que passou a prever expressamente essa figura no artigo 921, \u00a7\u00a7 1\u00ba a 3\u00ba \u2014 algo que antes era tratado apenas por entendimento jurisprudencial.<\/p>\n\n\n\n<p>Com isso, o ordenamento <strong>passou a estabelecer crit\u00e9rios objetivos para aplica\u00e7\u00e3o da medida<\/strong>:<\/p>\n\n\n\n<ul class=\"wp-block-list has-small-font-size\">\n<li>Se o devedor n\u00e3o possuir bens penhor\u00e1veis, o juiz suspende o processo por at\u00e9 1 ano.<\/li>\n\n\n\n<li>Durante esse ano,o tempo prescricional permanece congelado;<\/li>\n\n\n\n<li>Se, ap\u00f3s esse per\u00edodo, o benefici\u00e1rio n\u00e3o se manifestar, come\u00e7a a correr o prazo da prescri\u00e7\u00e3o intercorrente, que varia conforme o tipo de d\u00edvida.<\/li>\n\n\n\n<li>O juiz, inclusive, pode reconhecer o decurso desse prazo de of\u00edcio e extinguir o caso com julgamento de m\u00e9rito (art. 487, II).<\/li>\n<\/ul>\n\n\n\n<p>Essa mudan\u00e7a legislativa trouxe mais seguran\u00e7a jur\u00eddica, agilidade na tramita\u00e7\u00e3o e maior senso de responsabilidade, ao estimular a atua\u00e7\u00e3o diligente do credor e evitar que lit\u00edgios permane\u00e7am indefinidamente paralisados no sistema judici\u00e1rio.<\/p>\n\n\n\n<h2 class=\"wp-block-heading\">Conclus\u00e3o<\/h2>\n\n\n\n<p>O artigo 921 do CPC representa um mecanismo de equil\u00edbrio entre o direito do credor \u00e0 satisfa\u00e7\u00e3o do cr\u00e9dito e as limita\u00e7\u00f5es reais que podem surgir na fase de execu\u00e7\u00e3o. Com ele, o legislador reconhece que, em muitos casos, a cobran\u00e7a n\u00e3o \u00e9 imediata nem simples, e que \u00e9 preciso respeitar limites, prazos e responsabilidades de ambas as partes.<\/p>\n\n\n\n<p>A suspens\u00e3o n\u00e3o \u00e9 um fim, mas um tempo concedido ao benefici\u00e1rio para agir estrategicamente. Portanto, quem executa precisa estar atento: a estagna\u00e7\u00e3o, seja por comodismo ou desaten\u00e7\u00e3o, pode resultar na perda definitiva de uma prerrogativa j\u00e1 declarada em ju\u00edzo.<\/p>\n\n\n\n<p>Nesse sentido, a cl\u00e1usula funciona como um lembrete de que a in\u00e9rcia tem custo, e que a execu\u00e7\u00e3o exige, al\u00e9m de t\u00edtulos e decis\u00f5es, atitude e dilig\u00eancia constantes.<\/p>\n\n\n\n<p>Entenda como a <a href=\"https:\/\/advbox.com.br\/software-juridico\" target=\"_blank\">ADVBOX<\/a> estrutura a produ\u00e7\u00e3o de peti\u00e7\u00f5es para reduzir falhas operacionais e sustentar o crescimento do escrit\u00f3rio.crit\u00f3rio.<\/p>\n\n\n\n<figure class=\"wp-block-image size-full\"><a href=\"https:\/\/advbox.com.br\/blog\/como-automatizar-seus-modelos-de-peticoes\/\" target=\"_blank\"><img fetchpriority=\"high\" decoding=\"async\" width=\"1024\" height=\"270\" src=\"https:\/\/advbox.com.br\/blog\/wp-content\/uploads\/2025\/12\/CTA-REBRANDING-17.webp\" alt=\"Banner com imagem ilustrativa de peti\u00e7\u00f5es automatizadas, destacando redu\u00e7\u00e3o de erros e ganho de escala na automa\u00e7\u00e3o jur\u00eddica para advogados\" class=\"wp-image-79760\" srcset=\"https:\/\/advbox.com.br\/blog\/wp-content\/uploads\/2025\/12\/CTA-REBRANDING-17.webp 1024w, https:\/\/advbox.com.br\/blog\/wp-content\/uploads\/2025\/12\/CTA-REBRANDING-17-500x132.webp 500w, https:\/\/advbox.com.br\/blog\/wp-content\/uploads\/2025\/12\/CTA-REBRANDING-17-768x203.webp 768w, https:\/\/advbox.com.br\/blog\/wp-content\/uploads\/2025\/12\/CTA-REBRANDING-17-150x40.webp 150w\" sizes=\"(max-width: 1024px) 100vw, 1024px\" \/><\/a><\/figure>\n","protected":false},"excerpt":{"rendered":"<p>Entendendo o Artigo 921 do CPC: tudo o que voc\u00ea precisa saber A execu\u00e7\u00e3o \u00e9 a etapa do processo em que o credor, ap\u00f3s obter uma decis\u00e3o favor\u00e1vel, busca efetivamente satisfazer seu direito \u2014 seja por meio do pagamento de uma d\u00edvida, da entrega de um bem ou de outra [&hellip;]<\/p>\n","protected":false},"author":43,"featured_media":79776,"parent":0,"menu_order":0,"comment_status":"closed","ping_status":"closed","template":"","meta":{"_acf_changed":false,"om_disable_all_campaigns":false,"footnotes":""},"class_list":["post-56839","page","type-page","status-publish","has-post-thumbnail","hentry"],"acf":[],"yoast_head":"<!-- This site is optimized with the Yoast SEO plugin v26.9 - https:\/\/yoast.com\/product\/yoast-seo-wordpress\/ -->\n<title>Artigo 921 do CPC: o que diz, e o que mudou na prescri\u00e7\u00e3o<\/title>\n<meta name=\"description\" content=\"Entenda o que diz o artigo 921 do CPC. Saiba o prazo da prescri\u00e7\u00e3o intercorrente, quando ocorre a suspens\u00e3o do processo de execu\u00e7\u00e3o e o que mudou.\" \/>\n<meta name=\"robots\" content=\"index, follow, max-snippet:-1, max-image-preview:large, max-video-preview:-1\" \/>\n<link rel=\"canonical\" href=\"https:\/\/advbox.com.br\/blog\/921-cpc\/\" \/>\n<meta property=\"og:locale\" content=\"pt_BR\" \/>\n<meta property=\"og:type\" content=\"article\" \/>\n<meta property=\"og:title\" content=\"Artigo 921 do CPC: o que diz, e o que mudou na prescri\u00e7\u00e3o\" \/>\n<meta property=\"og:description\" content=\"Entenda o que diz o artigo 921 do CPC. Saiba o prazo da prescri\u00e7\u00e3o intercorrente, quando ocorre a suspens\u00e3o do processo de execu\u00e7\u00e3o e o que mudou.\" \/>\n<meta property=\"og:url\" content=\"https:\/\/advbox.com.br\/blog\/921-cpc\/\" \/>\n<meta property=\"og:site_name\" content=\"Software Jur\u00eddico Completo - ADVBOX\" \/>\n<meta property=\"article:publisher\" content=\"https:\/\/www.facebook.com\/advbox\/\" \/>\n<meta property=\"article:modified_time\" content=\"2026-02-23T18:29:05+00:00\" \/>\n<meta property=\"og:image\" content=\"https:\/\/advbox.com.br\/blog\/wp-content\/uploads\/2025\/12\/sobrestamento-1.jpg\" \/>\n\t<meta property=\"og:image:width\" content=\"1024\" \/>\n\t<meta property=\"og:image:height\" content=\"576\" \/>\n\t<meta property=\"og:image:type\" content=\"image\/jpeg\" \/>\n<meta name=\"twitter:card\" content=\"summary_large_image\" \/>\n<meta name=\"twitter:site\" content=\"@advbox2\" \/>\n<script type=\"application\/ld+json\" class=\"yoast-schema-graph\">{\"@context\":\"https:\/\/schema.org\",\"@graph\":[{\"@type\":\"WebPage\",\"@id\":\"https:\/\/advbox.com.br\/blog\/921-cpc\/\",\"url\":\"https:\/\/advbox.com.br\/blog\/921-cpc\/\",\"name\":\"Artigo 921 do CPC: o que diz, e o que mudou na prescri\u00e7\u00e3o\",\"isPartOf\":{\"@id\":\"https:\/\/advbox.com.br\/blog\/#website\"},\"primaryImageOfPage\":{\"@id\":\"https:\/\/advbox.com.br\/blog\/921-cpc\/#primaryimage\"},\"image\":{\"@id\":\"https:\/\/advbox.com.br\/blog\/921-cpc\/#primaryimage\"},\"thumbnailUrl\":\"https:\/\/advbox.com.br\/blog\/wp-content\/uploads\/2025\/12\/sobrestamento-1.jpg\",\"datePublished\":\"2025-05-02T11:48:57+00:00\",\"dateModified\":\"2026-02-23T18:29:05+00:00\",\"description\":\"Entenda o que diz o artigo 921 do CPC. Saiba o prazo da prescri\u00e7\u00e3o intercorrente, quando ocorre a suspens\u00e3o do processo de execu\u00e7\u00e3o e o que mudou.\",\"breadcrumb\":{\"@id\":\"https:\/\/advbox.com.br\/blog\/921-cpc\/#breadcrumb\"},\"inLanguage\":\"pt-BR\",\"potentialAction\":[{\"@type\":\"ReadAction\",\"target\":[\"https:\/\/advbox.com.br\/blog\/921-cpc\/\"]}]},{\"@type\":\"ImageObject\",\"inLanguage\":\"pt-BR\",\"@id\":\"https:\/\/advbox.com.br\/blog\/921-cpc\/#primaryimage\",\"url\":\"https:\/\/advbox.com.br\/blog\/wp-content\/uploads\/2025\/12\/sobrestamento-1.jpg\",\"contentUrl\":\"https:\/\/advbox.com.br\/blog\/wp-content\/uploads\/2025\/12\/sobrestamento-1.jpg\",\"width\":1024,\"height\":576,\"caption\":\"Banner institucional da ADVBOX com elemento visual abstrato em tons de azul, representando estrutura, tecnologia e identidade visual da marca\"},{\"@type\":\"BreadcrumbList\",\"@id\":\"https:\/\/advbox.com.br\/blog\/921-cpc\/#breadcrumb\",\"itemListElement\":[{\"@type\":\"ListItem\",\"position\":1,\"name\":\"In\u00edcio\",\"item\":\"https:\/\/advbox.com.br\/blog\/\"},{\"@type\":\"ListItem\",\"position\":2,\"name\":\"Artigo 921 do CPC: o que diz, e o que mudou na prescri\u00e7\u00e3o\"}]},{\"@type\":\"WebSite\",\"@id\":\"https:\/\/advbox.com.br\/blog\/#website\",\"url\":\"https:\/\/advbox.com.br\/blog\/\",\"name\":\"Software Jur\u00eddico Completo - ADVBOX\",\"description\":\"Plataforma para Advocacia Digital\",\"publisher\":{\"@id\":\"https:\/\/advbox.com.br\/blog\/#organization\"},\"potentialAction\":[{\"@type\":\"SearchAction\",\"target\":{\"@type\":\"EntryPoint\",\"urlTemplate\":\"https:\/\/advbox.com.br\/blog\/?s={search_term_string}\"},\"query-input\":{\"@type\":\"PropertyValueSpecification\",\"valueRequired\":true,\"valueName\":\"search_term_string\"}}],\"inLanguage\":\"pt-BR\"},{\"@type\":\"Organization\",\"@id\":\"https:\/\/advbox.com.br\/blog\/#organization\",\"name\":\"ADVBOX Blog - Software jur\u00eddico da advocacia digital\",\"url\":\"https:\/\/advbox.com.br\/blog\/\",\"logo\":{\"@type\":\"ImageObject\",\"inLanguage\":\"pt-BR\",\"@id\":\"https:\/\/advbox.com.br\/blog\/#\/schema\/logo\/image\/\",\"url\":\"https:\/\/advbox.com.br\/blog\/wp-content\/uploads\/2019\/12\/Como-aumentar-a-produtividade_.jpg\",\"contentUrl\":\"https:\/\/advbox.com.br\/blog\/wp-content\/uploads\/2019\/12\/Como-aumentar-a-produtividade_.jpg\",\"width\":320,\"height\":213,\"caption\":\"ADVBOX Blog - Software jur\u00eddico da advocacia digital\"},\"image\":{\"@id\":\"https:\/\/advbox.com.br\/blog\/#\/schema\/logo\/image\/\"},\"sameAs\":[\"https:\/\/www.facebook.com\/advbox\/\",\"https:\/\/x.com\/advbox2\"]}]}<\/script>\n<!-- \/ Yoast SEO plugin. -->","yoast_head_json":{"title":"Artigo 921 do CPC: o que diz, e o que mudou na prescri\u00e7\u00e3o","description":"Entenda o que diz o artigo 921 do CPC. Saiba o prazo da prescri\u00e7\u00e3o intercorrente, quando ocorre a suspens\u00e3o do processo de execu\u00e7\u00e3o e o que mudou.","robots":{"index":"index","follow":"follow","max-snippet":"max-snippet:-1","max-image-preview":"max-image-preview:large","max-video-preview":"max-video-preview:-1"},"canonical":"https:\/\/advbox.com.br\/blog\/921-cpc\/","og_locale":"pt_BR","og_type":"article","og_title":"Artigo 921 do CPC: o que diz, e o que mudou na prescri\u00e7\u00e3o","og_description":"Entenda o que diz o artigo 921 do CPC. Saiba o prazo da prescri\u00e7\u00e3o intercorrente, quando ocorre a suspens\u00e3o do processo de execu\u00e7\u00e3o e o que mudou.","og_url":"https:\/\/advbox.com.br\/blog\/921-cpc\/","og_site_name":"Software Jur\u00eddico Completo - ADVBOX","article_publisher":"https:\/\/www.facebook.com\/advbox\/","article_modified_time":"2026-02-23T18:29:05+00:00","og_image":[{"width":1024,"height":576,"url":"https:\/\/advbox.com.br\/blog\/wp-content\/uploads\/2025\/12\/sobrestamento-1.jpg","type":"image\/jpeg"}],"twitter_card":"summary_large_image","twitter_site":"@advbox2","schema":{"@context":"https:\/\/schema.org","@graph":[{"@type":"WebPage","@id":"https:\/\/advbox.com.br\/blog\/921-cpc\/","url":"https:\/\/advbox.com.br\/blog\/921-cpc\/","name":"Artigo 921 do CPC: o que diz, e o que mudou na prescri\u00e7\u00e3o","isPartOf":{"@id":"https:\/\/advbox.com.br\/blog\/#website"},"primaryImageOfPage":{"@id":"https:\/\/advbox.com.br\/blog\/921-cpc\/#primaryimage"},"image":{"@id":"https:\/\/advbox.com.br\/blog\/921-cpc\/#primaryimage"},"thumbnailUrl":"https:\/\/advbox.com.br\/blog\/wp-content\/uploads\/2025\/12\/sobrestamento-1.jpg","datePublished":"2025-05-02T11:48:57+00:00","dateModified":"2026-02-23T18:29:05+00:00","description":"Entenda o que diz o artigo 921 do CPC. Saiba o prazo da prescri\u00e7\u00e3o intercorrente, quando ocorre a suspens\u00e3o do processo de execu\u00e7\u00e3o e o que mudou.","breadcrumb":{"@id":"https:\/\/advbox.com.br\/blog\/921-cpc\/#breadcrumb"},"inLanguage":"pt-BR","potentialAction":[{"@type":"ReadAction","target":["https:\/\/advbox.com.br\/blog\/921-cpc\/"]}]},{"@type":"ImageObject","inLanguage":"pt-BR","@id":"https:\/\/advbox.com.br\/blog\/921-cpc\/#primaryimage","url":"https:\/\/advbox.com.br\/blog\/wp-content\/uploads\/2025\/12\/sobrestamento-1.jpg","contentUrl":"https:\/\/advbox.com.br\/blog\/wp-content\/uploads\/2025\/12\/sobrestamento-1.jpg","width":1024,"height":576,"caption":"Banner institucional da ADVBOX com elemento visual abstrato em tons de azul, representando estrutura, tecnologia e identidade visual da marca"},{"@type":"BreadcrumbList","@id":"https:\/\/advbox.com.br\/blog\/921-cpc\/#breadcrumb","itemListElement":[{"@type":"ListItem","position":1,"name":"In\u00edcio","item":"https:\/\/advbox.com.br\/blog\/"},{"@type":"ListItem","position":2,"name":"Artigo 921 do CPC: o que diz, e o que mudou na prescri\u00e7\u00e3o"}]},{"@type":"WebSite","@id":"https:\/\/advbox.com.br\/blog\/#website","url":"https:\/\/advbox.com.br\/blog\/","name":"Software Jur\u00eddico Completo - ADVBOX","description":"Plataforma para Advocacia Digital","publisher":{"@id":"https:\/\/advbox.com.br\/blog\/#organization"},"potentialAction":[{"@type":"SearchAction","target":{"@type":"EntryPoint","urlTemplate":"https:\/\/advbox.com.br\/blog\/?s={search_term_string}"},"query-input":{"@type":"PropertyValueSpecification","valueRequired":true,"valueName":"search_term_string"}}],"inLanguage":"pt-BR"},{"@type":"Organization","@id":"https:\/\/advbox.com.br\/blog\/#organization","name":"ADVBOX Blog - Software jur\u00eddico da advocacia digital","url":"https:\/\/advbox.com.br\/blog\/","logo":{"@type":"ImageObject","inLanguage":"pt-BR","@id":"https:\/\/advbox.com.br\/blog\/#\/schema\/logo\/image\/","url":"https:\/\/advbox.com.br\/blog\/wp-content\/uploads\/2019\/12\/Como-aumentar-a-produtividade_.jpg","contentUrl":"https:\/\/advbox.com.br\/blog\/wp-content\/uploads\/2019\/12\/Como-aumentar-a-produtividade_.jpg","width":320,"height":213,"caption":"ADVBOX Blog - Software jur\u00eddico da advocacia digital"},"image":{"@id":"https:\/\/advbox.com.br\/blog\/#\/schema\/logo\/image\/"},"sameAs":["https:\/\/www.facebook.com\/advbox\/","https:\/\/x.com\/advbox2"]}]}},"_links":{"self":[{"href":"https:\/\/advbox.com.br\/blog\/wp-json\/wp\/v2\/pages\/56839","targetHints":{"allow":["GET"]}}],"collection":[{"href":"https:\/\/advbox.com.br\/blog\/wp-json\/wp\/v2\/pages"}],"about":[{"href":"https:\/\/advbox.com.br\/blog\/wp-json\/wp\/v2\/types\/page"}],"author":[{"embeddable":true,"href":"https:\/\/advbox.com.br\/blog\/wp-json\/wp\/v2\/users\/43"}],"replies":[{"embeddable":true,"href":"https:\/\/advbox.com.br\/blog\/wp-json\/wp\/v2\/comments?post=56839"}],"version-history":[{"count":9,"href":"https:\/\/advbox.com.br\/blog\/wp-json\/wp\/v2\/pages\/56839\/revisions"}],"predecessor-version":[{"id":82021,"href":"https:\/\/advbox.com.br\/blog\/wp-json\/wp\/v2\/pages\/56839\/revisions\/82021"}],"wp:featuredmedia":[{"embeddable":true,"href":"https:\/\/advbox.com.br\/blog\/wp-json\/wp\/v2\/media\/79776"}],"wp:attachment":[{"href":"https:\/\/advbox.com.br\/blog\/wp-json\/wp\/v2\/media?parent=56839"}],"curies":[{"name":"wp","href":"https:\/\/api.w.org\/{rel}","templated":true}]}}