{"id":56865,"date":"2026-03-06T20:24:10","date_gmt":"2026-03-06T23:24:10","guid":{"rendered":"https:\/\/advbox.com.br\/blog\/?page_id=56865"},"modified":"2026-04-16T09:52:44","modified_gmt":"2026-04-16T12:52:44","slug":"rito-sumario","status":"publish","type":"page","link":"https:\/\/advbox.com.br\/blog\/rito-sumario\/","title":{"rendered":"Rito sum\u00e1rio: o que \u00e9, quais as caracter\u00edsticas e valor da causa"},"content":{"rendered":"\n<h1 class=\"wp-block-heading\">Rito Sum\u00e1rio: o que \u00e9, quais as caracter\u00edsticas e valor da causa<\/h1>\n\n\n\n<p><strong>O Rito Sum\u00e1rio \u00e9 uma modalidade de tramita\u00e7\u00e3o judicial criada para oferecer uma resposta mais r\u00e1pida do que o procedimento comum.<\/strong> Este documento funciona como um guia explicativo sobre as regras de acelera\u00e7\u00e3o de processos, detalhando seu funcionamento atual nas esferas trabalhista e penal, al\u00e9m de esclarecer o que mudou no \u00e2mbito civil.&nbsp;<\/p>\n\n\n\n<p>Ao longo do texto, vamos abordar o conceito desse rito, suas principais caracter\u00edsticas, como a produ\u00e7\u00e3o de provas e a busca por concilia\u00e7\u00e3o, e as diferen\u00e7as fundamentais entre os ritos sum\u00e1rio e sumar\u00edssimo. Parece confuso, mas fique tranquilo que logo abaixo n\u00f3s vamos esclarecer todos esses pontos.<\/p>\n\n\n\n<p>Convidamos voc\u00ea a continuar a leitura para entender tamb\u00e9m como o valor da causa define esse caminho e como essa estrutura impacta a organiza\u00e7\u00e3o do dia a dia jur\u00eddico.<\/p>\n\n\n\n<h2 class=\"wp-block-heading\">O que \u00e9 o Rito Sum\u00e1rio?<\/h2>\n\n\n\n<p><strong>O Rito Sum\u00e1rio \u00e9 um modelo de procedimento judicial simplificado que tem como objetivo dar agilidade ao julgamento de causas consideradas menos complexas<\/strong>, reduzindo etapas burocr\u00e1ticas e custos.<\/p>\n\n\n\n<p>Apesar de ser focado na velocidade, \u00e9 importante voc\u00ea saber que a aplica\u00e7\u00e3o desse rito varia conforme a \u00e1rea do Direito. No Direito Processual Civil, essa modalidade foi extinta pelo <a href=\"https:\/\/advbox.com.br\/blog\/cpc-2015\/\" target=\"_blank\">CPC de 2015<\/a>, que buscou unificar os procedimentos.&nbsp;<\/p>\n\n\n\n<p>Entretanto, ele continua muito presente na esfera trabalhista para causas de baixo valor e no processo penal para crimes com penas espec\u00edficas. Em resumo, <strong>ele serve como um &#8220;atalho&#8221; legal para que conflitos menores n\u00e3o fiquem parados na <\/strong><a href=\"https:\/\/advbox.com.br\/blog\/estrutura-do-poder-judiciario\/\" target=\"_blank\"><strong>justi\u00e7a<\/strong><\/a><strong> por anos<\/strong> devido a formalidades excessivas.<\/p>\n\n\n\n<h3 class=\"wp-block-heading\">O que \u00e9 o Rito Sum\u00e1rio no contexto dos termos processuais?<\/h3>\n\n\n\n<p>No contexto dos termos processuais, <strong>o Rito Sum\u00e1rio representa a &#8220;trilha&#8221; ou o rito de passagem que um processo deve seguir quando a lei determina que ele precisa de uma solu\u00e7\u00e3o mais r\u00e1pida que a ordin\u00e1ria.<\/strong><\/p>\n\n\n\n<p>Em termos t\u00e9cnicos, ele se caracteriza pela concentra\u00e7\u00e3o de atos processuais. Isso significa que, enquanto no <a href=\"https:\/\/advbox.com.br\/blog\/rito-processual\/\" target=\"_blank\">rito comum<\/a> (ordin\u00e1rio) as fases de defesa, provas e julgamento s\u00e3o bem espa\u00e7adas, no contexto sum\u00e1rio elas acontecem de forma quase simult\u00e2nea, geralmente em uma \u00fanica audi\u00eancia.&nbsp;<\/p>\n\n\n\n<p>Para quem \u00e9 profissional do Direito, entender esse termo significa saber que o processo ter\u00e1 menos oportunidades de recursos e prazos mais agressivos, exigindo uma organiza\u00e7\u00e3o muito maior desde o protocolo da <a href=\"https:\/\/advbox.com.br\/blog\/7-passos-para-elaborar-peticao-inicial\/\" target=\"_blank\">peti\u00e7\u00e3o inicial<\/a>.<\/p>\n\n\n\n<h2 class=\"wp-block-heading\">Quais as principais caracter\u00edsticas do Rito Sum\u00e1rio?<\/h2>\n\n\n\n<p><strong>As caracter\u00edsticas do Rito Sum\u00e1rio giram em torno da simplifica\u00e7\u00e3o de atos<\/strong> para que a <a href=\"https:\/\/advbox.com.br\/blog\/o-que-e-sentenca\/\" target=\"_blank\">senten\u00e7a<\/a> seja alcan\u00e7ada o quanto antes.&nbsp;<\/p>\n\n\n\n<p>Para que voc\u00ea compreenda como essa agilidade \u00e9 aplicada na pr\u00e1tica, vamos detalhar a seguir os pilares desse procedimento, que incluem a celeridade processual, as regras espec\u00edficas para provas, a import\u00e2ncia da concilia\u00e7\u00e3o, al\u00e9m dos benef\u00edcios econ\u00f4micos e os desafios que esse rito imp\u00f5e ao advogado.<\/p>\n\n\n\n<p>Continue sua leitura e fique por dentro das principais caracter\u00edsticas desse rito.<\/p>\n\n\n\n<figure class=\"wp-block-image size-large\"><img fetchpriority=\"high\" decoding=\"async\" width=\"1024\" height=\"654\" src=\"https:\/\/advbox.com.br\/blog\/wp-content\/uploads\/2026\/04\/O-Rito-Sumario-possui_-1024x654.webp\" alt=\"infogr\u00e1fico sobre as caracter\u00edsticas do rito sum\u00e1rio, com prazos reduzidos para audi\u00eancias e decis\u00f5es judiciais, limita\u00e7\u00e3o do n\u00famero de testemunhas, apresenta\u00e7\u00e3o de provas no in\u00edcio da a\u00e7\u00e3o, foco na concilia\u00e7\u00e3o, redu\u00e7\u00e3o de custos, entrega r\u00e1pida de verbas de natureza alimentar e restri\u00e7\u00e3o ao direito de recorrer\" class=\"wp-image-83154\" srcset=\"https:\/\/advbox.com.br\/blog\/wp-content\/uploads\/2026\/04\/O-Rito-Sumario-possui_-scaled.webp 1024w, https:\/\/advbox.com.br\/blog\/wp-content\/uploads\/2026\/04\/O-Rito-Sumario-possui_-500x319.webp 500w, https:\/\/advbox.com.br\/blog\/wp-content\/uploads\/2026\/04\/O-Rito-Sumario-possui_-768x491.webp 768w, https:\/\/advbox.com.br\/blog\/wp-content\/uploads\/2026\/04\/O-Rito-Sumario-possui_-150x96.webp 150w\" sizes=\"(max-width: 1024px) 100vw, 1024px\" \/><\/figure>\n\n\n\n<h3 class=\"wp-block-heading\">A celeridade processual e a efetiva tutela jurisdicional<\/h3>\n\n\n\n<p><strong>O Rito Sum\u00e1rio coloca em pr\u00e1tica o princ\u00edpio da rapidez por meio de prazos drasticamente reduzidos<\/strong> para o agendamento de audi\u00eancias e para que o juiz entregue a decis\u00e3o final do caso.<\/p>\n\n\n\n<p>Diferente do rito comum, em que o tempo de espera entre as fases pode ser longo, aqui a ideia \u00e9 que o juiz entregue a solu\u00e7\u00e3o do conflito em tempo recorde. No <a href=\"https:\/\/advbox.com.br\/blog\/fases-do-processo-penal\/\" target=\"_blank\">processo penal<\/a>, por exemplo, existe a previs\u00e3o de que a audi\u00eancia ocorra em at\u00e9 30 dias.&nbsp;<\/p>\n\n\n\n<p>Essa agilidade n\u00e3o serve apenas para &#8220;correr&#8221; com o processo, mas para garantir que o direito da parte seja protegido enquanto ele ainda \u00e9 relevante, evitando que a demora da justi\u00e7a se torne, por si s\u00f3, uma injusti\u00e7a para o cliente.<\/p>\n\n\n\n<h3 class=\"wp-block-heading\">Provas do Rito Sum\u00e1rio<\/h3>\n\n\n\n<p>Para evitar que a fase instrut\u00f3ria se arraste por meses, <strong>o Rito Sum\u00e1rio estabelece uma limita\u00e7\u00e3o rigorosa no n\u00famero de testemunhas e exige que todo o material probat\u00f3rio seja apresentado logo no in\u00edcio da a\u00e7\u00e3o.<\/strong><\/p>\n\n\n\n<p>Isso significa que o advogado que necessita do Rito Sum\u00e1rio, precisa ter uma estrat\u00e9gia muito bem definida j\u00e1 na peti\u00e7\u00e3o inicial ou na <a href=\"https:\/\/advbox.com.br\/blog\/como-fazer-uma-contestacao-aprenda-a-trabalhar-melhor-e-realizar-a-peca-perfeita\/\" target=\"_blank\">contesta\u00e7\u00e3o<\/a>. Geralmente, o n\u00famero de testemunhas \u00e9 limitado a cinco no processo penal e era de tr\u00eas no antigo rito civil.&nbsp;<\/p>\n\n\n\n<p>Essa caracter\u00edstica obriga as partes a serem mais objetivas, focando apenas no que \u00e9 essencial para o convencimento do juiz, o que impede o uso de recursos que apenas buscam adiar o fim do processo.<\/p>\n\n\n\n<h3 class=\"wp-block-heading\">A concilia\u00e7\u00e3o e a transa\u00e7\u00e3o no Rito Sum\u00e1rio&nbsp;<\/h3>\n\n\n\n<p><strong>Este procedimento prioriza a solu\u00e7\u00e3o amig\u00e1vel do conflito<\/strong>, estabelecendo a audi\u00eancia de concilia\u00e7\u00e3o como o ato central onde as partes t\u00eam a oportunidade real de encerrar a disputa por meio de um acordo.<\/p>\n\n\n\n<p>Em muitos casos, essa \u00e9 a primeira etapa obrigat\u00f3ria do rito. O objetivo \u00e9 que o juiz atue de forma ativa para aproximar os interesses de autor e r\u00e9u. Quando uma transa\u00e7\u00e3o \u00e9 feita logo no in\u00edcio, o <a href=\"https:\/\/advbox.com.br\/blog\/processo-extinto\/\" target=\"_blank\">processo \u00e9 extinto<\/a> com resolu\u00e7\u00e3o de m\u00e9rito, economizando recursos p\u00fablicos e, principalmente, preservando a rela\u00e7\u00e3o entre os envolvidos.<\/p>\n\n\n\n<h3 class=\"wp-block-heading\">Benef\u00edcios sociais e econ\u00f4micos do Rito Sum\u00e1rio&nbsp;<\/h3>\n\n\n\n<p>Ao reduzir o tempo de tramita\u00e7\u00e3o, <strong>o Rito Sum\u00e1rio gera uma economia significativa de recursos financeiros tanto para o Estado quanto para as partes, evitando tamb\u00e9m o desgaste emocional de um lit\u00edgio longo.<\/strong><\/p>\n\n\n\n<p>Para as empresas e cidad\u00e3os, menos tempo de processo significa menos gastos com taxas judici\u00e1rias e manuten\u00e7\u00e3o de advogados por anos a fio. No \u00e2mbito social, esse rito \u00e9 fundamental para garantir o sustento de quem depende de verbas alimentares, como no caso de pequenas causas trabalhistas.&nbsp;<\/p>\n\n\n\n<p>Quando o dinheiro chega mais r\u00e1pido \u00e0s m\u00e3os de quem tem direito, a economia circula e a sensa\u00e7\u00e3o de seguran\u00e7a jur\u00eddica na sociedade aumenta consideravelmente.<\/p>\n\n\n\n<h3 class=\"wp-block-heading\">Desafios e limita\u00e7\u00f5es do Rito Sum\u00e1rio&nbsp;<\/h3>\n\n\n\n<p>Apesar das vantagens, <strong>a principal limita\u00e7\u00e3o deste modelo \u00e9 a restri\u00e7\u00e3o ao direito de recorrer e a impossibilidade de realizar atos processuais mais complexos<\/strong>, como a interven\u00e7\u00e3o de terceiros ou per\u00edcias demoradas.<\/p>\n\n\n\n<p>Fique atento! Pois tamb\u00e9m \u00e9 muito importante que voc\u00ea saiba que, ao optar ou ser enquadrado neste rito, as chances de revis\u00e3o da decis\u00e3o por tribunais superiores s\u00e3o muito menores. No <a href=\"https:\/\/advbox.com.br\/blog\/ritos-processo-do-trabalho\/\" target=\"_blank\">rito trabalhista<\/a>, por exemplo, a senten\u00e7a \u00e9 praticamente irrecorr\u00edvel, salvo em quest\u00f5es constitucionais.&nbsp;<\/p>\n\n\n\n<p>Al\u00e9m disso, se a causa exigir uma prova t\u00e9cnica muito profunda ou o envolvimento de v\u00e1rias outras pessoas no processo, o Rito Sum\u00e1rio pode acabar sendo insuficiente para garantir a ampla defesa, o que exige um olhar atento do profissional.<\/p>\n\n\n\n<h2 class=\"wp-block-heading\">Qual a diferen\u00e7a entre o Rito Sum\u00e1rio e o Sumar\u00edssimo?<\/h2>\n\n\n\n<p><strong>A diferen\u00e7a entre o Rito Sum\u00e1rio e o sumar\u00edssimo reside, principalmente, no valor financeiro da causa ou na gravidade da pena prevista para o crime.<\/strong><\/p>\n\n\n\n<p>Na Justi\u00e7a do Trabalho, por exemplo, o <a href=\"https:\/\/advbox.com.br\/blog\/ritos-ordinario-sumario-e-sumarissimo-trabalhistas\/\" target=\"_blank\">Rito Sum\u00e1rio<\/a> \u00e9 voltado para causas bem pequenas, de at\u00e9 dois sal\u00e1rios m\u00ednimos. J\u00e1 o Rito Sumar\u00edssimo \u00e9 o caminho para causas que ficam entre dois e quarenta sal\u00e1rios m\u00ednimos.&nbsp;<\/p>\n\n\n\n<p>No <a href=\"https:\/\/advbox.com.br\/blog\/saiba-mais-sobre-o-direito-penal\/\" target=\"_blank\">Direito Penal<\/a>, a l\u00f3gica muda para o tempo de puni\u00e7\u00e3o: o Rito Sum\u00e1rio atende crimes com pena entre dois e quatro anos, enquanto o Sumar\u00edssimo foca em infra\u00e7\u00f5es de menor potencial ofensivo, com penas de at\u00e9 dois anos.&nbsp;<\/p>\n\n\n\n<p>Perceba que, quanto menor o valor ou a gravidade, mais simplificado tende a ser o rito escolhido para o caso. Notou como n\u00e3o \u00e9 dif\u00edcil diferenciar esses dois ritos?<\/p>\n\n\n\n<h2 class=\"wp-block-heading\">Qual o valor da causa para o Rito Sum\u00e1rio?<\/h2>\n\n\n\n<p>O <a href=\"https:\/\/advbox.com.br\/blog\/valor-da-causa\/\" target=\"_blank\">valor da causa<\/a> para o Rito Sum\u00e1rio atualmente \u00e9 aplicado com maior clareza na Justi\u00e7a do Trabalho, em que \u00e9 <strong>destinado a a\u00e7\u00f5es que n\u00e3o excedam o valor de dois sal\u00e1rios m\u00ednimos<\/strong>. Antigamente, no <a href=\"https:\/\/advbox.com.br\/blog\/codigo-de-processo-civil\/\" target=\"_blank\">C\u00f3digo de Processo Civil<\/a> de 1973, esse valor chegava a sessenta vezes o sal\u00e1rio m\u00ednimo, mas essa regra mudou com a unifica\u00e7\u00e3o dos ritos c\u00edveis.&nbsp;<\/p>\n\n\n\n<p>Hoje, o advogado que estiver atuando na \u00e1rea trabalhista, deve ficar atento a esse limite de dois sal\u00e1rios, pois ele define um procedimento em que quase n\u00e3o h\u00e1 possibilidade de recurso. Ou seja, \u00e9 focado totalmente na entrega imediata do direito ao trabalhador.&nbsp;<\/p>\n\n\n\n<h2 class=\"wp-block-heading\">Conclus\u00e3o<\/h2>\n\n\n\n<p>Entender como funciona o Rito Sum\u00e1rio \u00e9 essencial para quem busca resolver problemas na justi\u00e7a com mais rapidez. Agora, voc\u00ea j\u00e1 sabe que esse modelo de processo foi criado para simplificar as etapas e focar no que realmente importa: uma decis\u00e3o r\u00e1pida.&nbsp;<\/p>\n\n\n\n<p>Embora n\u00e3o seja mais usado em processos c\u00edveis comuns, ele ainda \u00e9 a regra para crimes menores e para causas trabalhistas de baixo valor, aquelas que n\u00e3o passam de dois sal\u00e1rios m\u00ednimos.<\/p>\n\n\n\n<p>As principais marcas desse rito s\u00e3o o incentivo ao acordo e a apresenta\u00e7\u00e3o de provas logo no in\u00edcio. Por outro lado, o advogado que lida com esse rito precisa estar muito bem preparado, j\u00e1 que as chances de recorrer s\u00e3o menores e o ritmo das audi\u00eancias \u00e9 bem mais intenso.<\/p>\n\n\n\n<p>Para lidar com toda essa velocidade sem perder nenhum prazo, contar com uma ferramenta de organiza\u00e7\u00e3o faz toda a diferen\u00e7a. <a href=\"https:\/\/app.advbox.com.br\/register\" target=\"_blank\">Conhe\u00e7a a ADVBOX<\/a> e veja como a plataforma ajuda a organizar a agenda e a produtividade do escrit\u00f3rio de forma autom\u00e1tica, com um software que facilita o controle de todos os processos em um s\u00f3 lugar.<\/p>\n\n\n\n<figure class=\"wp-block-image size-full\"><a href=\"https:\/\/advbox.com.br\/register\" target=\"_blank\"><img decoding=\"async\" width=\"1024\" height=\"270\" src=\"https:\/\/advbox.com.br\/blog\/wp-content\/uploads\/2025\/12\/CTA-REBRANDING-28.webp\" alt=\"Banner com imagem ilustrativa sobre crescimento estruturado de escrit\u00f3rio de advocacia, destacando gest\u00e3o jur\u00eddica eficiente para escalar sem perder controle e qualidade\" class=\"wp-image-79767\" srcset=\"https:\/\/advbox.com.br\/blog\/wp-content\/uploads\/2025\/12\/CTA-REBRANDING-28.webp 1024w, https:\/\/advbox.com.br\/blog\/wp-content\/uploads\/2025\/12\/CTA-REBRANDING-28-500x132.webp 500w, https:\/\/advbox.com.br\/blog\/wp-content\/uploads\/2025\/12\/CTA-REBRANDING-28-768x203.webp 768w, https:\/\/advbox.com.br\/blog\/wp-content\/uploads\/2025\/12\/CTA-REBRANDING-28-150x40.webp 150w\" sizes=\"(max-width: 1024px) 100vw, 1024px\" loading=\"lazy\" \/><\/a><\/figure>\n","protected":false},"excerpt":{"rendered":"<p>Rito Sum\u00e1rio: o que \u00e9, quais as caracter\u00edsticas e valor da causa O Rito Sum\u00e1rio \u00e9 uma modalidade de tramita\u00e7\u00e3o judicial criada para oferecer uma resposta mais r\u00e1pida do que o procedimento comum. Este documento funciona como um guia explicativo sobre as regras de acelera\u00e7\u00e3o de processos, detalhando seu funcionamento [&hellip;]<\/p>\n","protected":false},"author":43,"featured_media":79776,"parent":0,"menu_order":0,"comment_status":"closed","ping_status":"closed","template":"","meta":{"_acf_changed":false,"om_disable_all_campaigns":false,"footnotes":""},"class_list":["post-56865","page","type-page","status-publish","has-post-thumbnail","hentry"],"acf":[],"yoast_head":"<!-- This site is optimized with the Yoast SEO plugin v26.9 - https:\/\/yoast.com\/product\/yoast-seo-wordpress\/ -->\n<title>Rito sum\u00e1rio: o que \u00e9, quais as caracter\u00edsticas e valor da causa<\/title>\n<meta name=\"description\" content=\"Entenda o rito sum\u00e1rio, veja suas caracter\u00edsticas como prazos reduzidos e concilia\u00e7\u00e3o e aprenda qual \u00e9 o valor da causa para sua aplica\u00e7\u00e3o.\" \/>\n<meta name=\"robots\" content=\"index, follow, max-snippet:-1, max-image-preview:large, max-video-preview:-1\" \/>\n<link rel=\"canonical\" href=\"https:\/\/advbox.com.br\/blog\/rito-sumario\/\" \/>\n<meta property=\"og:locale\" content=\"pt_BR\" \/>\n<meta property=\"og:type\" content=\"article\" \/>\n<meta property=\"og:title\" content=\"Rito sum\u00e1rio: o que \u00e9, quais as caracter\u00edsticas e valor da causa\" \/>\n<meta property=\"og:description\" content=\"Entenda o rito sum\u00e1rio, veja suas caracter\u00edsticas como prazos reduzidos e concilia\u00e7\u00e3o e aprenda qual \u00e9 o valor da causa para sua aplica\u00e7\u00e3o.\" \/>\n<meta property=\"og:url\" content=\"https:\/\/advbox.com.br\/blog\/rito-sumario\/\" \/>\n<meta property=\"og:site_name\" content=\"Software Jur\u00eddico Completo - ADVBOX\" \/>\n<meta property=\"article:publisher\" content=\"https:\/\/www.facebook.com\/advbox\/\" \/>\n<meta property=\"article:modified_time\" content=\"2026-04-16T12:52:44+00:00\" \/>\n<meta property=\"og:image\" content=\"https:\/\/advbox.com.br\/blog\/wp-content\/uploads\/2025\/12\/sobrestamento-1.jpg\" \/>\n\t<meta property=\"og:image:width\" content=\"1024\" \/>\n\t<meta property=\"og:image:height\" content=\"576\" \/>\n\t<meta property=\"og:image:type\" content=\"image\/jpeg\" \/>\n<meta name=\"twitter:card\" content=\"summary_large_image\" \/>\n<meta name=\"twitter:site\" content=\"@advbox2\" \/>\n<script type=\"application\/ld+json\" class=\"yoast-schema-graph\">{\"@context\":\"https:\/\/schema.org\",\"@graph\":[{\"@type\":\"WebPage\",\"@id\":\"https:\/\/advbox.com.br\/blog\/rito-sumario\/\",\"url\":\"https:\/\/advbox.com.br\/blog\/rito-sumario\/\",\"name\":\"Rito sum\u00e1rio: o que \u00e9, quais as caracter\u00edsticas e valor da causa\",\"isPartOf\":{\"@id\":\"https:\/\/advbox.com.br\/blog\/#website\"},\"primaryImageOfPage\":{\"@id\":\"https:\/\/advbox.com.br\/blog\/rito-sumario\/#primaryimage\"},\"image\":{\"@id\":\"https:\/\/advbox.com.br\/blog\/rito-sumario\/#primaryimage\"},\"thumbnailUrl\":\"https:\/\/advbox.com.br\/blog\/wp-content\/uploads\/2025\/12\/sobrestamento-1.jpg\",\"datePublished\":\"2026-03-06T23:24:10+00:00\",\"dateModified\":\"2026-04-16T12:52:44+00:00\",\"description\":\"Entenda o rito sum\u00e1rio, veja suas caracter\u00edsticas como prazos reduzidos e concilia\u00e7\u00e3o e aprenda qual \u00e9 o valor da causa para sua aplica\u00e7\u00e3o.\",\"breadcrumb\":{\"@id\":\"https:\/\/advbox.com.br\/blog\/rito-sumario\/#breadcrumb\"},\"inLanguage\":\"pt-BR\",\"potentialAction\":[{\"@type\":\"ReadAction\",\"target\":[\"https:\/\/advbox.com.br\/blog\/rito-sumario\/\"]}]},{\"@type\":\"ImageObject\",\"inLanguage\":\"pt-BR\",\"@id\":\"https:\/\/advbox.com.br\/blog\/rito-sumario\/#primaryimage\",\"url\":\"https:\/\/advbox.com.br\/blog\/wp-content\/uploads\/2025\/12\/sobrestamento-1.jpg\",\"contentUrl\":\"https:\/\/advbox.com.br\/blog\/wp-content\/uploads\/2025\/12\/sobrestamento-1.jpg\",\"width\":1024,\"height\":576,\"caption\":\"Banner institucional da ADVBOX com elemento visual abstrato em tons de azul, representando estrutura, tecnologia e identidade visual da marca\"},{\"@type\":\"BreadcrumbList\",\"@id\":\"https:\/\/advbox.com.br\/blog\/rito-sumario\/#breadcrumb\",\"itemListElement\":[{\"@type\":\"ListItem\",\"position\":1,\"name\":\"In\u00edcio\",\"item\":\"https:\/\/advbox.com.br\/blog\/\"},{\"@type\":\"ListItem\",\"position\":2,\"name\":\"Rito sum\u00e1rio: o que \u00e9, quais as caracter\u00edsticas e valor da causa\"}]},{\"@type\":\"WebSite\",\"@id\":\"https:\/\/advbox.com.br\/blog\/#website\",\"url\":\"https:\/\/advbox.com.br\/blog\/\",\"name\":\"Software Jur\u00eddico Completo - ADVBOX\",\"description\":\"Plataforma para Advocacia Digital\",\"publisher\":{\"@id\":\"https:\/\/advbox.com.br\/blog\/#organization\"},\"potentialAction\":[{\"@type\":\"SearchAction\",\"target\":{\"@type\":\"EntryPoint\",\"urlTemplate\":\"https:\/\/advbox.com.br\/blog\/?s={search_term_string}\"},\"query-input\":{\"@type\":\"PropertyValueSpecification\",\"valueRequired\":true,\"valueName\":\"search_term_string\"}}],\"inLanguage\":\"pt-BR\"},{\"@type\":\"Organization\",\"@id\":\"https:\/\/advbox.com.br\/blog\/#organization\",\"name\":\"ADVBOX Blog - Software jur\u00eddico da advocacia digital\",\"url\":\"https:\/\/advbox.com.br\/blog\/\",\"logo\":{\"@type\":\"ImageObject\",\"inLanguage\":\"pt-BR\",\"@id\":\"https:\/\/advbox.com.br\/blog\/#\/schema\/logo\/image\/\",\"url\":\"https:\/\/advbox.com.br\/blog\/wp-content\/uploads\/2019\/12\/Como-aumentar-a-produtividade_.jpg\",\"contentUrl\":\"https:\/\/advbox.com.br\/blog\/wp-content\/uploads\/2019\/12\/Como-aumentar-a-produtividade_.jpg\",\"width\":320,\"height\":213,\"caption\":\"ADVBOX Blog - Software jur\u00eddico da advocacia digital\"},\"image\":{\"@id\":\"https:\/\/advbox.com.br\/blog\/#\/schema\/logo\/image\/\"},\"sameAs\":[\"https:\/\/www.facebook.com\/advbox\/\",\"https:\/\/x.com\/advbox2\"]}]}<\/script>\n<!-- \/ Yoast SEO plugin. -->","yoast_head_json":{"title":"Rito sum\u00e1rio: o que \u00e9, quais as caracter\u00edsticas e valor da causa","description":"Entenda o rito sum\u00e1rio, veja suas caracter\u00edsticas como prazos reduzidos e concilia\u00e7\u00e3o e aprenda qual \u00e9 o valor da causa para sua aplica\u00e7\u00e3o.","robots":{"index":"index","follow":"follow","max-snippet":"max-snippet:-1","max-image-preview":"max-image-preview:large","max-video-preview":"max-video-preview:-1"},"canonical":"https:\/\/advbox.com.br\/blog\/rito-sumario\/","og_locale":"pt_BR","og_type":"article","og_title":"Rito sum\u00e1rio: o que \u00e9, quais as caracter\u00edsticas e valor da causa","og_description":"Entenda o rito sum\u00e1rio, veja suas caracter\u00edsticas como prazos reduzidos e concilia\u00e7\u00e3o e aprenda qual \u00e9 o valor da causa para sua aplica\u00e7\u00e3o.","og_url":"https:\/\/advbox.com.br\/blog\/rito-sumario\/","og_site_name":"Software Jur\u00eddico Completo - ADVBOX","article_publisher":"https:\/\/www.facebook.com\/advbox\/","article_modified_time":"2026-04-16T12:52:44+00:00","og_image":[{"width":1024,"height":576,"url":"https:\/\/advbox.com.br\/blog\/wp-content\/uploads\/2025\/12\/sobrestamento-1.jpg","type":"image\/jpeg"}],"twitter_card":"summary_large_image","twitter_site":"@advbox2","schema":{"@context":"https:\/\/schema.org","@graph":[{"@type":"WebPage","@id":"https:\/\/advbox.com.br\/blog\/rito-sumario\/","url":"https:\/\/advbox.com.br\/blog\/rito-sumario\/","name":"Rito sum\u00e1rio: o que \u00e9, quais as caracter\u00edsticas e valor da causa","isPartOf":{"@id":"https:\/\/advbox.com.br\/blog\/#website"},"primaryImageOfPage":{"@id":"https:\/\/advbox.com.br\/blog\/rito-sumario\/#primaryimage"},"image":{"@id":"https:\/\/advbox.com.br\/blog\/rito-sumario\/#primaryimage"},"thumbnailUrl":"https:\/\/advbox.com.br\/blog\/wp-content\/uploads\/2025\/12\/sobrestamento-1.jpg","datePublished":"2026-03-06T23:24:10+00:00","dateModified":"2026-04-16T12:52:44+00:00","description":"Entenda o rito sum\u00e1rio, veja suas caracter\u00edsticas como prazos reduzidos e concilia\u00e7\u00e3o e aprenda qual \u00e9 o valor da causa para sua aplica\u00e7\u00e3o.","breadcrumb":{"@id":"https:\/\/advbox.com.br\/blog\/rito-sumario\/#breadcrumb"},"inLanguage":"pt-BR","potentialAction":[{"@type":"ReadAction","target":["https:\/\/advbox.com.br\/blog\/rito-sumario\/"]}]},{"@type":"ImageObject","inLanguage":"pt-BR","@id":"https:\/\/advbox.com.br\/blog\/rito-sumario\/#primaryimage","url":"https:\/\/advbox.com.br\/blog\/wp-content\/uploads\/2025\/12\/sobrestamento-1.jpg","contentUrl":"https:\/\/advbox.com.br\/blog\/wp-content\/uploads\/2025\/12\/sobrestamento-1.jpg","width":1024,"height":576,"caption":"Banner institucional da ADVBOX com elemento visual abstrato em tons de azul, representando estrutura, tecnologia e identidade visual da marca"},{"@type":"BreadcrumbList","@id":"https:\/\/advbox.com.br\/blog\/rito-sumario\/#breadcrumb","itemListElement":[{"@type":"ListItem","position":1,"name":"In\u00edcio","item":"https:\/\/advbox.com.br\/blog\/"},{"@type":"ListItem","position":2,"name":"Rito sum\u00e1rio: o que \u00e9, quais as caracter\u00edsticas e valor da causa"}]},{"@type":"WebSite","@id":"https:\/\/advbox.com.br\/blog\/#website","url":"https:\/\/advbox.com.br\/blog\/","name":"Software Jur\u00eddico Completo - ADVBOX","description":"Plataforma para Advocacia Digital","publisher":{"@id":"https:\/\/advbox.com.br\/blog\/#organization"},"potentialAction":[{"@type":"SearchAction","target":{"@type":"EntryPoint","urlTemplate":"https:\/\/advbox.com.br\/blog\/?s={search_term_string}"},"query-input":{"@type":"PropertyValueSpecification","valueRequired":true,"valueName":"search_term_string"}}],"inLanguage":"pt-BR"},{"@type":"Organization","@id":"https:\/\/advbox.com.br\/blog\/#organization","name":"ADVBOX Blog - Software jur\u00eddico da advocacia digital","url":"https:\/\/advbox.com.br\/blog\/","logo":{"@type":"ImageObject","inLanguage":"pt-BR","@id":"https:\/\/advbox.com.br\/blog\/#\/schema\/logo\/image\/","url":"https:\/\/advbox.com.br\/blog\/wp-content\/uploads\/2019\/12\/Como-aumentar-a-produtividade_.jpg","contentUrl":"https:\/\/advbox.com.br\/blog\/wp-content\/uploads\/2019\/12\/Como-aumentar-a-produtividade_.jpg","width":320,"height":213,"caption":"ADVBOX Blog - Software jur\u00eddico da advocacia digital"},"image":{"@id":"https:\/\/advbox.com.br\/blog\/#\/schema\/logo\/image\/"},"sameAs":["https:\/\/www.facebook.com\/advbox\/","https:\/\/x.com\/advbox2"]}]}},"_links":{"self":[{"href":"https:\/\/advbox.com.br\/blog\/wp-json\/wp\/v2\/pages\/56865","targetHints":{"allow":["GET"]}}],"collection":[{"href":"https:\/\/advbox.com.br\/blog\/wp-json\/wp\/v2\/pages"}],"about":[{"href":"https:\/\/advbox.com.br\/blog\/wp-json\/wp\/v2\/types\/page"}],"author":[{"embeddable":true,"href":"https:\/\/advbox.com.br\/blog\/wp-json\/wp\/v2\/users\/43"}],"replies":[{"embeddable":true,"href":"https:\/\/advbox.com.br\/blog\/wp-json\/wp\/v2\/comments?post=56865"}],"version-history":[{"count":6,"href":"https:\/\/advbox.com.br\/blog\/wp-json\/wp\/v2\/pages\/56865\/revisions"}],"predecessor-version":[{"id":83156,"href":"https:\/\/advbox.com.br\/blog\/wp-json\/wp\/v2\/pages\/56865\/revisions\/83156"}],"wp:featuredmedia":[{"embeddable":true,"href":"https:\/\/advbox.com.br\/blog\/wp-json\/wp\/v2\/media\/79776"}],"wp:attachment":[{"href":"https:\/\/advbox.com.br\/blog\/wp-json\/wp\/v2\/media?parent=56865"}],"curies":[{"name":"wp","href":"https:\/\/api.w.org\/{rel}","templated":true}]}}