{"id":57674,"date":"2025-06-16T11:38:08","date_gmt":"2025-06-16T14:38:08","guid":{"rendered":"https:\/\/advbox.com.br\/blog\/?page_id=57674"},"modified":"2026-02-23T15:44:23","modified_gmt":"2026-02-23T18:44:23","slug":"art-529-cpc","status":"publish","type":"page","link":"https:\/\/advbox.com.br\/blog\/art-529-cpc\/","title":{"rendered":"Art. 529 CPC: o que diz a lei sobre execu\u00e7\u00e3o de alimentos"},"content":{"rendered":"\n<h1 class=\"wp-block-heading\">Art. 529 CPC: o que diz a lei sobre execu\u00e7\u00e3o de alimentos<\/h1>\n\n\n\n<p>O artigo 529 do C\u00f3digo de Processo Civil (CPC) trata especificamente de uma das formas mais eficazes de cobran\u00e7a de d\u00edvidas alimentares: o desconto direto em folha de pagamento do devedor.&nbsp;<\/p>\n\n\n\n<p>Aplicado quando h\u00e1 inadimpl\u00eancia no pagamento da pens\u00e3o aliment\u00edcia, o dispositivo oferece uma alternativa ao pedido de pris\u00e3o civil e garante maior seguran\u00e7a ao credor, geralmente uma crian\u00e7a, adolescente ou ex-c\u00f4njuge. <\/p>\n\n\n\n<p>Neste conte\u00fado, explicamos em detalhes o que diz a lei, como ela funciona na pr\u00e1tica, suas atualiza\u00e7\u00f5es ao longo do tempo e a import\u00e2ncia deste artigo dentro do direito de fam\u00edlia.<\/p>\n\n\n\n<h2 class=\"wp-block-heading\">O que diz o artigo 529 do CPC?<\/h2>\n\n\n\n<p><strong>O artigo 529 do C\u00f3digo de Processo Civil (CPC) trata da forma como deve ser feita a cobran\u00e7a judicial de d\u00edvidas aliment\u00edcias. Ou seja, valores de pens\u00e3o aliment\u00edcia devidos por algu\u00e9m e que n\u00e3o foram pagos voluntariamente. <\/strong><\/p>\n\n\n\n<p><strong>Especificamente, o dispositivo prev\u00ea a possibilidade de desconto direto em folha de pagamento do devedor para garantir o cumprimento da obriga\u00e7\u00e3o alimentar.<\/strong><\/p>\n\n\n\n<p>Esse tipo de execu\u00e7\u00e3o ocorre quando, ap\u00f3s a fixa\u00e7\u00e3o judicial dos alimentos, o respons\u00e1vel pelo pagamento n\u00e3o cumpre espontaneamente a decis\u00e3o. <\/p>\n\n\n\n<p>Nesses casos, o credor (geralmente o representante legal de uma crian\u00e7a ou adolescente) pode ingressar com um pedido de cumprimento de senten\u00e7a com base no artigo 528 do CPC, e, se o devedor tiver v\u00ednculo empregat\u00edcio, aplicar o artigo 529, que permite o desconto direto em folha.<\/p>\n\n\n\n<p>A lei estabelece que o percentual descontado deve ser suficiente para cobrir a pens\u00e3o devida, sem comprometer a subsist\u00eancia do devedor, sendo comum a fixa\u00e7\u00e3o de um limite de at\u00e9 50% dos rendimentos l\u00edquidos mensais, a depender do caso e da decis\u00e3o do juiz.<\/p>\n\n\n\n<p>Mas o artigo n\u00e3o para por a\u00ed. Ao proferir a decis\u00e3o, o juiz toma medidas diretas, oficiando \u00e0 autoridade, empresa ou empregador.<\/p>\n\n\n\n<p>A urg\u00eancia \u00e9 evidente: sob pena de crime de desobedi\u00eancia, o desconto deve ocorrer a partir da primeira remunera\u00e7\u00e3o posterior do devedor. Esta a\u00e7\u00e3o refor\u00e7a a seriedade e a imperatividade da lei.<\/p>\n\n\n\n<p>O artigo tamb\u00e9m estabelece a forma que ser\u00e1 enviada: o of\u00edcio deve conter informa\u00e7\u00f5es cruciais, como o nome e CPF tanto do exequente quanto do executado, a quantia mensal a ser descontada, o per\u00edodo de dura\u00e7\u00e3o desse desconto e, crucialmente, a conta destinada ao dep\u00f3sito.<\/p>\n\n\n\n<p>Essa transpar\u00eancia e organiza\u00e7\u00e3o buscam tornar o processo mais \u00e1gil e sem equ\u00edvocos.<\/p>\n\n\n\n<p>Assim, o texto enfatiza a flexibilidade e a justi\u00e7a. Mesmo que se busque o pagamento dos alimentos vincendos, a lei protege o executado de exageros.<\/p>\n\n\n\n<p>O d\u00e9bito em execu\u00e7\u00e3o pode ser descontado parceladamente de seus rendimentos, por\u00e9m com um limite: a soma das parcelas n\u00e3o pode ultrapassar cinquenta por cento de seus ganhos l\u00edquidos.<\/p>\n\n\n\n<p>Analisando o artigo 529, percebemos uma estrat\u00e9gia clara do legislador: fornecer meios \u00e1geis, justos e transparentes para assegurar direitos.<\/p>\n\n\n\n<p>Em um contexto onde a <a href=\"https:\/\/advbox.com.br\/blog\/estrutura-do-poder-judiciario\/\" target=\"_blank\">justi\u00e7a<\/a> pode enfrentar entraves, dispositivos como este mostram um esfor\u00e7o cont\u00ednuo em favorecer a efici\u00eancia e a equidade, especialmente em temas t\u00e3o essenciais como a presta\u00e7\u00e3o aliment\u00edcia.<\/p>\n\n\n\n<h3 class=\"wp-block-heading\">Como o artigo 529 se relaciona com os artigos 525 e 528?<\/h3>\n\n\n\n<p><strong>O artigo 529 se insere no contexto da execu\u00e7\u00e3o de alimentos e est\u00e1 diretamente ligado aos artigos 525 e 528, que tratam de diferentes aspectos da execu\u00e7\u00e3o de obriga\u00e7\u00f5es pecuni\u00e1rias e de alimentos<\/strong>.<\/p>\n\n\n\n<p><strong>Assim, o Artigo 525 trata da impugna\u00e7\u00e3o ao cumprimento de senten\u00e7a de obriga\u00e7\u00e3o pecuni\u00e1ria em geral. <\/strong>Portanto, permite que o devedor apresente defesa e aponte irregularidades na execu\u00e7\u00e3o, como erro de c\u00e1lculo ou excesso de execu\u00e7\u00e3o.<\/p>\n\n\n\n<p>Contudo, a impugna\u00e7\u00e3o n\u00e3o tem efeito suspensivo autom\u00e1tico, ou seja, n\u00e3o impede a continuidade da execu\u00e7\u00e3o. <strong>J\u00e1 o <\/strong><a href=\"https:\/\/advbox.com.br\/blog\/art-528-do-cpc\/\" target=\"_blank\"><strong>Artigo 528<\/strong><\/a><strong> trata especificamente da <\/strong><a href=\"https:\/\/advbox.com.br\/blog\/modelos\/acao-de-execucao-de-alimentos-fatos-e-direito-juntos\/\" target=\"_blank\"><strong>execu\u00e7\u00e3o de alimentos<\/strong><\/a><strong>, estabelecendo que, caso o devedor n\u00e3o pague voluntariamente, o credor pode optar por uma execu\u00e7\u00e3o por expropria\u00e7\u00e3o de bens (cobran\u00e7a for\u00e7ada) ou pelo rito coercitivo (pris\u00e3o).&nbsp;<\/strong><\/p>\n\n\n\n<p>O par\u00e1grafo 7\u00ba do artigo 528 determina que, caso n\u00e3o haja pagamento, o juiz pode decretar a pris\u00e3o do devedor por at\u00e9 3 meses. Ou seja, o artigo 529 \u00e9 uma alternativa \u00e0 pris\u00e3o do devedor (prevista no artigo 528), permitindo que os alimentos sejam descontados diretamente na folha de pagamento, garantindo o sustento do alimentando de forma mais eficiente.<\/p>\n\n\n\n<h2 class=\"wp-block-heading\">Qual a import\u00e2ncia do artigo 529 para o direito de fam\u00edlia?<\/h2>\n\n\n\n<p>O artigo 529 \u00e9 fundamental para o <a href=\"https:\/\/advbox.com.br\/blog\/atraindo-clientes-direito-da-familia\/\" target=\"_blank\">direito de fam\u00edlia<\/a>, pois <strong>assegura a efetividade do pagamento da pens\u00e3o aliment\u00edcia<\/strong>. Ao prever o desconto autom\u00e1tico na folha de pagamento, ele <strong>reduz as chances de inadimpl\u00eancia, garantindo que o credor receba os valores de forma cont\u00ednua<\/strong>.<\/p>\n\n\n\n<p>Evita a pris\u00e3o do devedor como primeira medida. Afinal, a pris\u00e3o civil \u00e9 um meio coercitivo extremo e pode prejudicar a capacidade do devedor de pagar os alimentos. O desconto em folha \u00e9 uma alternativa que protege tanto o devedor quanto o credor.<\/p>\n\n\n\n<p>Consequentemente, traz maior seguran\u00e7a jur\u00eddica e previsibilidade, uma vez que o credor sabe que o pagamento ser\u00e1 feito de forma autom\u00e1tica, e o devedor tem a garantia de que apenas os valores fixados pelo juiz ser\u00e3o descontados. Assim como garante o sustento de crian\u00e7as e dependentes.&nbsp;<\/p>\n\n\n\n<h2 class=\"wp-block-heading\">Quais as altera\u00e7\u00f5es sofridas pelo artigo 529 ao longo do tempo?<\/h2>\n\n\n\n<p><strong>O artigo 529 do C\u00f3digo de Processo Civil sofreu uma altera\u00e7\u00e3o importante em 2022, com a inclus\u00e3o do \u00a73\u00ba, que refor\u00e7a o limite de at\u00e9 50% do sal\u00e1rio l\u00edquido do devedor para descontos relacionados a d\u00edvidas alimentares. <\/strong><\/p>\n\n\n\n<p><strong>Essa mudan\u00e7a buscou equilibrar a efetividade da cobran\u00e7a com a garantia da subsist\u00eancia do devedor.<\/strong><\/p>\n\n\n\n<p><strong>Desde a entrada em vigor do <\/strong><a href=\"https:\/\/advbox.com.br\/blog\/cpc-2015\/\" target=\"_blank\"><strong>C\u00f3digo de Processo Civil de 2015<\/strong><\/a><strong>, o artigo 529 tem sido aplicado de forma consistente, mas algumas interpreta\u00e7\u00f5es e regulamenta\u00e7\u00f5es impactaram sua aplica\u00e7\u00e3o, como a amplia\u00e7\u00e3o das fontes de desconto.<\/strong><\/p>\n\n\n\n<p>Desse modo, a <a href=\"https:\/\/advbox.com.br\/blog\/o-que-e-para-que-serve-jurisprudencia\/\" target=\"_blank\">jurisprud\u00eancia<\/a> consolidou que o desconto pode ser feito n\u00e3o apenas sobre o sal\u00e1rio, mas tamb\u00e9m sobre outras fontes de renda do devedor, como aposentadoria e pens\u00f5es.<\/p>\n\n\n\n<p>Em contrapartida, tamb\u00e9m definiu limites para o desconto. Com isso, o percentual de desconto da folha de pagamento deve ser compat\u00edvel com a sobreviv\u00eancia do devedor, geralmente limitado a 50% do sal\u00e1rio l\u00edquido (art. 529, \u00a7 3\u00ba).<\/p>\n\n\n\n<p>Al\u00e9m disso, as altera\u00e7\u00f5es inclu\u00edram novas formas de renda. Tribunais t\u00eam decidido que outras formas de remunera\u00e7\u00e3o, como pagamentos via PIX, rendimentos de freelancers e participa\u00e7\u00e3o nos lucros, tamb\u00e9m podem ser alvo de desconto.<\/p>\n\n\n\n<h2 class=\"wp-block-heading\">Como \u00e9 o processo de execu\u00e7\u00e3o de alimentos?<\/h2>\n\n\n\n<p><strong>O processo de execu\u00e7\u00e3o de alimentos ocorre quando o devedor n\u00e3o cumpre voluntariamente a obriga\u00e7\u00e3o de pagar a pens\u00e3o aliment\u00edcia fixada por decis\u00e3o judicial. <\/strong><\/p>\n\n\n\n<p>Nesse caso, o credor pode acionar o Judici\u00e1rio para exigir o pagamento por meio de cobran\u00e7a for\u00e7ada, que pode resultar em desconto em folha, penhora de bens ou at\u00e9 pris\u00e3o civil.<\/p>\n\n\n\n<p>A agilidade do <a href=\"https:\/\/advbox.com.br\/blog\/pensao-alimenticia\/\" target=\"_blank\">processo de execu\u00e7\u00e3o de alimentos<\/a> n\u00e3o \u00e9 mera coincid\u00eancia. A rapidez \u00e9 essencial devido \u00e0 urg\u00eancia inerente em atender necessidades b\u00e1sicas, como alimenta\u00e7\u00e3o, moradia e sa\u00fade.<\/p>\n\n\n\n<p><strong>Em suma, cada dia de atraso no pagamento pode acarretar riscos significativos \u00e0 qualidade de vida e at\u00e9 \u00e0 sobreviv\u00eancia do credor.<\/strong> O art 529 CPC desempenha um papel vital neste contexto.<\/p>\n\n\n\n<p>Especificamente, ele estabelece a possibilidade de desconto em folha de pagamento da d\u00edvida alimentar quando o devedor ocupa certas posi\u00e7\u00f5es profissionais, como funcion\u00e1rio p\u00fablico ou empregado regido pela legisla\u00e7\u00e3o trabalhista.<\/p>\n\n\n\n<p>Adicionalmente, o artigo detalha os procedimentos que o juiz deve seguir para garantir esse desconto, refor\u00e7ando as medidas para assegurar o cumprimento da obriga\u00e7\u00e3o alimentar.<\/p>\n\n\n\n<p><strong>Deste modo, torna-se evidente que o processo de execu\u00e7\u00e3o de alimentos tem como foco principal garantir um direito, e n\u00e3o simplesmente penalizar.<\/strong><\/p>\n\n\n\n<p>A efici\u00eancia e a rapidez deste procedimento evidenciam a import\u00e2ncia que o ordenamento jur\u00eddico brasileiro d\u00e1 ao direito alimentar, sublinhando o compromisso do Estado em proteger seus cidad\u00e3os e assegurar sua dignidade.<\/p>\n\n\n\n<h2 class=\"wp-block-heading\">O que s\u00e3o alimentos vincendos?<\/h2>\n\n\n\n<p><strong>Os \u201calimentos vincendos\u201d referem-se \u00e0s presta\u00e7\u00f5es aliment\u00edcias futuras, ou seja, aquelas que ainda n\u00e3o venceram, mas est\u00e3o previstas para serem pagas em datas futuras.<\/strong><\/p>\n\n\n\n<p>Considere, por exemplo, um <a href=\"https:\/\/advbox.com.br\/blog\/acordo-de-pensao-alimenticia\/\" target=\"_blank\">acordo<\/a> ou <a href=\"https:\/\/advbox.com.br\/blog\/o-que-e-sentenca\/\" target=\"_blank\">senten\u00e7a<\/a> que determina um pagamento mensal de alimentos. A cada novo m\u00eas, surge uma nova obriga\u00e7\u00e3o a ser cumprida pelo devedor.<\/p>\n\n\n\n<p>Mas, qual a distin\u00e7\u00e3o entre alimentos vincendos e vencidos? Enquanto os vencidos s\u00e3o aqueles cujo prazo j\u00e1 passou e o devedor n\u00e3o quitou, os vincendos s\u00e3o as obriga\u00e7\u00f5es futuras que ainda est\u00e3o por vencer.<\/p>\n\n\n\n<p>Inegavelmente, aqui entra a relev\u00e2ncia do art 529 CPC. Este dispositivo n\u00e3o s\u00f3 aborda o desconto em folha dos d\u00e9bitos de alimentos, mas tamb\u00e9m estabelece a possibilidade de desconto dos alimentos vincendos.<\/p>\n\n\n\n<p>Mais do que apenas recuperar valores em atraso, essa norma visa garantir ao benefici\u00e1rio o recebimento cont\u00ednuo dos alimentos, assegurando tanto pagamentos passados quanto futuros.<\/p>\n\n\n\n<p>Por isso, compreender a no\u00e7\u00e3o de \u201calimentos vincendos\u201d \u00e9 crucial. Ela sublinha a persist\u00eancia da obriga\u00e7\u00e3o alimentar e o esfor\u00e7o do ordenamento jur\u00eddico brasileiro em resguardar os direitos dos credores.<\/p>\n\n\n\n<h2 class=\"wp-block-heading\">Conclus\u00e3o<\/h2>\n\n\n\n<p>O artigo 529 do CPC \u00e9 uma ferramenta essencial para assegurar o cumprimento da obriga\u00e7\u00e3o alimentar com agilidade e efetividade. Ao prever o desconto em folha como forma de execu\u00e7\u00e3o, ele concilia o direito do credor de receber a pens\u00e3o com a manuten\u00e7\u00e3o da dignidade do devedor.&nbsp;<\/p>\n\n\n\n<p>Al\u00e9m disso, refor\u00e7a o compromisso do ordenamento jur\u00eddico brasileiro com a prote\u00e7\u00e3o de crian\u00e7as, adolescentes e demais benefici\u00e1rios de alimentos. <\/p>\n\n\n\n<p>A ADVBOX estrutura a gest\u00e3o do escrit\u00f3rio para advogados que buscam produtividade, organiza\u00e7\u00e3o e controle real dos processos. A plataforma combina automa\u00e7\u00e3o inteligente com um banco estrat\u00e9gico de mais de 15 mil peti\u00e7\u00f5es, garantindo consist\u00eancia jur\u00eddica, efici\u00eancia operacional e seguran\u00e7a na atua\u00e7\u00e3o.<\/p>\n\n\n\n<p><a href=\"https:\/\/app.advbox.com.br\/register\" target=\"_blank\">Experimente a plataforma<\/a> e transforme produ\u00e7\u00e3o jur\u00eddica em uma opera\u00e7\u00e3o previs\u00edvel e profissional.<\/p>\n\n\n\n<figure class=\"wp-block-image size-full\"><a href=\"https:\/\/advbox.com.br\/blog\/como-automatizar-seus-modelos-de-peticoes\/\" target=\"_blank\"><img fetchpriority=\"high\" decoding=\"async\" width=\"1024\" height=\"270\" src=\"https:\/\/advbox.com.br\/blog\/wp-content\/uploads\/2025\/12\/CTA-REBRANDING-17.webp\" alt=\"Banner com imagem ilustrativa de peti\u00e7\u00f5es automatizadas, destacando redu\u00e7\u00e3o de erros e ganho de escala na automa\u00e7\u00e3o jur\u00eddica para advogados\" class=\"wp-image-79760\" srcset=\"https:\/\/advbox.com.br\/blog\/wp-content\/uploads\/2025\/12\/CTA-REBRANDING-17.webp 1024w, https:\/\/advbox.com.br\/blog\/wp-content\/uploads\/2025\/12\/CTA-REBRANDING-17-500x132.webp 500w, https:\/\/advbox.com.br\/blog\/wp-content\/uploads\/2025\/12\/CTA-REBRANDING-17-768x203.webp 768w, https:\/\/advbox.com.br\/blog\/wp-content\/uploads\/2025\/12\/CTA-REBRANDING-17-150x40.webp 150w\" sizes=\"(max-width: 1024px) 100vw, 1024px\" \/><\/a><\/figure>\n","protected":false},"excerpt":{"rendered":"<p>Art. 529 CPC: o que diz a lei sobre execu\u00e7\u00e3o de alimentos O artigo 529 do C\u00f3digo de Processo Civil (CPC) trata especificamente de uma das formas mais eficazes de cobran\u00e7a de d\u00edvidas alimentares: o desconto direto em folha de pagamento do devedor.&nbsp; Aplicado quando h\u00e1 inadimpl\u00eancia no pagamento da [&hellip;]<\/p>\n","protected":false},"author":43,"featured_media":79776,"parent":0,"menu_order":0,"comment_status":"closed","ping_status":"closed","template":"","meta":{"_acf_changed":false,"om_disable_all_campaigns":false,"footnotes":""},"class_list":["post-57674","page","type-page","status-publish","has-post-thumbnail","hentry"],"acf":[],"yoast_head":"<!-- This site is optimized with the Yoast SEO plugin v26.9 - https:\/\/yoast.com\/product\/yoast-seo-wordpress\/ -->\n<title>Art. 529 CPC: o que diz a lei sobre execu\u00e7\u00e3o de alimentos<\/title>\n<meta name=\"description\" content=\"Saiba do que se trata o artigo 529 do CPC. Entenda qual a sua import\u00e2ncia e como \u00e9 o processo de execu\u00e7\u00e3o de alimentos.\" \/>\n<meta name=\"robots\" content=\"index, follow, max-snippet:-1, max-image-preview:large, max-video-preview:-1\" \/>\n<link rel=\"canonical\" href=\"https:\/\/advbox.com.br\/blog\/art-529-cpc\/\" \/>\n<meta property=\"og:locale\" content=\"pt_BR\" \/>\n<meta property=\"og:type\" content=\"article\" \/>\n<meta property=\"og:title\" content=\"Art. 529 CPC: o que diz a lei sobre execu\u00e7\u00e3o de alimentos\" \/>\n<meta property=\"og:description\" content=\"Saiba do que se trata o artigo 529 do CPC. Entenda qual a sua import\u00e2ncia e como \u00e9 o processo de execu\u00e7\u00e3o de alimentos.\" \/>\n<meta property=\"og:url\" content=\"https:\/\/advbox.com.br\/blog\/art-529-cpc\/\" \/>\n<meta property=\"og:site_name\" content=\"Software Jur\u00eddico Completo - ADVBOX\" \/>\n<meta property=\"article:publisher\" content=\"https:\/\/www.facebook.com\/advbox\/\" \/>\n<meta property=\"article:modified_time\" content=\"2026-02-23T18:44:23+00:00\" \/>\n<meta property=\"og:image\" content=\"https:\/\/advbox.com.br\/blog\/wp-content\/uploads\/2025\/12\/sobrestamento-1.jpg\" \/>\n\t<meta property=\"og:image:width\" content=\"1024\" \/>\n\t<meta property=\"og:image:height\" content=\"576\" \/>\n\t<meta property=\"og:image:type\" content=\"image\/jpeg\" \/>\n<meta name=\"twitter:card\" content=\"summary_large_image\" \/>\n<meta name=\"twitter:site\" content=\"@advbox2\" \/>\n<script type=\"application\/ld+json\" class=\"yoast-schema-graph\">{\"@context\":\"https:\/\/schema.org\",\"@graph\":[{\"@type\":\"WebPage\",\"@id\":\"https:\/\/advbox.com.br\/blog\/art-529-cpc\/\",\"url\":\"https:\/\/advbox.com.br\/blog\/art-529-cpc\/\",\"name\":\"Art. 529 CPC: o que diz a lei sobre execu\u00e7\u00e3o de alimentos\",\"isPartOf\":{\"@id\":\"https:\/\/advbox.com.br\/blog\/#website\"},\"primaryImageOfPage\":{\"@id\":\"https:\/\/advbox.com.br\/blog\/art-529-cpc\/#primaryimage\"},\"image\":{\"@id\":\"https:\/\/advbox.com.br\/blog\/art-529-cpc\/#primaryimage\"},\"thumbnailUrl\":\"https:\/\/advbox.com.br\/blog\/wp-content\/uploads\/2025\/12\/sobrestamento-1.jpg\",\"datePublished\":\"2025-06-16T14:38:08+00:00\",\"dateModified\":\"2026-02-23T18:44:23+00:00\",\"description\":\"Saiba do que se trata o artigo 529 do CPC. Entenda qual a sua import\u00e2ncia e como \u00e9 o processo de execu\u00e7\u00e3o de alimentos.\",\"breadcrumb\":{\"@id\":\"https:\/\/advbox.com.br\/blog\/art-529-cpc\/#breadcrumb\"},\"inLanguage\":\"pt-BR\",\"potentialAction\":[{\"@type\":\"ReadAction\",\"target\":[\"https:\/\/advbox.com.br\/blog\/art-529-cpc\/\"]}]},{\"@type\":\"ImageObject\",\"inLanguage\":\"pt-BR\",\"@id\":\"https:\/\/advbox.com.br\/blog\/art-529-cpc\/#primaryimage\",\"url\":\"https:\/\/advbox.com.br\/blog\/wp-content\/uploads\/2025\/12\/sobrestamento-1.jpg\",\"contentUrl\":\"https:\/\/advbox.com.br\/blog\/wp-content\/uploads\/2025\/12\/sobrestamento-1.jpg\",\"width\":1024,\"height\":576,\"caption\":\"Banner institucional da ADVBOX com elemento visual abstrato em tons de azul, representando estrutura, tecnologia e identidade visual da marca\"},{\"@type\":\"BreadcrumbList\",\"@id\":\"https:\/\/advbox.com.br\/blog\/art-529-cpc\/#breadcrumb\",\"itemListElement\":[{\"@type\":\"ListItem\",\"position\":1,\"name\":\"In\u00edcio\",\"item\":\"https:\/\/advbox.com.br\/blog\/\"},{\"@type\":\"ListItem\",\"position\":2,\"name\":\"Art. 529 CPC: o que diz a lei sobre execu\u00e7\u00e3o de alimentos\"}]},{\"@type\":\"WebSite\",\"@id\":\"https:\/\/advbox.com.br\/blog\/#website\",\"url\":\"https:\/\/advbox.com.br\/blog\/\",\"name\":\"Software Jur\u00eddico Completo - ADVBOX\",\"description\":\"Plataforma para Advocacia Digital\",\"publisher\":{\"@id\":\"https:\/\/advbox.com.br\/blog\/#organization\"},\"potentialAction\":[{\"@type\":\"SearchAction\",\"target\":{\"@type\":\"EntryPoint\",\"urlTemplate\":\"https:\/\/advbox.com.br\/blog\/?s={search_term_string}\"},\"query-input\":{\"@type\":\"PropertyValueSpecification\",\"valueRequired\":true,\"valueName\":\"search_term_string\"}}],\"inLanguage\":\"pt-BR\"},{\"@type\":\"Organization\",\"@id\":\"https:\/\/advbox.com.br\/blog\/#organization\",\"name\":\"ADVBOX Blog - Software jur\u00eddico da advocacia digital\",\"url\":\"https:\/\/advbox.com.br\/blog\/\",\"logo\":{\"@type\":\"ImageObject\",\"inLanguage\":\"pt-BR\",\"@id\":\"https:\/\/advbox.com.br\/blog\/#\/schema\/logo\/image\/\",\"url\":\"https:\/\/advbox.com.br\/blog\/wp-content\/uploads\/2019\/12\/Como-aumentar-a-produtividade_.jpg\",\"contentUrl\":\"https:\/\/advbox.com.br\/blog\/wp-content\/uploads\/2019\/12\/Como-aumentar-a-produtividade_.jpg\",\"width\":320,\"height\":213,\"caption\":\"ADVBOX Blog - Software jur\u00eddico da advocacia digital\"},\"image\":{\"@id\":\"https:\/\/advbox.com.br\/blog\/#\/schema\/logo\/image\/\"},\"sameAs\":[\"https:\/\/www.facebook.com\/advbox\/\",\"https:\/\/x.com\/advbox2\"]}]}<\/script>\n<!-- \/ Yoast SEO plugin. -->","yoast_head_json":{"title":"Art. 529 CPC: o que diz a lei sobre execu\u00e7\u00e3o de alimentos","description":"Saiba do que se trata o artigo 529 do CPC. Entenda qual a sua import\u00e2ncia e como \u00e9 o processo de execu\u00e7\u00e3o de alimentos.","robots":{"index":"index","follow":"follow","max-snippet":"max-snippet:-1","max-image-preview":"max-image-preview:large","max-video-preview":"max-video-preview:-1"},"canonical":"https:\/\/advbox.com.br\/blog\/art-529-cpc\/","og_locale":"pt_BR","og_type":"article","og_title":"Art. 529 CPC: o que diz a lei sobre execu\u00e7\u00e3o de alimentos","og_description":"Saiba do que se trata o artigo 529 do CPC. Entenda qual a sua import\u00e2ncia e como \u00e9 o processo de execu\u00e7\u00e3o de alimentos.","og_url":"https:\/\/advbox.com.br\/blog\/art-529-cpc\/","og_site_name":"Software Jur\u00eddico Completo - ADVBOX","article_publisher":"https:\/\/www.facebook.com\/advbox\/","article_modified_time":"2026-02-23T18:44:23+00:00","og_image":[{"width":1024,"height":576,"url":"https:\/\/advbox.com.br\/blog\/wp-content\/uploads\/2025\/12\/sobrestamento-1.jpg","type":"image\/jpeg"}],"twitter_card":"summary_large_image","twitter_site":"@advbox2","schema":{"@context":"https:\/\/schema.org","@graph":[{"@type":"WebPage","@id":"https:\/\/advbox.com.br\/blog\/art-529-cpc\/","url":"https:\/\/advbox.com.br\/blog\/art-529-cpc\/","name":"Art. 529 CPC: o que diz a lei sobre execu\u00e7\u00e3o de alimentos","isPartOf":{"@id":"https:\/\/advbox.com.br\/blog\/#website"},"primaryImageOfPage":{"@id":"https:\/\/advbox.com.br\/blog\/art-529-cpc\/#primaryimage"},"image":{"@id":"https:\/\/advbox.com.br\/blog\/art-529-cpc\/#primaryimage"},"thumbnailUrl":"https:\/\/advbox.com.br\/blog\/wp-content\/uploads\/2025\/12\/sobrestamento-1.jpg","datePublished":"2025-06-16T14:38:08+00:00","dateModified":"2026-02-23T18:44:23+00:00","description":"Saiba do que se trata o artigo 529 do CPC. Entenda qual a sua import\u00e2ncia e como \u00e9 o processo de execu\u00e7\u00e3o de alimentos.","breadcrumb":{"@id":"https:\/\/advbox.com.br\/blog\/art-529-cpc\/#breadcrumb"},"inLanguage":"pt-BR","potentialAction":[{"@type":"ReadAction","target":["https:\/\/advbox.com.br\/blog\/art-529-cpc\/"]}]},{"@type":"ImageObject","inLanguage":"pt-BR","@id":"https:\/\/advbox.com.br\/blog\/art-529-cpc\/#primaryimage","url":"https:\/\/advbox.com.br\/blog\/wp-content\/uploads\/2025\/12\/sobrestamento-1.jpg","contentUrl":"https:\/\/advbox.com.br\/blog\/wp-content\/uploads\/2025\/12\/sobrestamento-1.jpg","width":1024,"height":576,"caption":"Banner institucional da ADVBOX com elemento visual abstrato em tons de azul, representando estrutura, tecnologia e identidade visual da marca"},{"@type":"BreadcrumbList","@id":"https:\/\/advbox.com.br\/blog\/art-529-cpc\/#breadcrumb","itemListElement":[{"@type":"ListItem","position":1,"name":"In\u00edcio","item":"https:\/\/advbox.com.br\/blog\/"},{"@type":"ListItem","position":2,"name":"Art. 529 CPC: o que diz a lei sobre execu\u00e7\u00e3o de alimentos"}]},{"@type":"WebSite","@id":"https:\/\/advbox.com.br\/blog\/#website","url":"https:\/\/advbox.com.br\/blog\/","name":"Software Jur\u00eddico Completo - ADVBOX","description":"Plataforma para Advocacia Digital","publisher":{"@id":"https:\/\/advbox.com.br\/blog\/#organization"},"potentialAction":[{"@type":"SearchAction","target":{"@type":"EntryPoint","urlTemplate":"https:\/\/advbox.com.br\/blog\/?s={search_term_string}"},"query-input":{"@type":"PropertyValueSpecification","valueRequired":true,"valueName":"search_term_string"}}],"inLanguage":"pt-BR"},{"@type":"Organization","@id":"https:\/\/advbox.com.br\/blog\/#organization","name":"ADVBOX Blog - Software jur\u00eddico da advocacia digital","url":"https:\/\/advbox.com.br\/blog\/","logo":{"@type":"ImageObject","inLanguage":"pt-BR","@id":"https:\/\/advbox.com.br\/blog\/#\/schema\/logo\/image\/","url":"https:\/\/advbox.com.br\/blog\/wp-content\/uploads\/2019\/12\/Como-aumentar-a-produtividade_.jpg","contentUrl":"https:\/\/advbox.com.br\/blog\/wp-content\/uploads\/2019\/12\/Como-aumentar-a-produtividade_.jpg","width":320,"height":213,"caption":"ADVBOX Blog - Software jur\u00eddico da advocacia digital"},"image":{"@id":"https:\/\/advbox.com.br\/blog\/#\/schema\/logo\/image\/"},"sameAs":["https:\/\/www.facebook.com\/advbox\/","https:\/\/x.com\/advbox2"]}]}},"_links":{"self":[{"href":"https:\/\/advbox.com.br\/blog\/wp-json\/wp\/v2\/pages\/57674","targetHints":{"allow":["GET"]}}],"collection":[{"href":"https:\/\/advbox.com.br\/blog\/wp-json\/wp\/v2\/pages"}],"about":[{"href":"https:\/\/advbox.com.br\/blog\/wp-json\/wp\/v2\/types\/page"}],"author":[{"embeddable":true,"href":"https:\/\/advbox.com.br\/blog\/wp-json\/wp\/v2\/users\/43"}],"replies":[{"embeddable":true,"href":"https:\/\/advbox.com.br\/blog\/wp-json\/wp\/v2\/comments?post=57674"}],"version-history":[{"count":7,"href":"https:\/\/advbox.com.br\/blog\/wp-json\/wp\/v2\/pages\/57674\/revisions"}],"predecessor-version":[{"id":82040,"href":"https:\/\/advbox.com.br\/blog\/wp-json\/wp\/v2\/pages\/57674\/revisions\/82040"}],"wp:featuredmedia":[{"embeddable":true,"href":"https:\/\/advbox.com.br\/blog\/wp-json\/wp\/v2\/media\/79776"}],"wp:attachment":[{"href":"https:\/\/advbox.com.br\/blog\/wp-json\/wp\/v2\/media?parent=57674"}],"curies":[{"name":"wp","href":"https:\/\/api.w.org\/{rel}","templated":true}]}}