{"id":59610,"date":"2023-12-13T15:54:01","date_gmt":"2023-12-13T18:54:01","guid":{"rendered":"https:\/\/advbox.com.br\/blog\/?page_id=59610"},"modified":"2023-12-13T15:54:01","modified_gmt":"2023-12-13T18:54:01","slug":"cpc-artigo-304","status":"publish","type":"page","link":"https:\/\/advbox.com.br\/blog\/cpc-artigo-304\/","title":{"rendered":"Artigo 304 CPC \u2013 C\u00f3digo de Processo Civil"},"content":{"rendered":"<p><em>Lei N\u00ba 13.105, de 16 de mar\u00e7o de 2015<\/em>\u00a0<em>\u2013 Artigo 304 CPC.<\/em><\/p><h2 class=\"wp-block-heading\">Artigo 304 CPC<\/h2><p>Art. 304. A tutela antecipada, concedida nos termos do\u00a0<a href=\"https:\/\/www.planalto.gov.br\/ccivil_03\/_ato2015-2018\/2015\/lei\/L13105.htm#art303\" target=\"_blank\">art. 303\u00a0<\/a>, torna-se est\u00e1vel se da decis\u00e3o que a conceder n\u00e3o for interposto o respectivo recurso.<\/p><p><a><\/a>\u00a7 1\u00ba No caso previsto no\u00a0caput\u00a0, o processo ser\u00e1 extinto.<\/p><p><a><\/a>\u00a7 2\u00ba Qualquer das partes poder\u00e1 demandar a outra com o intuito de rever, reformar ou invalidar a tutela antecipada estabilizada nos termos do\u00a0caput\u00a0.<\/p><p><a><\/a>\u00a7 3\u00ba A tutela antecipada conservar\u00e1 seus efeitos enquanto n\u00e3o revista, reformada ou invalidada por decis\u00e3o de m\u00e9rito proferida na a\u00e7\u00e3o de que trata o \u00a7 2\u00ba.<\/p><p><a><\/a>\u00a7 4\u00ba Qualquer das partes poder\u00e1 requerer o desarquivamento dos autos em que foi concedida a medida, para instruir a peti\u00e7\u00e3o inicial da a\u00e7\u00e3o a que se refere o \u00a7 2\u00ba, prevento o ju\u00edzo em que a tutela antecipada foi concedida.<\/p><p><a><\/a>\u00a7 5\u00ba O direito de rever, reformar ou invalidar a tutela antecipada, previsto no \u00a7 2\u00ba deste artigo, extingue-se ap\u00f3s 2 (dois) anos, contados da ci\u00eancia da decis\u00e3o que extinguiu o processo, nos termos do \u00a7 1\u00ba.<\/p><p>\u00a7 6\u00ba A decis\u00e3o que concede a tutela n\u00e3o far\u00e1 coisa julgada, mas a estabilidade dos respectivos efeitos s\u00f3 ser\u00e1 afastada por decis\u00e3o que a revir, reformar ou invalidar, proferida em a\u00e7\u00e3o ajuizada por uma das partes, nos termos do \u00a7 2\u00ba deste artigo.<\/p><h2 class=\"wp-block-heading\">Acesse o CPC completo ou separadamente:<\/h2><p><a href=\"https:\/\/advbox.com.br\/blog\/cpc-codigo-de-processo-civil\/\" target=\"_blank\" rel=\"noreferrer noopener\" target=\"_blank\"><strong>CPC completo<\/strong><\/a><\/p><p><strong><a href=\"https:\/\/advbox.com.br\/blog\/cpc-artigo-303\/\" target=\"_blank\">Artigo 303<\/a><\/strong><\/p><p><strong>Acelere seu trabalho, automatize procura\u00e7\u00f5es, contratos e peti\u00e7\u00f5es no seu escrit\u00f3rio. Saiba como:\u00a0<a href=\"https:\/\/advbox.com.br\/blog\/como-automatizar-seus-modelos-de-peticoes\/\" target=\"_blank\">clique aqui<\/a><\/strong><\/p>\n","protected":false},"excerpt":{"rendered":"<p>Lei N\u00ba 13.105, de 16 de mar\u00e7o de 2015\u00a0\u2013 Artigo 304 CPC. Artigo 304 CPC Art. 304. A tutela antecipada, concedida nos termos do\u00a0art. 303\u00a0, torna-se est\u00e1vel se da decis\u00e3o que a conceder n\u00e3o for interposto o respectivo recurso. \u00a7 1\u00ba No caso previsto no\u00a0caput\u00a0, o processo ser\u00e1 extinto. \u00a7 [&hellip;]<\/p>\n","protected":false},"author":44,"featured_media":0,"parent":0,"menu_order":0,"comment_status":"closed","ping_status":"closed","template":"","meta":{"_acf_changed":false,"om_disable_all_campaigns":false,"footnotes":""},"class_list":["post-59610","page","type-page","status-publish","hentry"],"acf":[],"yoast_head":"<!-- This site is optimized with the Yoast SEO plugin v26.9 - https:\/\/yoast.com\/product\/yoast-seo-wordpress\/ -->\n<title>Artigo 304 CPC | ADVBOX<\/title>\n<meta name=\"description\" content=\"Artigo 304 CPC - C\u00f3digo de Processo Civil - Art. 304. A tutela antecipada, concedida nos termos do art. 303 , torna-se est\u00e1vel se [continua]\" \/>\n<meta name=\"robots\" content=\"index, follow, max-snippet:-1, max-image-preview:large, max-video-preview:-1\" \/>\n<link rel=\"canonical\" href=\"https:\/\/advbox.com.br\/blog\/cpc-artigo-304\/\" \/>\n<meta property=\"og:locale\" content=\"pt_BR\" \/>\n<meta property=\"og:type\" content=\"article\" \/>\n<meta property=\"og:title\" content=\"Artigo 304 CPC | ADVBOX\" \/>\n<meta property=\"og:description\" content=\"Artigo 304 CPC - C\u00f3digo de Processo Civil - Art. 304. A tutela antecipada, concedida nos termos do art. 303 , torna-se est\u00e1vel se [continua]\" \/>\n<meta property=\"og:url\" content=\"https:\/\/advbox.com.br\/blog\/cpc-artigo-304\/\" \/>\n<meta property=\"og:site_name\" content=\"Software Jur\u00eddico Completo - ADVBOX\" \/>\n<meta property=\"article:publisher\" content=\"https:\/\/www.facebook.com\/advbox\/\" \/>\n<meta name=\"twitter:card\" content=\"summary_large_image\" \/>\n<meta name=\"twitter:site\" content=\"@advbox2\" \/>\n<script type=\"application\/ld+json\" class=\"yoast-schema-graph\">{\"@context\":\"https:\/\/schema.org\",\"@graph\":[{\"@type\":\"WebPage\",\"@id\":\"https:\/\/advbox.com.br\/blog\/cpc-artigo-304\/\",\"url\":\"https:\/\/advbox.com.br\/blog\/cpc-artigo-304\/\",\"name\":\"Artigo 304 CPC | ADVBOX\",\"isPartOf\":{\"@id\":\"https:\/\/advbox.com.br\/blog\/#website\"},\"datePublished\":\"2023-12-13T18:54:01+00:00\",\"description\":\"Artigo 304 CPC - C\u00f3digo de Processo Civil - Art. 304. A tutela antecipada, concedida nos termos do art. 303 , torna-se est\u00e1vel se [continua]\",\"breadcrumb\":{\"@id\":\"https:\/\/advbox.com.br\/blog\/cpc-artigo-304\/#breadcrumb\"},\"inLanguage\":\"pt-BR\",\"potentialAction\":[{\"@type\":\"ReadAction\",\"target\":[\"https:\/\/advbox.com.br\/blog\/cpc-artigo-304\/\"]}]},{\"@type\":\"BreadcrumbList\",\"@id\":\"https:\/\/advbox.com.br\/blog\/cpc-artigo-304\/#breadcrumb\",\"itemListElement\":[{\"@type\":\"ListItem\",\"position\":1,\"name\":\"In\u00edcio\",\"item\":\"https:\/\/advbox.com.br\/blog\/\"},{\"@type\":\"ListItem\",\"position\":2,\"name\":\"Artigo 304 CPC \u2013 C\u00f3digo de Processo Civil\"}]},{\"@type\":\"WebSite\",\"@id\":\"https:\/\/advbox.com.br\/blog\/#website\",\"url\":\"https:\/\/advbox.com.br\/blog\/\",\"name\":\"Software Jur\u00eddico Completo - ADVBOX\",\"description\":\"Plataforma para Advocacia Digital\",\"publisher\":{\"@id\":\"https:\/\/advbox.com.br\/blog\/#organization\"},\"potentialAction\":[{\"@type\":\"SearchAction\",\"target\":{\"@type\":\"EntryPoint\",\"urlTemplate\":\"https:\/\/advbox.com.br\/blog\/?s={search_term_string}\"},\"query-input\":{\"@type\":\"PropertyValueSpecification\",\"valueRequired\":true,\"valueName\":\"search_term_string\"}}],\"inLanguage\":\"pt-BR\"},{\"@type\":\"Organization\",\"@id\":\"https:\/\/advbox.com.br\/blog\/#organization\",\"name\":\"ADVBOX Blog - Software jur\u00eddico da advocacia digital\",\"url\":\"https:\/\/advbox.com.br\/blog\/\",\"logo\":{\"@type\":\"ImageObject\",\"inLanguage\":\"pt-BR\",\"@id\":\"https:\/\/advbox.com.br\/blog\/#\/schema\/logo\/image\/\",\"url\":\"https:\/\/advbox.com.br\/blog\/wp-content\/uploads\/2019\/12\/Como-aumentar-a-produtividade_.jpg\",\"contentUrl\":\"https:\/\/advbox.com.br\/blog\/wp-content\/uploads\/2019\/12\/Como-aumentar-a-produtividade_.jpg\",\"width\":320,\"height\":213,\"caption\":\"ADVBOX Blog - Software jur\u00eddico da advocacia digital\"},\"image\":{\"@id\":\"https:\/\/advbox.com.br\/blog\/#\/schema\/logo\/image\/\"},\"sameAs\":[\"https:\/\/www.facebook.com\/advbox\/\",\"https:\/\/x.com\/advbox2\"]}]}<\/script>\n<!-- \/ Yoast SEO plugin. -->","yoast_head_json":{"title":"Artigo 304 CPC | ADVBOX","description":"Artigo 304 CPC - C\u00f3digo de Processo Civil - Art. 304. A tutela antecipada, concedida nos termos do art. 303 , torna-se est\u00e1vel se [continua]","robots":{"index":"index","follow":"follow","max-snippet":"max-snippet:-1","max-image-preview":"max-image-preview:large","max-video-preview":"max-video-preview:-1"},"canonical":"https:\/\/advbox.com.br\/blog\/cpc-artigo-304\/","og_locale":"pt_BR","og_type":"article","og_title":"Artigo 304 CPC | ADVBOX","og_description":"Artigo 304 CPC - C\u00f3digo de Processo Civil - Art. 304. A tutela antecipada, concedida nos termos do art. 303 , torna-se est\u00e1vel se [continua]","og_url":"https:\/\/advbox.com.br\/blog\/cpc-artigo-304\/","og_site_name":"Software Jur\u00eddico Completo - ADVBOX","article_publisher":"https:\/\/www.facebook.com\/advbox\/","twitter_card":"summary_large_image","twitter_site":"@advbox2","schema":{"@context":"https:\/\/schema.org","@graph":[{"@type":"WebPage","@id":"https:\/\/advbox.com.br\/blog\/cpc-artigo-304\/","url":"https:\/\/advbox.com.br\/blog\/cpc-artigo-304\/","name":"Artigo 304 CPC | ADVBOX","isPartOf":{"@id":"https:\/\/advbox.com.br\/blog\/#website"},"datePublished":"2023-12-13T18:54:01+00:00","description":"Artigo 304 CPC - C\u00f3digo de Processo Civil - Art. 304. A tutela antecipada, concedida nos termos do art. 303 , torna-se est\u00e1vel se [continua]","breadcrumb":{"@id":"https:\/\/advbox.com.br\/blog\/cpc-artigo-304\/#breadcrumb"},"inLanguage":"pt-BR","potentialAction":[{"@type":"ReadAction","target":["https:\/\/advbox.com.br\/blog\/cpc-artigo-304\/"]}]},{"@type":"BreadcrumbList","@id":"https:\/\/advbox.com.br\/blog\/cpc-artigo-304\/#breadcrumb","itemListElement":[{"@type":"ListItem","position":1,"name":"In\u00edcio","item":"https:\/\/advbox.com.br\/blog\/"},{"@type":"ListItem","position":2,"name":"Artigo 304 CPC \u2013 C\u00f3digo de Processo Civil"}]},{"@type":"WebSite","@id":"https:\/\/advbox.com.br\/blog\/#website","url":"https:\/\/advbox.com.br\/blog\/","name":"Software Jur\u00eddico Completo - ADVBOX","description":"Plataforma para Advocacia Digital","publisher":{"@id":"https:\/\/advbox.com.br\/blog\/#organization"},"potentialAction":[{"@type":"SearchAction","target":{"@type":"EntryPoint","urlTemplate":"https:\/\/advbox.com.br\/blog\/?s={search_term_string}"},"query-input":{"@type":"PropertyValueSpecification","valueRequired":true,"valueName":"search_term_string"}}],"inLanguage":"pt-BR"},{"@type":"Organization","@id":"https:\/\/advbox.com.br\/blog\/#organization","name":"ADVBOX Blog - Software jur\u00eddico da advocacia digital","url":"https:\/\/advbox.com.br\/blog\/","logo":{"@type":"ImageObject","inLanguage":"pt-BR","@id":"https:\/\/advbox.com.br\/blog\/#\/schema\/logo\/image\/","url":"https:\/\/advbox.com.br\/blog\/wp-content\/uploads\/2019\/12\/Como-aumentar-a-produtividade_.jpg","contentUrl":"https:\/\/advbox.com.br\/blog\/wp-content\/uploads\/2019\/12\/Como-aumentar-a-produtividade_.jpg","width":320,"height":213,"caption":"ADVBOX Blog - Software jur\u00eddico da advocacia digital"},"image":{"@id":"https:\/\/advbox.com.br\/blog\/#\/schema\/logo\/image\/"},"sameAs":["https:\/\/www.facebook.com\/advbox\/","https:\/\/x.com\/advbox2"]}]}},"_links":{"self":[{"href":"https:\/\/advbox.com.br\/blog\/wp-json\/wp\/v2\/pages\/59610","targetHints":{"allow":["GET"]}}],"collection":[{"href":"https:\/\/advbox.com.br\/blog\/wp-json\/wp\/v2\/pages"}],"about":[{"href":"https:\/\/advbox.com.br\/blog\/wp-json\/wp\/v2\/types\/page"}],"author":[{"embeddable":true,"href":"https:\/\/advbox.com.br\/blog\/wp-json\/wp\/v2\/users\/44"}],"replies":[{"embeddable":true,"href":"https:\/\/advbox.com.br\/blog\/wp-json\/wp\/v2\/comments?post=59610"}],"version-history":[{"count":1,"href":"https:\/\/advbox.com.br\/blog\/wp-json\/wp\/v2\/pages\/59610\/revisions"}],"predecessor-version":[{"id":59611,"href":"https:\/\/advbox.com.br\/blog\/wp-json\/wp\/v2\/pages\/59610\/revisions\/59611"}],"wp:attachment":[{"href":"https:\/\/advbox.com.br\/blog\/wp-json\/wp\/v2\/media?parent=59610"}],"curies":[{"name":"wp","href":"https:\/\/api.w.org\/{rel}","templated":true}]}}