{"id":59744,"date":"2023-12-19T12:10:39","date_gmt":"2023-12-19T15:10:39","guid":{"rendered":"https:\/\/advbox.com.br\/blog\/?page_id=59744"},"modified":"2023-12-19T12:10:43","modified_gmt":"2023-12-19T15:10:43","slug":"cpc-artigo-313","status":"publish","type":"page","link":"https:\/\/advbox.com.br\/blog\/cpc-artigo-313\/","title":{"rendered":"Artigo 313 CPC \u2013 C\u00f3digo de Processo Civil"},"content":{"rendered":"<p><em>Lei N\u00ba 13.105, de 16 de mar\u00e7o de 2015<\/em>\u00a0<em>\u2013 Artigo 313 CPC.<\/em><\/p><h2 class=\"wp-block-heading\">Artigo 313 CPC<\/h2><p>Art. 313. Suspende-se o processo:<\/p><p><a><\/a>I &#8211; pela morte ou pela perda da capacidade processual de qualquer das partes, de seu representante legal ou de seu procurador;<\/p><p><a><\/a>II &#8211; pela conven\u00e7\u00e3o das partes;<\/p><p><a><\/a>III &#8211; pela argui\u00e7\u00e3o de impedimento ou de suspei\u00e7\u00e3o;<\/p><p><a><\/a>IV- pela admiss\u00e3o de incidente de resolu\u00e7\u00e3o de demandas repetitivas;<\/p><p><a><\/a>V &#8211; quando a senten\u00e7a de m\u00e9rito:<\/p><p><a><\/a>a) depender do julgamento de outra causa ou da declara\u00e7\u00e3o de exist\u00eancia ou de inexist\u00eancia de rela\u00e7\u00e3o jur\u00eddica que constitua o objeto principal de outro processo pendente;<\/p><p><a><\/a>b) tiver de ser proferida somente ap\u00f3s a verifica\u00e7\u00e3o de determinado fato ou a produ\u00e7\u00e3o de certa prova, requisitada a outro ju\u00edzo;<\/p><p><a><\/a>VI &#8211; por motivo de for\u00e7a maior;<\/p><p><a><\/a>VII &#8211; quando se discutir em ju\u00edzo quest\u00e3o decorrente de acidentes e fatos da navega\u00e7\u00e3o de compet\u00eancia do Tribunal Mar\u00edtimo;<\/p><p><a><\/a>VIII &#8211; nos demais casos que este C\u00f3digo regula.<\/p><p>IX &#8211; pelo parto ou pela concess\u00e3o de ado\u00e7\u00e3o, quando a advogada respons\u00e1vel pelo processo constituir a \u00fanica patrona da causa;\u00a0<a href=\"https:\/\/www.planalto.gov.br\/ccivil_03\/_ato2015-2018\/2016\/Lei\/L13363.htm#art3\" target=\"_blank\">(Inclu\u00eddo pela Lei n\u00ba 13.363, de 2016)<\/a><\/p><p>X &#8211; quando o advogado respons\u00e1vel pelo processo constituir o \u00fanico patrono da causa e tornar-se pai.\u00a0<a href=\"https:\/\/www.planalto.gov.br\/ccivil_03\/_ato2015-2018\/2016\/Lei\/L13363.htm#art3\" target=\"_blank\">(Inclu\u00eddo pela Lei n\u00ba 13.363, de 2016)<\/a><\/p><p>\u00a7 1\u00ba Na hip\u00f3tese do inciso I, o juiz suspender\u00e1 o processo, nos termos do\u00a0<a href=\"https:\/\/www.planalto.gov.br\/ccivil_03\/_ato2015-2018\/2015\/lei\/L13105.htm#art689\" target=\"_blank\">art. 689<\/a>.<\/p><p><a><\/a>\u00a7 2\u00ba N\u00e3o ajuizada a\u00e7\u00e3o de habilita\u00e7\u00e3o, ao tomar conhecimento da morte, o juiz determinar\u00e1 a suspens\u00e3o do processo e observar\u00e1 o seguinte:<\/p><p><a><\/a>I &#8211; falecido o r\u00e9u, ordenar\u00e1 a intima\u00e7\u00e3o do autor para que promova a cita\u00e7\u00e3o do respectivo esp\u00f3lio, de quem for o sucessor ou, se for o caso, dos herdeiros, no prazo que designar, de no m\u00ednimo 2 (dois) e no m\u00e1ximo 6 (seis) meses;<\/p><p><a><\/a>II &#8211; falecido o autor e sendo transmiss\u00edvel o direito em lit\u00edgio, determinar\u00e1 a intima\u00e7\u00e3o de seu esp\u00f3lio, de quem for o sucessor ou, se for o caso, dos herdeiros, pelos meios de divulga\u00e7\u00e3o que reputar mais adequados, para que manifestem interesse na sucess\u00e3o processual e promovam a respectiva habilita\u00e7\u00e3o no prazo designado, sob pena de extin\u00e7\u00e3o do processo sem resolu\u00e7\u00e3o de m\u00e9rito.<\/p><p><a><\/a>\u00a7 3\u00ba No caso de morte do procurador de qualquer das partes, ainda que iniciada a audi\u00eancia de instru\u00e7\u00e3o e julgamento, o juiz determinar\u00e1 que a parte constitua novo mandat\u00e1rio, no prazo de 15 (quinze) dias, ao final do qual extinguir\u00e1 o processo sem resolu\u00e7\u00e3o de m\u00e9rito, se o autor n\u00e3o nomear novo mandat\u00e1rio, ou ordenar\u00e1 o prosseguimento do processo \u00e0 revelia do r\u00e9u, se falecido o procurador deste.<\/p><p><a><\/a>\u00a7 4\u00ba O prazo de suspens\u00e3o do processo nunca poder\u00e1 exceder 1 (um) ano nas hip\u00f3teses do inciso V e 6 (seis) meses naquela prevista no inciso II.<\/p><p><a><\/a>\u00a7 5\u00ba O juiz determinar\u00e1 o prosseguimento do processo assim que esgotados os prazos previstos no \u00a7 4\u00ba.<\/p><p>\u00a7 6\u00ba No caso do inciso IX, o per\u00edodo de suspens\u00e3o ser\u00e1 de 30 (trinta) dias, contado a partir da data do parto ou da concess\u00e3o da ado\u00e7\u00e3o, mediante apresenta\u00e7\u00e3o de certid\u00e3o de nascimento ou documento similar que comprove a realiza\u00e7\u00e3o do parto, ou de termo judicial que tenha concedido a ado\u00e7\u00e3o, desde que haja notifica\u00e7\u00e3o ao cliente.\u00a0<a href=\"https:\/\/www.planalto.gov.br\/ccivil_03\/_ato2015-2018\/2016\/Lei\/L13363.htm#art3\" target=\"_blank\">(Inclu\u00eddo pela Lei n\u00ba 13.363, de 2016)<\/a><\/p><p>\u00a7\u00a0<strong>7\u00a0<\/strong>\u00ba No caso do inciso X, o per\u00edodo de suspens\u00e3o ser\u00e1 de 8 (oito) dias, contado a partir da data do parto ou da concess\u00e3o da ado\u00e7\u00e3o, mediante apresenta\u00e7\u00e3o de certid\u00e3o de nascimento ou documento similar que comprove a realiza\u00e7\u00e3o do parto, ou de termo judicial que tenha concedido a ado\u00e7\u00e3o, desde que haja notifica\u00e7\u00e3o ao cliente.\u00a0<a href=\"https:\/\/www.planalto.gov.br\/ccivil_03\/_ato2015-2018\/2016\/Lei\/L13363.htm#art3\" target=\"_blank\">(Inclu\u00eddo pela Lei n\u00ba 13.363, de 2016)<\/a><\/p><h2 class=\"wp-block-heading\">Acesse o CPC completo ou separadamente:<\/h2><p><a href=\"https:\/\/advbox.com.br\/blog\/cpc-codigo-de-processo-civil\/\" target=\"_blank\" rel=\"noreferrer noopener\" target=\"_blank\"><strong>CPC completo<\/strong><\/a><\/p><p><a href=\"https:\/\/advbox.com.br\/blog\/cpc-artigo-312\/\" target=\"_blank\"><strong>Artigo 312<\/strong><\/a><\/p><p><strong>Acelere seu trabalho, automatize procura\u00e7\u00f5es, contratos e peti\u00e7\u00f5es no seu escrit\u00f3rio. Saiba como:\u00a0<a href=\"https:\/\/advbox.com.br\/blog\/como-automatizar-seus-modelos-de-peticoes\/\" target=\"_blank\">clique aqui<\/a><\/strong><\/p>\n","protected":false},"excerpt":{"rendered":"<p>Lei N\u00ba 13.105, de 16 de mar\u00e7o de 2015\u00a0\u2013 Artigo 313 CPC. Artigo 313 CPC Art. 313. Suspende-se o processo: I &#8211; pela morte ou pela perda da capacidade processual de qualquer das partes, de seu representante legal ou de seu procurador; II &#8211; pela conven\u00e7\u00e3o das partes; III &#8211; [&hellip;]<\/p>\n","protected":false},"author":44,"featured_media":0,"parent":0,"menu_order":0,"comment_status":"closed","ping_status":"closed","template":"","meta":{"_acf_changed":false,"om_disable_all_campaigns":false,"footnotes":""},"class_list":["post-59744","page","type-page","status-publish","hentry"],"acf":[],"yoast_head":"<!-- This site is optimized with the Yoast SEO plugin v26.9 - https:\/\/yoast.com\/product\/yoast-seo-wordpress\/ -->\n<title>Artigo 313 CPC | ADVBOX<\/title>\n<meta name=\"description\" content=\"Artigo 313 CPC - C\u00f3digo de Processo Civil - Art. 313. Suspende-se o processo: I - pela morte ou pela perda da capacidade [continua]\" \/>\n<meta name=\"robots\" content=\"index, follow, max-snippet:-1, max-image-preview:large, max-video-preview:-1\" \/>\n<link rel=\"canonical\" href=\"https:\/\/advbox.com.br\/blog\/cpc-artigo-313\/\" \/>\n<meta property=\"og:locale\" content=\"pt_BR\" \/>\n<meta property=\"og:type\" content=\"article\" \/>\n<meta property=\"og:title\" content=\"Artigo 313 CPC | ADVBOX\" \/>\n<meta property=\"og:description\" content=\"Artigo 313 CPC - C\u00f3digo de Processo Civil - Art. 313. Suspende-se o processo: I - pela morte ou pela perda da capacidade [continua]\" \/>\n<meta property=\"og:url\" content=\"https:\/\/advbox.com.br\/blog\/cpc-artigo-313\/\" \/>\n<meta property=\"og:site_name\" content=\"Software Jur\u00eddico Completo - ADVBOX\" \/>\n<meta property=\"article:publisher\" content=\"https:\/\/www.facebook.com\/advbox\/\" \/>\n<meta property=\"article:modified_time\" content=\"2023-12-19T15:10:43+00:00\" \/>\n<meta name=\"twitter:card\" content=\"summary_large_image\" \/>\n<meta name=\"twitter:site\" content=\"@advbox2\" \/>\n<script type=\"application\/ld+json\" class=\"yoast-schema-graph\">{\"@context\":\"https:\/\/schema.org\",\"@graph\":[{\"@type\":\"WebPage\",\"@id\":\"https:\/\/advbox.com.br\/blog\/cpc-artigo-313\/\",\"url\":\"https:\/\/advbox.com.br\/blog\/cpc-artigo-313\/\",\"name\":\"Artigo 313 CPC | ADVBOX\",\"isPartOf\":{\"@id\":\"https:\/\/advbox.com.br\/blog\/#website\"},\"datePublished\":\"2023-12-19T15:10:39+00:00\",\"dateModified\":\"2023-12-19T15:10:43+00:00\",\"description\":\"Artigo 313 CPC - C\u00f3digo de Processo Civil - Art. 313. Suspende-se o processo: I - pela morte ou pela perda da capacidade [continua]\",\"breadcrumb\":{\"@id\":\"https:\/\/advbox.com.br\/blog\/cpc-artigo-313\/#breadcrumb\"},\"inLanguage\":\"pt-BR\",\"potentialAction\":[{\"@type\":\"ReadAction\",\"target\":[\"https:\/\/advbox.com.br\/blog\/cpc-artigo-313\/\"]}]},{\"@type\":\"BreadcrumbList\",\"@id\":\"https:\/\/advbox.com.br\/blog\/cpc-artigo-313\/#breadcrumb\",\"itemListElement\":[{\"@type\":\"ListItem\",\"position\":1,\"name\":\"In\u00edcio\",\"item\":\"https:\/\/advbox.com.br\/blog\/\"},{\"@type\":\"ListItem\",\"position\":2,\"name\":\"Artigo 313 CPC \u2013 C\u00f3digo de Processo Civil\"}]},{\"@type\":\"WebSite\",\"@id\":\"https:\/\/advbox.com.br\/blog\/#website\",\"url\":\"https:\/\/advbox.com.br\/blog\/\",\"name\":\"Software Jur\u00eddico Completo - ADVBOX\",\"description\":\"Plataforma para Advocacia Digital\",\"publisher\":{\"@id\":\"https:\/\/advbox.com.br\/blog\/#organization\"},\"potentialAction\":[{\"@type\":\"SearchAction\",\"target\":{\"@type\":\"EntryPoint\",\"urlTemplate\":\"https:\/\/advbox.com.br\/blog\/?s={search_term_string}\"},\"query-input\":{\"@type\":\"PropertyValueSpecification\",\"valueRequired\":true,\"valueName\":\"search_term_string\"}}],\"inLanguage\":\"pt-BR\"},{\"@type\":\"Organization\",\"@id\":\"https:\/\/advbox.com.br\/blog\/#organization\",\"name\":\"ADVBOX Blog - Software jur\u00eddico da advocacia digital\",\"url\":\"https:\/\/advbox.com.br\/blog\/\",\"logo\":{\"@type\":\"ImageObject\",\"inLanguage\":\"pt-BR\",\"@id\":\"https:\/\/advbox.com.br\/blog\/#\/schema\/logo\/image\/\",\"url\":\"https:\/\/advbox.com.br\/blog\/wp-content\/uploads\/2019\/12\/Como-aumentar-a-produtividade_.jpg\",\"contentUrl\":\"https:\/\/advbox.com.br\/blog\/wp-content\/uploads\/2019\/12\/Como-aumentar-a-produtividade_.jpg\",\"width\":320,\"height\":213,\"caption\":\"ADVBOX Blog - Software jur\u00eddico da advocacia digital\"},\"image\":{\"@id\":\"https:\/\/advbox.com.br\/blog\/#\/schema\/logo\/image\/\"},\"sameAs\":[\"https:\/\/www.facebook.com\/advbox\/\",\"https:\/\/x.com\/advbox2\"]}]}<\/script>\n<!-- \/ Yoast SEO plugin. -->","yoast_head_json":{"title":"Artigo 313 CPC | ADVBOX","description":"Artigo 313 CPC - C\u00f3digo de Processo Civil - Art. 313. Suspende-se o processo: I - pela morte ou pela perda da capacidade [continua]","robots":{"index":"index","follow":"follow","max-snippet":"max-snippet:-1","max-image-preview":"max-image-preview:large","max-video-preview":"max-video-preview:-1"},"canonical":"https:\/\/advbox.com.br\/blog\/cpc-artigo-313\/","og_locale":"pt_BR","og_type":"article","og_title":"Artigo 313 CPC | ADVBOX","og_description":"Artigo 313 CPC - C\u00f3digo de Processo Civil - Art. 313. Suspende-se o processo: I - pela morte ou pela perda da capacidade [continua]","og_url":"https:\/\/advbox.com.br\/blog\/cpc-artigo-313\/","og_site_name":"Software Jur\u00eddico Completo - ADVBOX","article_publisher":"https:\/\/www.facebook.com\/advbox\/","article_modified_time":"2023-12-19T15:10:43+00:00","twitter_card":"summary_large_image","twitter_site":"@advbox2","schema":{"@context":"https:\/\/schema.org","@graph":[{"@type":"WebPage","@id":"https:\/\/advbox.com.br\/blog\/cpc-artigo-313\/","url":"https:\/\/advbox.com.br\/blog\/cpc-artigo-313\/","name":"Artigo 313 CPC | ADVBOX","isPartOf":{"@id":"https:\/\/advbox.com.br\/blog\/#website"},"datePublished":"2023-12-19T15:10:39+00:00","dateModified":"2023-12-19T15:10:43+00:00","description":"Artigo 313 CPC - C\u00f3digo de Processo Civil - Art. 313. Suspende-se o processo: I - pela morte ou pela perda da capacidade [continua]","breadcrumb":{"@id":"https:\/\/advbox.com.br\/blog\/cpc-artigo-313\/#breadcrumb"},"inLanguage":"pt-BR","potentialAction":[{"@type":"ReadAction","target":["https:\/\/advbox.com.br\/blog\/cpc-artigo-313\/"]}]},{"@type":"BreadcrumbList","@id":"https:\/\/advbox.com.br\/blog\/cpc-artigo-313\/#breadcrumb","itemListElement":[{"@type":"ListItem","position":1,"name":"In\u00edcio","item":"https:\/\/advbox.com.br\/blog\/"},{"@type":"ListItem","position":2,"name":"Artigo 313 CPC \u2013 C\u00f3digo de Processo Civil"}]},{"@type":"WebSite","@id":"https:\/\/advbox.com.br\/blog\/#website","url":"https:\/\/advbox.com.br\/blog\/","name":"Software Jur\u00eddico Completo - ADVBOX","description":"Plataforma para Advocacia Digital","publisher":{"@id":"https:\/\/advbox.com.br\/blog\/#organization"},"potentialAction":[{"@type":"SearchAction","target":{"@type":"EntryPoint","urlTemplate":"https:\/\/advbox.com.br\/blog\/?s={search_term_string}"},"query-input":{"@type":"PropertyValueSpecification","valueRequired":true,"valueName":"search_term_string"}}],"inLanguage":"pt-BR"},{"@type":"Organization","@id":"https:\/\/advbox.com.br\/blog\/#organization","name":"ADVBOX Blog - Software jur\u00eddico da advocacia digital","url":"https:\/\/advbox.com.br\/blog\/","logo":{"@type":"ImageObject","inLanguage":"pt-BR","@id":"https:\/\/advbox.com.br\/blog\/#\/schema\/logo\/image\/","url":"https:\/\/advbox.com.br\/blog\/wp-content\/uploads\/2019\/12\/Como-aumentar-a-produtividade_.jpg","contentUrl":"https:\/\/advbox.com.br\/blog\/wp-content\/uploads\/2019\/12\/Como-aumentar-a-produtividade_.jpg","width":320,"height":213,"caption":"ADVBOX Blog - Software jur\u00eddico da advocacia digital"},"image":{"@id":"https:\/\/advbox.com.br\/blog\/#\/schema\/logo\/image\/"},"sameAs":["https:\/\/www.facebook.com\/advbox\/","https:\/\/x.com\/advbox2"]}]}},"_links":{"self":[{"href":"https:\/\/advbox.com.br\/blog\/wp-json\/wp\/v2\/pages\/59744","targetHints":{"allow":["GET"]}}],"collection":[{"href":"https:\/\/advbox.com.br\/blog\/wp-json\/wp\/v2\/pages"}],"about":[{"href":"https:\/\/advbox.com.br\/blog\/wp-json\/wp\/v2\/types\/page"}],"author":[{"embeddable":true,"href":"https:\/\/advbox.com.br\/blog\/wp-json\/wp\/v2\/users\/44"}],"replies":[{"embeddable":true,"href":"https:\/\/advbox.com.br\/blog\/wp-json\/wp\/v2\/comments?post=59744"}],"version-history":[{"count":1,"href":"https:\/\/advbox.com.br\/blog\/wp-json\/wp\/v2\/pages\/59744\/revisions"}],"predecessor-version":[{"id":59746,"href":"https:\/\/advbox.com.br\/blog\/wp-json\/wp\/v2\/pages\/59744\/revisions\/59746"}],"wp:attachment":[{"href":"https:\/\/advbox.com.br\/blog\/wp-json\/wp\/v2\/media?parent=59744"}],"curies":[{"name":"wp","href":"https:\/\/api.w.org\/{rel}","templated":true}]}}