{"id":60190,"date":"2024-01-11T16:45:16","date_gmt":"2024-01-11T19:45:16","guid":{"rendered":"https:\/\/advbox.com.br\/blog\/?page_id=60190"},"modified":"2025-09-19T15:59:21","modified_gmt":"2025-09-19T18:59:21","slug":"cpc-artigo-332","status":"publish","type":"page","link":"https:\/\/advbox.com.br\/blog\/cpc-artigo-332\/","title":{"rendered":"Artigo 332 CPC | ADVBOX"},"content":{"rendered":"<p><em>Lei N\u00ba 13.105, de 16 de mar\u00e7o de 2015<\/em>\u00a0<em>\u2013 Artigo 332 CPC.<\/em><\/p><h2 class=\"wp-block-heading\">Artigo 332 CPC<\/h2><p>Art. 332. Nas causas que dispensem a fase instrut\u00f3ria, o juiz, independentemente da cita\u00e7\u00e3o do r\u00e9u, julgar\u00e1 liminarmente improcedente o pedido que contrariar:<\/p><p><a><\/a>I &#8211; enunciado de s\u00famula do Supremo Tribunal Federal ou do Superior Tribunal de Justi\u00e7a;<\/p><p><a><\/a>II &#8211; ac\u00f3rd\u00e3o proferido pelo Supremo Tribunal Federal ou pelo Superior Tribunal de Justi\u00e7a em julgamento de recursos repetitivos;<\/p><p><a><\/a>III &#8211; entendimento firmado em incidente de resolu\u00e7\u00e3o de demandas repetitivas ou de assun\u00e7\u00e3o de compet\u00eancia;<\/p><p><a><\/a>IV &#8211; enunciado de s\u00famula de tribunal de justi\u00e7a sobre direito local.<\/p><p><a><\/a>\u00a7 1\u00ba O juiz tamb\u00e9m poder\u00e1 julgar liminarmente improcedente o pedido se verificar, desde logo, a ocorr\u00eancia de decad\u00eancia ou de prescri\u00e7\u00e3o.<\/p><p>\u00a7 2\u00ba N\u00e3o interposta a apela\u00e7\u00e3o, o r\u00e9u ser\u00e1 intimado do tr\u00e2nsito em julgado da senten\u00e7a, nos termos do\u00a0<a href=\"https:\/\/www.planalto.gov.br\/ccivil_03\/_ato2015-2018\/2015\/lei\/L13105.htm#art241\" target=\"_blank\">art. 241<\/a>.<\/p><p><a><\/a>\u00a7 3\u00ba Interposta a apela\u00e7\u00e3o, o juiz poder\u00e1 retratar-se em 5 (cinco) dias.<\/p><p>\u00a7 4\u00ba Se houver retrata\u00e7\u00e3o, o juiz determinar\u00e1 o prosseguimento do processo, com a cita\u00e7\u00e3o do r\u00e9u, e, se n\u00e3o houver retrata\u00e7\u00e3o, determinar\u00e1 a cita\u00e7\u00e3o do r\u00e9u para apresentar contrarraz\u00f5es, no prazo de 15 (quinze) dias.<\/p><h2 class=\"wp-block-heading\">Acesse o CPC completo ou separadamente:<\/h2><p><a href=\"https:\/\/advbox.com.br\/blog\/cpc-codigo-de-processo-civil\/\" target=\"_blank\" rel=\"noreferrer noopener\" target=\"_blank\"><strong>CPC completo<\/strong><\/a><\/p><p><a href=\"https:\/\/advbox.com.br\/blog\/cpc-artigo-331\/\" target=\"_blank\">Artigo 331<\/a><\/p><p><strong>Acelere seu trabalho, automatize procura\u00e7\u00f5es, contratos e peti\u00e7\u00f5es no seu escrit\u00f3rio. Saiba como:\u00a0<a href=\"https:\/\/advbox.com.br\/blog\/como-automatizar-seus-modelos-de-peticoes\/\" target=\"_blank\">clique aqui<\/a><\/strong><\/p>\n","protected":false},"excerpt":{"rendered":"<p>Lei N\u00ba 13.105, de 16 de mar\u00e7o de 2015\u00a0\u2013 Artigo 332 CPC. Artigo 332 CPC Art. 332. Nas causas que dispensem a fase instrut\u00f3ria, o juiz, independentemente da cita\u00e7\u00e3o do r\u00e9u, julgar\u00e1 liminarmente improcedente o pedido que contrariar: I &#8211; enunciado de s\u00famula do Supremo Tribunal Federal ou do Superior [&hellip;]<\/p>\n","protected":false},"author":44,"featured_media":0,"parent":0,"menu_order":0,"comment_status":"closed","ping_status":"closed","template":"","meta":{"_acf_changed":false,"om_disable_all_campaigns":false,"footnotes":""},"class_list":["post-60190","page","type-page","status-publish","hentry"],"acf":[],"yoast_head":"<!-- This site is optimized with the Yoast SEO plugin v26.9 - https:\/\/yoast.com\/product\/yoast-seo-wordpress\/ -->\n<title>Artigo 332 CPC | ADVBOX<\/title>\n<meta name=\"description\" content=\"Artigo 332 CPC - C\u00f3digo de Processo Civil - Art. 332. Nas causas que dispensem a fase instrut\u00f3ria, o juiz, independentemente da [continua]\" \/>\n<meta name=\"robots\" content=\"index, follow, max-snippet:-1, max-image-preview:large, max-video-preview:-1\" \/>\n<link rel=\"canonical\" href=\"https:\/\/advbox.com.br\/blog\/cpc-artigo-332\/\" \/>\n<meta property=\"og:locale\" content=\"pt_BR\" \/>\n<meta property=\"og:type\" content=\"article\" \/>\n<meta property=\"og:title\" content=\"Artigo 332 CPC | ADVBOX\" \/>\n<meta property=\"og:description\" content=\"Artigo 332 CPC - C\u00f3digo de Processo Civil - Art. 332. Nas causas que dispensem a fase instrut\u00f3ria, o juiz, independentemente da [continua]\" \/>\n<meta property=\"og:url\" content=\"https:\/\/advbox.com.br\/blog\/cpc-artigo-332\/\" \/>\n<meta property=\"og:site_name\" content=\"Software Jur\u00eddico Completo - ADVBOX\" \/>\n<meta property=\"article:publisher\" content=\"https:\/\/www.facebook.com\/advbox\/\" \/>\n<meta property=\"article:modified_time\" content=\"2025-09-19T18:59:21+00:00\" \/>\n<meta name=\"twitter:card\" content=\"summary_large_image\" \/>\n<meta name=\"twitter:site\" content=\"@advbox2\" \/>\n<script type=\"application\/ld+json\" class=\"yoast-schema-graph\">{\"@context\":\"https:\/\/schema.org\",\"@graph\":[{\"@type\":\"WebPage\",\"@id\":\"https:\/\/advbox.com.br\/blog\/cpc-artigo-332\/\",\"url\":\"https:\/\/advbox.com.br\/blog\/cpc-artigo-332\/\",\"name\":\"Artigo 332 CPC | ADVBOX\",\"isPartOf\":{\"@id\":\"https:\/\/advbox.com.br\/blog\/#website\"},\"datePublished\":\"2024-01-11T19:45:16+00:00\",\"dateModified\":\"2025-09-19T18:59:21+00:00\",\"description\":\"Artigo 332 CPC - C\u00f3digo de Processo Civil - Art. 332. Nas causas que dispensem a fase instrut\u00f3ria, o juiz, independentemente da [continua]\",\"breadcrumb\":{\"@id\":\"https:\/\/advbox.com.br\/blog\/cpc-artigo-332\/#breadcrumb\"},\"inLanguage\":\"pt-BR\",\"potentialAction\":[{\"@type\":\"ReadAction\",\"target\":[\"https:\/\/advbox.com.br\/blog\/cpc-artigo-332\/\"]}]},{\"@type\":\"BreadcrumbList\",\"@id\":\"https:\/\/advbox.com.br\/blog\/cpc-artigo-332\/#breadcrumb\",\"itemListElement\":[{\"@type\":\"ListItem\",\"position\":1,\"name\":\"In\u00edcio\",\"item\":\"https:\/\/advbox.com.br\/blog\/\"},{\"@type\":\"ListItem\",\"position\":2,\"name\":\"Artigo 332 CPC | ADVBOX\"}]},{\"@type\":\"WebSite\",\"@id\":\"https:\/\/advbox.com.br\/blog\/#website\",\"url\":\"https:\/\/advbox.com.br\/blog\/\",\"name\":\"Software Jur\u00eddico Completo - ADVBOX\",\"description\":\"Plataforma para Advocacia Digital\",\"publisher\":{\"@id\":\"https:\/\/advbox.com.br\/blog\/#organization\"},\"potentialAction\":[{\"@type\":\"SearchAction\",\"target\":{\"@type\":\"EntryPoint\",\"urlTemplate\":\"https:\/\/advbox.com.br\/blog\/?s={search_term_string}\"},\"query-input\":{\"@type\":\"PropertyValueSpecification\",\"valueRequired\":true,\"valueName\":\"search_term_string\"}}],\"inLanguage\":\"pt-BR\"},{\"@type\":\"Organization\",\"@id\":\"https:\/\/advbox.com.br\/blog\/#organization\",\"name\":\"ADVBOX Blog - Software jur\u00eddico da advocacia digital\",\"url\":\"https:\/\/advbox.com.br\/blog\/\",\"logo\":{\"@type\":\"ImageObject\",\"inLanguage\":\"pt-BR\",\"@id\":\"https:\/\/advbox.com.br\/blog\/#\/schema\/logo\/image\/\",\"url\":\"https:\/\/advbox.com.br\/blog\/wp-content\/uploads\/2019\/12\/Como-aumentar-a-produtividade_.jpg\",\"contentUrl\":\"https:\/\/advbox.com.br\/blog\/wp-content\/uploads\/2019\/12\/Como-aumentar-a-produtividade_.jpg\",\"width\":320,\"height\":213,\"caption\":\"ADVBOX Blog - Software jur\u00eddico da advocacia digital\"},\"image\":{\"@id\":\"https:\/\/advbox.com.br\/blog\/#\/schema\/logo\/image\/\"},\"sameAs\":[\"https:\/\/www.facebook.com\/advbox\/\",\"https:\/\/x.com\/advbox2\"]}]}<\/script>\n<!-- \/ Yoast SEO plugin. -->","yoast_head_json":{"title":"Artigo 332 CPC | ADVBOX","description":"Artigo 332 CPC - C\u00f3digo de Processo Civil - Art. 332. Nas causas que dispensem a fase instrut\u00f3ria, o juiz, independentemente da [continua]","robots":{"index":"index","follow":"follow","max-snippet":"max-snippet:-1","max-image-preview":"max-image-preview:large","max-video-preview":"max-video-preview:-1"},"canonical":"https:\/\/advbox.com.br\/blog\/cpc-artigo-332\/","og_locale":"pt_BR","og_type":"article","og_title":"Artigo 332 CPC | ADVBOX","og_description":"Artigo 332 CPC - C\u00f3digo de Processo Civil - Art. 332. Nas causas que dispensem a fase instrut\u00f3ria, o juiz, independentemente da [continua]","og_url":"https:\/\/advbox.com.br\/blog\/cpc-artigo-332\/","og_site_name":"Software Jur\u00eddico Completo - ADVBOX","article_publisher":"https:\/\/www.facebook.com\/advbox\/","article_modified_time":"2025-09-19T18:59:21+00:00","twitter_card":"summary_large_image","twitter_site":"@advbox2","schema":{"@context":"https:\/\/schema.org","@graph":[{"@type":"WebPage","@id":"https:\/\/advbox.com.br\/blog\/cpc-artigo-332\/","url":"https:\/\/advbox.com.br\/blog\/cpc-artigo-332\/","name":"Artigo 332 CPC | ADVBOX","isPartOf":{"@id":"https:\/\/advbox.com.br\/blog\/#website"},"datePublished":"2024-01-11T19:45:16+00:00","dateModified":"2025-09-19T18:59:21+00:00","description":"Artigo 332 CPC - C\u00f3digo de Processo Civil - Art. 332. Nas causas que dispensem a fase instrut\u00f3ria, o juiz, independentemente da [continua]","breadcrumb":{"@id":"https:\/\/advbox.com.br\/blog\/cpc-artigo-332\/#breadcrumb"},"inLanguage":"pt-BR","potentialAction":[{"@type":"ReadAction","target":["https:\/\/advbox.com.br\/blog\/cpc-artigo-332\/"]}]},{"@type":"BreadcrumbList","@id":"https:\/\/advbox.com.br\/blog\/cpc-artigo-332\/#breadcrumb","itemListElement":[{"@type":"ListItem","position":1,"name":"In\u00edcio","item":"https:\/\/advbox.com.br\/blog\/"},{"@type":"ListItem","position":2,"name":"Artigo 332 CPC | ADVBOX"}]},{"@type":"WebSite","@id":"https:\/\/advbox.com.br\/blog\/#website","url":"https:\/\/advbox.com.br\/blog\/","name":"Software Jur\u00eddico Completo - ADVBOX","description":"Plataforma para Advocacia Digital","publisher":{"@id":"https:\/\/advbox.com.br\/blog\/#organization"},"potentialAction":[{"@type":"SearchAction","target":{"@type":"EntryPoint","urlTemplate":"https:\/\/advbox.com.br\/blog\/?s={search_term_string}"},"query-input":{"@type":"PropertyValueSpecification","valueRequired":true,"valueName":"search_term_string"}}],"inLanguage":"pt-BR"},{"@type":"Organization","@id":"https:\/\/advbox.com.br\/blog\/#organization","name":"ADVBOX Blog - Software jur\u00eddico da advocacia digital","url":"https:\/\/advbox.com.br\/blog\/","logo":{"@type":"ImageObject","inLanguage":"pt-BR","@id":"https:\/\/advbox.com.br\/blog\/#\/schema\/logo\/image\/","url":"https:\/\/advbox.com.br\/blog\/wp-content\/uploads\/2019\/12\/Como-aumentar-a-produtividade_.jpg","contentUrl":"https:\/\/advbox.com.br\/blog\/wp-content\/uploads\/2019\/12\/Como-aumentar-a-produtividade_.jpg","width":320,"height":213,"caption":"ADVBOX Blog - Software jur\u00eddico da advocacia digital"},"image":{"@id":"https:\/\/advbox.com.br\/blog\/#\/schema\/logo\/image\/"},"sameAs":["https:\/\/www.facebook.com\/advbox\/","https:\/\/x.com\/advbox2"]}]}},"_links":{"self":[{"href":"https:\/\/advbox.com.br\/blog\/wp-json\/wp\/v2\/pages\/60190","targetHints":{"allow":["GET"]}}],"collection":[{"href":"https:\/\/advbox.com.br\/blog\/wp-json\/wp\/v2\/pages"}],"about":[{"href":"https:\/\/advbox.com.br\/blog\/wp-json\/wp\/v2\/types\/page"}],"author":[{"embeddable":true,"href":"https:\/\/advbox.com.br\/blog\/wp-json\/wp\/v2\/users\/44"}],"replies":[{"embeddable":true,"href":"https:\/\/advbox.com.br\/blog\/wp-json\/wp\/v2\/comments?post=60190"}],"version-history":[{"count":2,"href":"https:\/\/advbox.com.br\/blog\/wp-json\/wp\/v2\/pages\/60190\/revisions"}],"predecessor-version":[{"id":76626,"href":"https:\/\/advbox.com.br\/blog\/wp-json\/wp\/v2\/pages\/60190\/revisions\/76626"}],"wp:attachment":[{"href":"https:\/\/advbox.com.br\/blog\/wp-json\/wp\/v2\/media?parent=60190"}],"curies":[{"name":"wp","href":"https:\/\/api.w.org\/{rel}","templated":true}]}}