{"id":60198,"date":"2024-01-11T16:58:28","date_gmt":"2024-01-11T19:58:28","guid":{"rendered":"https:\/\/advbox.com.br\/blog\/?page_id=60198"},"modified":"2024-01-11T16:58:28","modified_gmt":"2024-01-11T19:58:28","slug":"cpc-artigo-335","status":"publish","type":"page","link":"https:\/\/advbox.com.br\/blog\/cpc-artigo-335\/","title":{"rendered":"Artigo 335 CPC \u2013 C\u00f3digo de Processo Civil"},"content":{"rendered":"<p><em>Lei N\u00ba 13.105, de 16 de mar\u00e7o de 2015<\/em>\u00a0<em>\u2013 Artigo 335 CPC.<\/em><\/p><h2 class=\"wp-block-heading\">Artigo 335 CPC<\/h2><p>Art. 335. O r\u00e9u poder\u00e1 oferecer contesta\u00e7\u00e3o, por peti\u00e7\u00e3o, no prazo de 15 (quinze) dias, cujo termo inicial ser\u00e1 a data:<\/p><p><a><\/a>I &#8211; da audi\u00eancia de concilia\u00e7\u00e3o ou de media\u00e7\u00e3o, ou da \u00faltima sess\u00e3o de concilia\u00e7\u00e3o, quando qualquer parte n\u00e3o comparecer ou, comparecendo, n\u00e3o houver autocomposi\u00e7\u00e3o;<\/p><p>II &#8211; do protocolo do pedido de cancelamento da audi\u00eancia de concilia\u00e7\u00e3o ou de media\u00e7\u00e3o apresentado pelo r\u00e9u, quando ocorrer a hip\u00f3tese do\u00a0<a href=\"https:\/\/www.planalto.gov.br\/ccivil_03\/_ato2015-2018\/2015\/lei\/L13105.htm#art334%C2%A74i\" target=\"_blank\">art. 334, \u00a7 4\u00ba, inciso I<\/a>;<\/p><p>III &#8211; prevista no\u00a0<a href=\"https:\/\/www.planalto.gov.br\/ccivil_03\/_ato2015-2018\/2015\/lei\/L13105.htm#art231\" target=\"_blank\">art. 231<\/a>, de acordo com o modo como foi feita a cita\u00e7\u00e3o, nos demais casos.<\/p><p>\u00a7 1\u00ba No caso de litiscons\u00f3rcio passivo, ocorrendo a hip\u00f3tese do\u00a0<a href=\"https:\/\/www.planalto.gov.br\/ccivil_03\/_ato2015-2018\/2015\/lei\/L13105.htm#art334%C2%A76\" target=\"_blank\">art. 334, \u00a7 6\u00ba<\/a>, o termo inicial previsto no inciso II ser\u00e1, para cada um dos r\u00e9us, a data de apresenta\u00e7\u00e3o de seu respectivo pedido de cancelamento da audi\u00eancia.<\/p><p>\u00a7 2\u00ba Quando ocorrer a hip\u00f3tese do\u00a0<a href=\"https:\/\/www.planalto.gov.br\/ccivil_03\/_ato2015-2018\/2015\/lei\/L13105.htm#art334%C2%A74ii\" target=\"_blank\">art. 334, \u00a7 4\u00ba, inciso II<\/a>, havendo litiscons\u00f3rcio passivo e o autor desistir da a\u00e7\u00e3o em rela\u00e7\u00e3o a r\u00e9u ainda n\u00e3o citado, o prazo para resposta correr\u00e1 da data de intima\u00e7\u00e3o da decis\u00e3o que homologar a desist\u00eancia.<\/p><h2 class=\"wp-block-heading\">Acesse o CPC completo ou separadamente:<\/h2><p><a href=\"https:\/\/advbox.com.br\/blog\/cpc-codigo-de-processo-civil\/\" target=\"_blank\" rel=\"noreferrer noopener\" target=\"_blank\"><strong>CPC completo<\/strong><\/a><\/p><p><a href=\"https:\/\/advbox.com.br\/blog\/cpc-artigo-334\/\" target=\"_blank\"><strong>Artigo 334<\/strong><\/a><\/p><p><strong>Acelere seu trabalho, automatize procura\u00e7\u00f5es, contratos e peti\u00e7\u00f5es no seu escrit\u00f3rio. Saiba como:\u00a0<a href=\"https:\/\/advbox.com.br\/blog\/como-automatizar-seus-modelos-de-peticoes\/\" target=\"_blank\">clique aqui<\/a><\/strong><\/p>\n","protected":false},"excerpt":{"rendered":"<p>Lei N\u00ba 13.105, de 16 de mar\u00e7o de 2015\u00a0\u2013 Artigo 335 CPC. Artigo 335 CPC Art. 335. O r\u00e9u poder\u00e1 oferecer contesta\u00e7\u00e3o, por peti\u00e7\u00e3o, no prazo de 15 (quinze) dias, cujo termo inicial ser\u00e1 a data: I &#8211; da audi\u00eancia de concilia\u00e7\u00e3o ou de media\u00e7\u00e3o, ou da \u00faltima sess\u00e3o de [&hellip;]<\/p>\n","protected":false},"author":44,"featured_media":0,"parent":0,"menu_order":0,"comment_status":"closed","ping_status":"closed","template":"","meta":{"_acf_changed":false,"om_disable_all_campaigns":false,"footnotes":""},"class_list":["post-60198","page","type-page","status-publish","hentry"],"acf":[],"yoast_head":"<!-- This site is optimized with the Yoast SEO plugin v26.9 - https:\/\/yoast.com\/product\/yoast-seo-wordpress\/ -->\n<title>Artigo 335 CPC | ADVBOX<\/title>\n<meta name=\"description\" content=\"Artigo 335 CPC - C\u00f3digo de Processo Civil - Art. 335. O r\u00e9u poder\u00e1 oferecer contesta\u00e7\u00e3o, por peti\u00e7\u00e3o, no prazo de 15 (quinze) dias [continua]\" \/>\n<meta name=\"robots\" content=\"index, follow, max-snippet:-1, max-image-preview:large, max-video-preview:-1\" \/>\n<link rel=\"canonical\" href=\"https:\/\/advbox.com.br\/blog\/cpc-artigo-335\/\" \/>\n<meta property=\"og:locale\" content=\"pt_BR\" \/>\n<meta property=\"og:type\" content=\"article\" \/>\n<meta property=\"og:title\" content=\"Artigo 335 CPC | ADVBOX\" \/>\n<meta property=\"og:description\" content=\"Artigo 335 CPC - C\u00f3digo de Processo Civil - Art. 335. O r\u00e9u poder\u00e1 oferecer contesta\u00e7\u00e3o, por peti\u00e7\u00e3o, no prazo de 15 (quinze) dias [continua]\" \/>\n<meta property=\"og:url\" content=\"https:\/\/advbox.com.br\/blog\/cpc-artigo-335\/\" \/>\n<meta property=\"og:site_name\" content=\"Software Jur\u00eddico Completo - ADVBOX\" \/>\n<meta property=\"article:publisher\" content=\"https:\/\/www.facebook.com\/advbox\/\" \/>\n<meta name=\"twitter:card\" content=\"summary_large_image\" \/>\n<meta name=\"twitter:site\" content=\"@advbox2\" \/>\n<script type=\"application\/ld+json\" class=\"yoast-schema-graph\">{\"@context\":\"https:\/\/schema.org\",\"@graph\":[{\"@type\":\"WebPage\",\"@id\":\"https:\/\/advbox.com.br\/blog\/cpc-artigo-335\/\",\"url\":\"https:\/\/advbox.com.br\/blog\/cpc-artigo-335\/\",\"name\":\"Artigo 335 CPC | ADVBOX\",\"isPartOf\":{\"@id\":\"https:\/\/advbox.com.br\/blog\/#website\"},\"datePublished\":\"2024-01-11T19:58:28+00:00\",\"description\":\"Artigo 335 CPC - C\u00f3digo de Processo Civil - Art. 335. O r\u00e9u poder\u00e1 oferecer contesta\u00e7\u00e3o, por peti\u00e7\u00e3o, no prazo de 15 (quinze) dias [continua]\",\"breadcrumb\":{\"@id\":\"https:\/\/advbox.com.br\/blog\/cpc-artigo-335\/#breadcrumb\"},\"inLanguage\":\"pt-BR\",\"potentialAction\":[{\"@type\":\"ReadAction\",\"target\":[\"https:\/\/advbox.com.br\/blog\/cpc-artigo-335\/\"]}]},{\"@type\":\"BreadcrumbList\",\"@id\":\"https:\/\/advbox.com.br\/blog\/cpc-artigo-335\/#breadcrumb\",\"itemListElement\":[{\"@type\":\"ListItem\",\"position\":1,\"name\":\"In\u00edcio\",\"item\":\"https:\/\/advbox.com.br\/blog\/\"},{\"@type\":\"ListItem\",\"position\":2,\"name\":\"Artigo 335 CPC \u2013 C\u00f3digo de Processo Civil\"}]},{\"@type\":\"WebSite\",\"@id\":\"https:\/\/advbox.com.br\/blog\/#website\",\"url\":\"https:\/\/advbox.com.br\/blog\/\",\"name\":\"Software Jur\u00eddico Completo - ADVBOX\",\"description\":\"Plataforma para Advocacia Digital\",\"publisher\":{\"@id\":\"https:\/\/advbox.com.br\/blog\/#organization\"},\"potentialAction\":[{\"@type\":\"SearchAction\",\"target\":{\"@type\":\"EntryPoint\",\"urlTemplate\":\"https:\/\/advbox.com.br\/blog\/?s={search_term_string}\"},\"query-input\":{\"@type\":\"PropertyValueSpecification\",\"valueRequired\":true,\"valueName\":\"search_term_string\"}}],\"inLanguage\":\"pt-BR\"},{\"@type\":\"Organization\",\"@id\":\"https:\/\/advbox.com.br\/blog\/#organization\",\"name\":\"ADVBOX Blog - Software jur\u00eddico da advocacia digital\",\"url\":\"https:\/\/advbox.com.br\/blog\/\",\"logo\":{\"@type\":\"ImageObject\",\"inLanguage\":\"pt-BR\",\"@id\":\"https:\/\/advbox.com.br\/blog\/#\/schema\/logo\/image\/\",\"url\":\"https:\/\/advbox.com.br\/blog\/wp-content\/uploads\/2019\/12\/Como-aumentar-a-produtividade_.jpg\",\"contentUrl\":\"https:\/\/advbox.com.br\/blog\/wp-content\/uploads\/2019\/12\/Como-aumentar-a-produtividade_.jpg\",\"width\":320,\"height\":213,\"caption\":\"ADVBOX Blog - Software jur\u00eddico da advocacia digital\"},\"image\":{\"@id\":\"https:\/\/advbox.com.br\/blog\/#\/schema\/logo\/image\/\"},\"sameAs\":[\"https:\/\/www.facebook.com\/advbox\/\",\"https:\/\/x.com\/advbox2\"]}]}<\/script>\n<!-- \/ Yoast SEO plugin. -->","yoast_head_json":{"title":"Artigo 335 CPC | ADVBOX","description":"Artigo 335 CPC - C\u00f3digo de Processo Civil - Art. 335. O r\u00e9u poder\u00e1 oferecer contesta\u00e7\u00e3o, por peti\u00e7\u00e3o, no prazo de 15 (quinze) dias [continua]","robots":{"index":"index","follow":"follow","max-snippet":"max-snippet:-1","max-image-preview":"max-image-preview:large","max-video-preview":"max-video-preview:-1"},"canonical":"https:\/\/advbox.com.br\/blog\/cpc-artigo-335\/","og_locale":"pt_BR","og_type":"article","og_title":"Artigo 335 CPC | ADVBOX","og_description":"Artigo 335 CPC - C\u00f3digo de Processo Civil - Art. 335. O r\u00e9u poder\u00e1 oferecer contesta\u00e7\u00e3o, por peti\u00e7\u00e3o, no prazo de 15 (quinze) dias [continua]","og_url":"https:\/\/advbox.com.br\/blog\/cpc-artigo-335\/","og_site_name":"Software Jur\u00eddico Completo - ADVBOX","article_publisher":"https:\/\/www.facebook.com\/advbox\/","twitter_card":"summary_large_image","twitter_site":"@advbox2","schema":{"@context":"https:\/\/schema.org","@graph":[{"@type":"WebPage","@id":"https:\/\/advbox.com.br\/blog\/cpc-artigo-335\/","url":"https:\/\/advbox.com.br\/blog\/cpc-artigo-335\/","name":"Artigo 335 CPC | ADVBOX","isPartOf":{"@id":"https:\/\/advbox.com.br\/blog\/#website"},"datePublished":"2024-01-11T19:58:28+00:00","description":"Artigo 335 CPC - C\u00f3digo de Processo Civil - Art. 335. O r\u00e9u poder\u00e1 oferecer contesta\u00e7\u00e3o, por peti\u00e7\u00e3o, no prazo de 15 (quinze) dias [continua]","breadcrumb":{"@id":"https:\/\/advbox.com.br\/blog\/cpc-artigo-335\/#breadcrumb"},"inLanguage":"pt-BR","potentialAction":[{"@type":"ReadAction","target":["https:\/\/advbox.com.br\/blog\/cpc-artigo-335\/"]}]},{"@type":"BreadcrumbList","@id":"https:\/\/advbox.com.br\/blog\/cpc-artigo-335\/#breadcrumb","itemListElement":[{"@type":"ListItem","position":1,"name":"In\u00edcio","item":"https:\/\/advbox.com.br\/blog\/"},{"@type":"ListItem","position":2,"name":"Artigo 335 CPC \u2013 C\u00f3digo de Processo Civil"}]},{"@type":"WebSite","@id":"https:\/\/advbox.com.br\/blog\/#website","url":"https:\/\/advbox.com.br\/blog\/","name":"Software Jur\u00eddico Completo - ADVBOX","description":"Plataforma para Advocacia Digital","publisher":{"@id":"https:\/\/advbox.com.br\/blog\/#organization"},"potentialAction":[{"@type":"SearchAction","target":{"@type":"EntryPoint","urlTemplate":"https:\/\/advbox.com.br\/blog\/?s={search_term_string}"},"query-input":{"@type":"PropertyValueSpecification","valueRequired":true,"valueName":"search_term_string"}}],"inLanguage":"pt-BR"},{"@type":"Organization","@id":"https:\/\/advbox.com.br\/blog\/#organization","name":"ADVBOX Blog - Software jur\u00eddico da advocacia digital","url":"https:\/\/advbox.com.br\/blog\/","logo":{"@type":"ImageObject","inLanguage":"pt-BR","@id":"https:\/\/advbox.com.br\/blog\/#\/schema\/logo\/image\/","url":"https:\/\/advbox.com.br\/blog\/wp-content\/uploads\/2019\/12\/Como-aumentar-a-produtividade_.jpg","contentUrl":"https:\/\/advbox.com.br\/blog\/wp-content\/uploads\/2019\/12\/Como-aumentar-a-produtividade_.jpg","width":320,"height":213,"caption":"ADVBOX Blog - Software jur\u00eddico da advocacia digital"},"image":{"@id":"https:\/\/advbox.com.br\/blog\/#\/schema\/logo\/image\/"},"sameAs":["https:\/\/www.facebook.com\/advbox\/","https:\/\/x.com\/advbox2"]}]}},"_links":{"self":[{"href":"https:\/\/advbox.com.br\/blog\/wp-json\/wp\/v2\/pages\/60198","targetHints":{"allow":["GET"]}}],"collection":[{"href":"https:\/\/advbox.com.br\/blog\/wp-json\/wp\/v2\/pages"}],"about":[{"href":"https:\/\/advbox.com.br\/blog\/wp-json\/wp\/v2\/types\/page"}],"author":[{"embeddable":true,"href":"https:\/\/advbox.com.br\/blog\/wp-json\/wp\/v2\/users\/44"}],"replies":[{"embeddable":true,"href":"https:\/\/advbox.com.br\/blog\/wp-json\/wp\/v2\/comments?post=60198"}],"version-history":[{"count":1,"href":"https:\/\/advbox.com.br\/blog\/wp-json\/wp\/v2\/pages\/60198\/revisions"}],"predecessor-version":[{"id":60199,"href":"https:\/\/advbox.com.br\/blog\/wp-json\/wp\/v2\/pages\/60198\/revisions\/60199"}],"wp:attachment":[{"href":"https:\/\/advbox.com.br\/blog\/wp-json\/wp\/v2\/media?parent=60198"}],"curies":[{"name":"wp","href":"https:\/\/api.w.org\/{rel}","templated":true}]}}