{"id":60265,"date":"2024-01-15T15:16:45","date_gmt":"2024-01-15T18:16:45","guid":{"rendered":"https:\/\/advbox.com.br\/blog\/?page_id=60265"},"modified":"2026-05-06T14:37:08","modified_gmt":"2026-05-06T17:37:08","slug":"cpc-artigo-341","status":"publish","type":"page","link":"https:\/\/advbox.com.br\/blog\/cpc-artigo-341\/","title":{"rendered":"Artigo 341 CPC \u2013 C\u00f3digo de Processo Civil"},"content":{"rendered":"<p><em>Lei N\u00ba 13.105, de 16 de mar\u00e7o de 2015<\/em>\u00a0<em>\u2013 Artigo 341 CPC.<\/em><\/p><h2 class=\"wp-block-heading\">Artigo 341 CPC<\/h2><p>Art. 341. Incumbe tamb\u00e9m ao r\u00e9u manifestar-se precisamente sobre as alega\u00e7\u00f5es de fato constantes da peti\u00e7\u00e3o inicial, presumindo-se verdadeiras as n\u00e3o impugnadas, salvo se:<\/p><p><a><\/a>I &#8211; n\u00e3o for admiss\u00edvel, a seu respeito, a confiss\u00e3o;<\/p><p><a><\/a>II &#8211; a peti\u00e7\u00e3o inicial n\u00e3o estiver acompanhada de instrumento que a lei considerar da subst\u00e2ncia do ato;<\/p><p><a><\/a>III &#8211; estiverem em contradi\u00e7\u00e3o com a defesa, considerada em seu conjunto.<\/p><p>Par\u00e1grafo \u00fanico. O \u00f4nus da impugna\u00e7\u00e3o especificada dos fatos n\u00e3o se aplica ao defensor p\u00fablico, ao advogado dativo e ao curador especial.<\/p><h2 class=\"wp-block-heading\">Acesse o CPC completo ou separadamente:<\/h2><p><a href=\"https:\/\/advbox.com.br\/blog\/cpc-codigo-de-processo-civil\/\" target=\"_blank\" rel=\"noreferrer noopener\" target=\"_blank\"><strong>CPC completo<\/strong><\/a><\/p><p><a href=\"https:\/\/advbox.com.br\/blog\/cpc-artigo-340\/\" target=\"_blank\"><strong>Artigo 340<\/strong><\/a><\/p><p><strong>Acelere seu trabalho, automatize procura\u00e7\u00f5es, contratos e peti\u00e7\u00f5es no seu escrit\u00f3rio. Saiba como:\u00a0<a href=\"https:\/\/advbox.com.br\/blog\/como-automatizar-seus-modelos-de-peticoes\/\" target=\"_blank\">clique aqui<\/a><\/strong><\/p>\n","protected":false},"excerpt":{"rendered":"<p>Lei N\u00ba 13.105, de 16 de mar\u00e7o de 2015\u00a0\u2013 Artigo 341 CPC. Artigo 341 CPC Art. 341. Incumbe tamb\u00e9m ao r\u00e9u manifestar-se precisamente sobre as alega\u00e7\u00f5es de fato constantes da peti\u00e7\u00e3o inicial, presumindo-se verdadeiras as n\u00e3o impugnadas, salvo se: I &#8211; n\u00e3o for admiss\u00edvel, a seu respeito, a confiss\u00e3o; II [&hellip;]<\/p>\n","protected":false},"author":44,"featured_media":0,"parent":0,"menu_order":0,"comment_status":"closed","ping_status":"closed","template":"","meta":{"_acf_changed":false,"om_disable_all_campaigns":false,"footnotes":""},"class_list":["post-60265","page","type-page","status-publish","hentry"],"acf":[],"yoast_head":"<!-- This site is optimized with the Yoast SEO plugin v26.9 - https:\/\/yoast.com\/product\/yoast-seo-wordpress\/ -->\n<title>Artigo 341 CPC: impugna\u00e7\u00e3o espec\u00edfica dos fatos<\/title>\n<meta name=\"description\" content=\"Artigo 341 CPC - C\u00f3digo de Processo Civil - Art. 341. Incumbe tamb\u00e9m ao r\u00e9u manifestar-se precisamente sobre as alega\u00e7\u00f5es de fato [continua]\" \/>\n<meta name=\"robots\" content=\"index, follow, max-snippet:-1, max-image-preview:large, max-video-preview:-1\" \/>\n<link rel=\"canonical\" href=\"https:\/\/advbox.com.br\/blog\/cpc-artigo-341\/\" \/>\n<meta property=\"og:locale\" content=\"pt_BR\" \/>\n<meta property=\"og:type\" content=\"article\" \/>\n<meta property=\"og:title\" content=\"Artigo 341 CPC: impugna\u00e7\u00e3o espec\u00edfica dos fatos\" \/>\n<meta property=\"og:description\" content=\"Artigo 341 CPC - C\u00f3digo de Processo Civil - Art. 341. Incumbe tamb\u00e9m ao r\u00e9u manifestar-se precisamente sobre as alega\u00e7\u00f5es de fato [continua]\" \/>\n<meta property=\"og:url\" content=\"https:\/\/advbox.com.br\/blog\/cpc-artigo-341\/\" \/>\n<meta property=\"og:site_name\" content=\"Software Jur\u00eddico Completo - ADVBOX\" \/>\n<meta property=\"article:publisher\" content=\"https:\/\/www.facebook.com\/advbox\/\" \/>\n<meta property=\"article:modified_time\" content=\"2026-05-06T17:37:08+00:00\" \/>\n<meta name=\"twitter:card\" content=\"summary_large_image\" \/>\n<meta name=\"twitter:site\" content=\"@advbox2\" \/>\n<script type=\"application\/ld+json\" class=\"yoast-schema-graph\">{\"@context\":\"https:\/\/schema.org\",\"@graph\":[{\"@type\":\"WebPage\",\"@id\":\"https:\/\/advbox.com.br\/blog\/cpc-artigo-341\/\",\"url\":\"https:\/\/advbox.com.br\/blog\/cpc-artigo-341\/\",\"name\":\"Artigo 341 CPC: impugna\u00e7\u00e3o espec\u00edfica dos fatos\",\"isPartOf\":{\"@id\":\"https:\/\/advbox.com.br\/blog\/#website\"},\"datePublished\":\"2024-01-15T18:16:45+00:00\",\"dateModified\":\"2026-05-06T17:37:08+00:00\",\"description\":\"Artigo 341 CPC - C\u00f3digo de Processo Civil - Art. 341. Incumbe tamb\u00e9m ao r\u00e9u manifestar-se precisamente sobre as alega\u00e7\u00f5es de fato [continua]\",\"breadcrumb\":{\"@id\":\"https:\/\/advbox.com.br\/blog\/cpc-artigo-341\/#breadcrumb\"},\"inLanguage\":\"pt-BR\",\"potentialAction\":[{\"@type\":\"ReadAction\",\"target\":[\"https:\/\/advbox.com.br\/blog\/cpc-artigo-341\/\"]}]},{\"@type\":\"BreadcrumbList\",\"@id\":\"https:\/\/advbox.com.br\/blog\/cpc-artigo-341\/#breadcrumb\",\"itemListElement\":[{\"@type\":\"ListItem\",\"position\":1,\"name\":\"In\u00edcio\",\"item\":\"https:\/\/advbox.com.br\/blog\/\"},{\"@type\":\"ListItem\",\"position\":2,\"name\":\"Artigo 341 CPC \u2013 C\u00f3digo de Processo Civil\"}]},{\"@type\":\"WebSite\",\"@id\":\"https:\/\/advbox.com.br\/blog\/#website\",\"url\":\"https:\/\/advbox.com.br\/blog\/\",\"name\":\"Software Jur\u00eddico Completo - ADVBOX\",\"description\":\"Plataforma para Advocacia Digital\",\"publisher\":{\"@id\":\"https:\/\/advbox.com.br\/blog\/#organization\"},\"potentialAction\":[{\"@type\":\"SearchAction\",\"target\":{\"@type\":\"EntryPoint\",\"urlTemplate\":\"https:\/\/advbox.com.br\/blog\/?s={search_term_string}\"},\"query-input\":{\"@type\":\"PropertyValueSpecification\",\"valueRequired\":true,\"valueName\":\"search_term_string\"}}],\"inLanguage\":\"pt-BR\"},{\"@type\":\"Organization\",\"@id\":\"https:\/\/advbox.com.br\/blog\/#organization\",\"name\":\"ADVBOX Blog - Software jur\u00eddico da advocacia digital\",\"url\":\"https:\/\/advbox.com.br\/blog\/\",\"logo\":{\"@type\":\"ImageObject\",\"inLanguage\":\"pt-BR\",\"@id\":\"https:\/\/advbox.com.br\/blog\/#\/schema\/logo\/image\/\",\"url\":\"https:\/\/advbox.com.br\/blog\/wp-content\/uploads\/2019\/12\/Como-aumentar-a-produtividade_.jpg\",\"contentUrl\":\"https:\/\/advbox.com.br\/blog\/wp-content\/uploads\/2019\/12\/Como-aumentar-a-produtividade_.jpg\",\"width\":320,\"height\":213,\"caption\":\"ADVBOX Blog - Software jur\u00eddico da advocacia digital\"},\"image\":{\"@id\":\"https:\/\/advbox.com.br\/blog\/#\/schema\/logo\/image\/\"},\"sameAs\":[\"https:\/\/www.facebook.com\/advbox\/\",\"https:\/\/x.com\/advbox2\"]}]}<\/script>\n<!-- \/ Yoast SEO plugin. -->","yoast_head_json":{"title":"Artigo 341 CPC: impugna\u00e7\u00e3o espec\u00edfica dos fatos","description":"Artigo 341 CPC - C\u00f3digo de Processo Civil - Art. 341. Incumbe tamb\u00e9m ao r\u00e9u manifestar-se precisamente sobre as alega\u00e7\u00f5es de fato [continua]","robots":{"index":"index","follow":"follow","max-snippet":"max-snippet:-1","max-image-preview":"max-image-preview:large","max-video-preview":"max-video-preview:-1"},"canonical":"https:\/\/advbox.com.br\/blog\/cpc-artigo-341\/","og_locale":"pt_BR","og_type":"article","og_title":"Artigo 341 CPC: impugna\u00e7\u00e3o espec\u00edfica dos fatos","og_description":"Artigo 341 CPC - C\u00f3digo de Processo Civil - Art. 341. Incumbe tamb\u00e9m ao r\u00e9u manifestar-se precisamente sobre as alega\u00e7\u00f5es de fato [continua]","og_url":"https:\/\/advbox.com.br\/blog\/cpc-artigo-341\/","og_site_name":"Software Jur\u00eddico Completo - ADVBOX","article_publisher":"https:\/\/www.facebook.com\/advbox\/","article_modified_time":"2026-05-06T17:37:08+00:00","twitter_card":"summary_large_image","twitter_site":"@advbox2","schema":{"@context":"https:\/\/schema.org","@graph":[{"@type":"WebPage","@id":"https:\/\/advbox.com.br\/blog\/cpc-artigo-341\/","url":"https:\/\/advbox.com.br\/blog\/cpc-artigo-341\/","name":"Artigo 341 CPC: impugna\u00e7\u00e3o espec\u00edfica dos fatos","isPartOf":{"@id":"https:\/\/advbox.com.br\/blog\/#website"},"datePublished":"2024-01-15T18:16:45+00:00","dateModified":"2026-05-06T17:37:08+00:00","description":"Artigo 341 CPC - C\u00f3digo de Processo Civil - Art. 341. Incumbe tamb\u00e9m ao r\u00e9u manifestar-se precisamente sobre as alega\u00e7\u00f5es de fato [continua]","breadcrumb":{"@id":"https:\/\/advbox.com.br\/blog\/cpc-artigo-341\/#breadcrumb"},"inLanguage":"pt-BR","potentialAction":[{"@type":"ReadAction","target":["https:\/\/advbox.com.br\/blog\/cpc-artigo-341\/"]}]},{"@type":"BreadcrumbList","@id":"https:\/\/advbox.com.br\/blog\/cpc-artigo-341\/#breadcrumb","itemListElement":[{"@type":"ListItem","position":1,"name":"In\u00edcio","item":"https:\/\/advbox.com.br\/blog\/"},{"@type":"ListItem","position":2,"name":"Artigo 341 CPC \u2013 C\u00f3digo de Processo Civil"}]},{"@type":"WebSite","@id":"https:\/\/advbox.com.br\/blog\/#website","url":"https:\/\/advbox.com.br\/blog\/","name":"Software Jur\u00eddico Completo - ADVBOX","description":"Plataforma para Advocacia Digital","publisher":{"@id":"https:\/\/advbox.com.br\/blog\/#organization"},"potentialAction":[{"@type":"SearchAction","target":{"@type":"EntryPoint","urlTemplate":"https:\/\/advbox.com.br\/blog\/?s={search_term_string}"},"query-input":{"@type":"PropertyValueSpecification","valueRequired":true,"valueName":"search_term_string"}}],"inLanguage":"pt-BR"},{"@type":"Organization","@id":"https:\/\/advbox.com.br\/blog\/#organization","name":"ADVBOX Blog - Software jur\u00eddico da advocacia digital","url":"https:\/\/advbox.com.br\/blog\/","logo":{"@type":"ImageObject","inLanguage":"pt-BR","@id":"https:\/\/advbox.com.br\/blog\/#\/schema\/logo\/image\/","url":"https:\/\/advbox.com.br\/blog\/wp-content\/uploads\/2019\/12\/Como-aumentar-a-produtividade_.jpg","contentUrl":"https:\/\/advbox.com.br\/blog\/wp-content\/uploads\/2019\/12\/Como-aumentar-a-produtividade_.jpg","width":320,"height":213,"caption":"ADVBOX Blog - Software jur\u00eddico da advocacia digital"},"image":{"@id":"https:\/\/advbox.com.br\/blog\/#\/schema\/logo\/image\/"},"sameAs":["https:\/\/www.facebook.com\/advbox\/","https:\/\/x.com\/advbox2"]}]}},"_links":{"self":[{"href":"https:\/\/advbox.com.br\/blog\/wp-json\/wp\/v2\/pages\/60265","targetHints":{"allow":["GET"]}}],"collection":[{"href":"https:\/\/advbox.com.br\/blog\/wp-json\/wp\/v2\/pages"}],"about":[{"href":"https:\/\/advbox.com.br\/blog\/wp-json\/wp\/v2\/types\/page"}],"author":[{"embeddable":true,"href":"https:\/\/advbox.com.br\/blog\/wp-json\/wp\/v2\/users\/44"}],"replies":[{"embeddable":true,"href":"https:\/\/advbox.com.br\/blog\/wp-json\/wp\/v2\/comments?post=60265"}],"version-history":[{"count":2,"href":"https:\/\/advbox.com.br\/blog\/wp-json\/wp\/v2\/pages\/60265\/revisions"}],"predecessor-version":[{"id":83572,"href":"https:\/\/advbox.com.br\/blog\/wp-json\/wp\/v2\/pages\/60265\/revisions\/83572"}],"wp:attachment":[{"href":"https:\/\/advbox.com.br\/blog\/wp-json\/wp\/v2\/media?parent=60265"}],"curies":[{"name":"wp","href":"https:\/\/api.w.org\/{rel}","templated":true}]}}