{"id":60269,"date":"2024-01-15T15:23:06","date_gmt":"2024-01-15T18:23:06","guid":{"rendered":"https:\/\/advbox.com.br\/blog\/?page_id=60269"},"modified":"2026-05-06T12:09:45","modified_gmt":"2026-05-06T15:09:45","slug":"cpc-artigo-343","status":"publish","type":"page","link":"https:\/\/advbox.com.br\/blog\/cpc-artigo-343\/","title":{"rendered":"Artigo 343 CPC \u2013 C\u00f3digo de Processo Civil"},"content":{"rendered":"<p><em>Lei N\u00ba 13.105, de 16 de mar\u00e7o de 2015<\/em>\u00a0<em>\u2013 Artigo 343 CPC.<\/em><\/p><h2 class=\"wp-block-heading\">Artigo 343 CPC<\/h2><p>Art. 343. Na contesta\u00e7\u00e3o, \u00e9 l\u00edcito ao r\u00e9u propor reconven\u00e7\u00e3o para manifestar pretens\u00e3o pr\u00f3pria, conexa com a a\u00e7\u00e3o principal ou com o fundamento da defesa.<\/p><p><a><\/a>\u00a7 1\u00ba Proposta a reconven\u00e7\u00e3o, o autor ser\u00e1 intimado, na pessoa de seu advogado, para apresentar resposta no prazo de 15 (quinze) dias.<\/p><p><a><\/a>\u00a7 2\u00ba A desist\u00eancia da a\u00e7\u00e3o ou a ocorr\u00eancia de causa extintiva que impe\u00e7a o exame de seu m\u00e9rito n\u00e3o obsta ao prosseguimento do processo quanto \u00e0 reconven\u00e7\u00e3o.<\/p><p><a><\/a>\u00a7 3\u00ba A reconven\u00e7\u00e3o pode ser proposta contra o autor e terceiro.<\/p><p><a><\/a>\u00a7 4\u00ba A reconven\u00e7\u00e3o pode ser proposta pelo r\u00e9u em litiscons\u00f3rcio com terceiro.<\/p><p><a><\/a>\u00a7 5\u00ba Se o autor for substituto processual, o reconvinte dever\u00e1 afirmar ser titular de direito em face do substitu\u00eddo, e a reconven\u00e7\u00e3o dever\u00e1 ser proposta em face do autor, tamb\u00e9m na qualidade de substituto processual.<\/p><p>\u00a7 6\u00ba O r\u00e9u pode propor reconven\u00e7\u00e3o independentemente de oferecer contesta\u00e7\u00e3o.<\/p><h2 class=\"wp-block-heading\">Acesse o CPC completo ou separadamente:<\/h2><p><a href=\"https:\/\/advbox.com.br\/blog\/cpc-codigo-de-processo-civil\/\" target=\"_blank\" rel=\"noreferrer noopener\" target=\"_blank\"><strong>CPC completo<\/strong><\/a><\/p><p><a href=\"https:\/\/advbox.com.br\/blog\/cpc-artigo-342\/\" target=\"_blank\"><strong>Artigo 342<\/strong><\/a><\/p><p><strong>Acelere seu trabalho, automatize procura\u00e7\u00f5es, contratos e peti\u00e7\u00f5es no seu escrit\u00f3rio. Saiba como:\u00a0<a href=\"https:\/\/advbox.com.br\/blog\/como-automatizar-seus-modelos-de-peticoes\/\" target=\"_blank\">clique aqui<\/a><\/strong><\/p>\n","protected":false},"excerpt":{"rendered":"<p>Lei N\u00ba 13.105, de 16 de mar\u00e7o de 2015\u00a0\u2013 Artigo 343 CPC. Artigo 343 CPC Art. 343. Na contesta\u00e7\u00e3o, \u00e9 l\u00edcito ao r\u00e9u propor reconven\u00e7\u00e3o para manifestar pretens\u00e3o pr\u00f3pria, conexa com a a\u00e7\u00e3o principal ou com o fundamento da defesa. \u00a7 1\u00ba Proposta a reconven\u00e7\u00e3o, o autor ser\u00e1 intimado, na [&hellip;]<\/p>\n","protected":false},"author":44,"featured_media":0,"parent":0,"menu_order":0,"comment_status":"closed","ping_status":"closed","template":"","meta":{"_acf_changed":false,"om_disable_all_campaigns":false,"footnotes":""},"class_list":["post-60269","page","type-page","status-publish","hentry"],"acf":[],"yoast_head":"<!-- This site is optimized with the Yoast SEO plugin v26.9 - https:\/\/yoast.com\/product\/yoast-seo-wordpress\/ -->\n<title>Artigo 343 CPC: reconven\u00e7\u00e3o na contesta\u00e7\u00e3o<\/title>\n<meta name=\"description\" content=\"Artigo 343 CPC - C\u00f3digo de Processo Civil - Art. 343. Na contesta\u00e7\u00e3o, \u00e9 l\u00edcito ao r\u00e9u propor reconven\u00e7\u00e3o para manifestar pretens\u00e3o [continua]\" \/>\n<meta name=\"robots\" content=\"index, follow, max-snippet:-1, max-image-preview:large, max-video-preview:-1\" \/>\n<link rel=\"canonical\" href=\"https:\/\/advbox.com.br\/blog\/cpc-artigo-343\/\" \/>\n<meta property=\"og:locale\" content=\"pt_BR\" \/>\n<meta property=\"og:type\" content=\"article\" \/>\n<meta property=\"og:title\" content=\"Artigo 343 CPC: reconven\u00e7\u00e3o na contesta\u00e7\u00e3o\" \/>\n<meta property=\"og:description\" content=\"Artigo 343 CPC - C\u00f3digo de Processo Civil - Art. 343. Na contesta\u00e7\u00e3o, \u00e9 l\u00edcito ao r\u00e9u propor reconven\u00e7\u00e3o para manifestar pretens\u00e3o [continua]\" \/>\n<meta property=\"og:url\" content=\"https:\/\/advbox.com.br\/blog\/cpc-artigo-343\/\" \/>\n<meta property=\"og:site_name\" content=\"Software Jur\u00eddico Completo - ADVBOX\" \/>\n<meta property=\"article:publisher\" content=\"https:\/\/www.facebook.com\/advbox\/\" \/>\n<meta property=\"article:modified_time\" content=\"2026-05-06T15:09:45+00:00\" \/>\n<meta name=\"twitter:card\" content=\"summary_large_image\" \/>\n<meta name=\"twitter:site\" content=\"@advbox2\" \/>\n<script type=\"application\/ld+json\" class=\"yoast-schema-graph\">{\"@context\":\"https:\/\/schema.org\",\"@graph\":[{\"@type\":\"WebPage\",\"@id\":\"https:\/\/advbox.com.br\/blog\/cpc-artigo-343\/\",\"url\":\"https:\/\/advbox.com.br\/blog\/cpc-artigo-343\/\",\"name\":\"Artigo 343 CPC: reconven\u00e7\u00e3o na contesta\u00e7\u00e3o\",\"isPartOf\":{\"@id\":\"https:\/\/advbox.com.br\/blog\/#website\"},\"datePublished\":\"2024-01-15T18:23:06+00:00\",\"dateModified\":\"2026-05-06T15:09:45+00:00\",\"description\":\"Artigo 343 CPC - C\u00f3digo de Processo Civil - Art. 343. Na contesta\u00e7\u00e3o, \u00e9 l\u00edcito ao r\u00e9u propor reconven\u00e7\u00e3o para manifestar pretens\u00e3o [continua]\",\"breadcrumb\":{\"@id\":\"https:\/\/advbox.com.br\/blog\/cpc-artigo-343\/#breadcrumb\"},\"inLanguage\":\"pt-BR\",\"potentialAction\":[{\"@type\":\"ReadAction\",\"target\":[\"https:\/\/advbox.com.br\/blog\/cpc-artigo-343\/\"]}]},{\"@type\":\"BreadcrumbList\",\"@id\":\"https:\/\/advbox.com.br\/blog\/cpc-artigo-343\/#breadcrumb\",\"itemListElement\":[{\"@type\":\"ListItem\",\"position\":1,\"name\":\"In\u00edcio\",\"item\":\"https:\/\/advbox.com.br\/blog\/\"},{\"@type\":\"ListItem\",\"position\":2,\"name\":\"Artigo 343 CPC \u2013 C\u00f3digo de Processo Civil\"}]},{\"@type\":\"WebSite\",\"@id\":\"https:\/\/advbox.com.br\/blog\/#website\",\"url\":\"https:\/\/advbox.com.br\/blog\/\",\"name\":\"Software Jur\u00eddico Completo - ADVBOX\",\"description\":\"Plataforma para Advocacia Digital\",\"publisher\":{\"@id\":\"https:\/\/advbox.com.br\/blog\/#organization\"},\"potentialAction\":[{\"@type\":\"SearchAction\",\"target\":{\"@type\":\"EntryPoint\",\"urlTemplate\":\"https:\/\/advbox.com.br\/blog\/?s={search_term_string}\"},\"query-input\":{\"@type\":\"PropertyValueSpecification\",\"valueRequired\":true,\"valueName\":\"search_term_string\"}}],\"inLanguage\":\"pt-BR\"},{\"@type\":\"Organization\",\"@id\":\"https:\/\/advbox.com.br\/blog\/#organization\",\"name\":\"ADVBOX Blog - Software jur\u00eddico da advocacia digital\",\"url\":\"https:\/\/advbox.com.br\/blog\/\",\"logo\":{\"@type\":\"ImageObject\",\"inLanguage\":\"pt-BR\",\"@id\":\"https:\/\/advbox.com.br\/blog\/#\/schema\/logo\/image\/\",\"url\":\"https:\/\/advbox.com.br\/blog\/wp-content\/uploads\/2019\/12\/Como-aumentar-a-produtividade_.jpg\",\"contentUrl\":\"https:\/\/advbox.com.br\/blog\/wp-content\/uploads\/2019\/12\/Como-aumentar-a-produtividade_.jpg\",\"width\":320,\"height\":213,\"caption\":\"ADVBOX Blog - Software jur\u00eddico da advocacia digital\"},\"image\":{\"@id\":\"https:\/\/advbox.com.br\/blog\/#\/schema\/logo\/image\/\"},\"sameAs\":[\"https:\/\/www.facebook.com\/advbox\/\",\"https:\/\/x.com\/advbox2\"]}]}<\/script>\n<!-- \/ Yoast SEO plugin. -->","yoast_head_json":{"title":"Artigo 343 CPC: reconven\u00e7\u00e3o na contesta\u00e7\u00e3o","description":"Artigo 343 CPC - C\u00f3digo de Processo Civil - Art. 343. Na contesta\u00e7\u00e3o, \u00e9 l\u00edcito ao r\u00e9u propor reconven\u00e7\u00e3o para manifestar pretens\u00e3o [continua]","robots":{"index":"index","follow":"follow","max-snippet":"max-snippet:-1","max-image-preview":"max-image-preview:large","max-video-preview":"max-video-preview:-1"},"canonical":"https:\/\/advbox.com.br\/blog\/cpc-artigo-343\/","og_locale":"pt_BR","og_type":"article","og_title":"Artigo 343 CPC: reconven\u00e7\u00e3o na contesta\u00e7\u00e3o","og_description":"Artigo 343 CPC - C\u00f3digo de Processo Civil - Art. 343. Na contesta\u00e7\u00e3o, \u00e9 l\u00edcito ao r\u00e9u propor reconven\u00e7\u00e3o para manifestar pretens\u00e3o [continua]","og_url":"https:\/\/advbox.com.br\/blog\/cpc-artigo-343\/","og_site_name":"Software Jur\u00eddico Completo - ADVBOX","article_publisher":"https:\/\/www.facebook.com\/advbox\/","article_modified_time":"2026-05-06T15:09:45+00:00","twitter_card":"summary_large_image","twitter_site":"@advbox2","schema":{"@context":"https:\/\/schema.org","@graph":[{"@type":"WebPage","@id":"https:\/\/advbox.com.br\/blog\/cpc-artigo-343\/","url":"https:\/\/advbox.com.br\/blog\/cpc-artigo-343\/","name":"Artigo 343 CPC: reconven\u00e7\u00e3o na contesta\u00e7\u00e3o","isPartOf":{"@id":"https:\/\/advbox.com.br\/blog\/#website"},"datePublished":"2024-01-15T18:23:06+00:00","dateModified":"2026-05-06T15:09:45+00:00","description":"Artigo 343 CPC - C\u00f3digo de Processo Civil - Art. 343. Na contesta\u00e7\u00e3o, \u00e9 l\u00edcito ao r\u00e9u propor reconven\u00e7\u00e3o para manifestar pretens\u00e3o [continua]","breadcrumb":{"@id":"https:\/\/advbox.com.br\/blog\/cpc-artigo-343\/#breadcrumb"},"inLanguage":"pt-BR","potentialAction":[{"@type":"ReadAction","target":["https:\/\/advbox.com.br\/blog\/cpc-artigo-343\/"]}]},{"@type":"BreadcrumbList","@id":"https:\/\/advbox.com.br\/blog\/cpc-artigo-343\/#breadcrumb","itemListElement":[{"@type":"ListItem","position":1,"name":"In\u00edcio","item":"https:\/\/advbox.com.br\/blog\/"},{"@type":"ListItem","position":2,"name":"Artigo 343 CPC \u2013 C\u00f3digo de Processo Civil"}]},{"@type":"WebSite","@id":"https:\/\/advbox.com.br\/blog\/#website","url":"https:\/\/advbox.com.br\/blog\/","name":"Software Jur\u00eddico Completo - ADVBOX","description":"Plataforma para Advocacia Digital","publisher":{"@id":"https:\/\/advbox.com.br\/blog\/#organization"},"potentialAction":[{"@type":"SearchAction","target":{"@type":"EntryPoint","urlTemplate":"https:\/\/advbox.com.br\/blog\/?s={search_term_string}"},"query-input":{"@type":"PropertyValueSpecification","valueRequired":true,"valueName":"search_term_string"}}],"inLanguage":"pt-BR"},{"@type":"Organization","@id":"https:\/\/advbox.com.br\/blog\/#organization","name":"ADVBOX Blog - Software jur\u00eddico da advocacia digital","url":"https:\/\/advbox.com.br\/blog\/","logo":{"@type":"ImageObject","inLanguage":"pt-BR","@id":"https:\/\/advbox.com.br\/blog\/#\/schema\/logo\/image\/","url":"https:\/\/advbox.com.br\/blog\/wp-content\/uploads\/2019\/12\/Como-aumentar-a-produtividade_.jpg","contentUrl":"https:\/\/advbox.com.br\/blog\/wp-content\/uploads\/2019\/12\/Como-aumentar-a-produtividade_.jpg","width":320,"height":213,"caption":"ADVBOX Blog - Software jur\u00eddico da advocacia digital"},"image":{"@id":"https:\/\/advbox.com.br\/blog\/#\/schema\/logo\/image\/"},"sameAs":["https:\/\/www.facebook.com\/advbox\/","https:\/\/x.com\/advbox2"]}]}},"_links":{"self":[{"href":"https:\/\/advbox.com.br\/blog\/wp-json\/wp\/v2\/pages\/60269","targetHints":{"allow":["GET"]}}],"collection":[{"href":"https:\/\/advbox.com.br\/blog\/wp-json\/wp\/v2\/pages"}],"about":[{"href":"https:\/\/advbox.com.br\/blog\/wp-json\/wp\/v2\/types\/page"}],"author":[{"embeddable":true,"href":"https:\/\/advbox.com.br\/blog\/wp-json\/wp\/v2\/users\/44"}],"replies":[{"embeddable":true,"href":"https:\/\/advbox.com.br\/blog\/wp-json\/wp\/v2\/comments?post=60269"}],"version-history":[{"count":2,"href":"https:\/\/advbox.com.br\/blog\/wp-json\/wp\/v2\/pages\/60269\/revisions"}],"predecessor-version":[{"id":83533,"href":"https:\/\/advbox.com.br\/blog\/wp-json\/wp\/v2\/pages\/60269\/revisions\/83533"}],"wp:attachment":[{"href":"https:\/\/advbox.com.br\/blog\/wp-json\/wp\/v2\/media?parent=60269"}],"curies":[{"name":"wp","href":"https:\/\/api.w.org\/{rel}","templated":true}]}}