{"id":60765,"date":"2024-01-24T15:09:29","date_gmt":"2024-01-24T18:09:29","guid":{"rendered":"https:\/\/advbox.com.br\/blog\/?page_id=60765"},"modified":"2025-12-26T13:39:51","modified_gmt":"2025-12-26T16:39:51","slug":"mini-curso-gratuito-de-controladoria-juridica-digital","status":"publish","type":"page","link":"https:\/\/advbox.com.br\/blog\/mini-curso-gratuito-de-controladoria-juridica-digital\/","title":{"rendered":"Mini curso gratuito de Controladoria Jur\u00eddica Digital"},"content":{"rendered":"\n<p>Os v\u00eddeos a seguir fazem parte do Mini Curso Gratuito de Controladoria Jur\u00eddica Digital e abordam abordam os pontos fundamentais sobre a Controladoria Jur\u00eddica Digital.<\/p>\n\n\n\n<p>A partir deles, <b>advogados e demais trabalhadores jur\u00eddicos<\/b>&nbsp;conseguem compreender o que \u00e9 a Controladoria Jur\u00eddica Digital. Assim, \u00e9 poss\u00edvel reconhecer as diferen\u00e7as entre escrit\u00f3rios que j\u00e1 est\u00e3o adaptados ao ambiente digital e os que ainda n\u00e3o est\u00e3o.<\/p>\n\n\n\n<p>Al\u00e9m disso, tamb\u00e9m auxilia os profissionais que j\u00e1 fazem uso da Controladoria Tradicional compreenderem como os novos procedimentos possibilitados pela digitaliza\u00e7\u00e3o do setor podem otimizar a produtividade nos escrit\u00f3rio de advocacia e tranformar a produ\u00e7\u00e3o jur\u00eddica.<\/p>\n\n\n\n<p>Por fim, tab\u00e9m fica evidente como essas novas possibilidades se alinham ao que determina a Lei Geral de Prote\u00e7\u00e3o de Dados (LGPD). Dessa forma, elimina-se erros e descuidos.<\/p>\n\n\n\n<p>Confira a seguir!<\/p>\n\n\n\n<h2 class=\"wp-block-heading\">V\u00eddeo Aula | Controladoria Jur\u00eddica<\/h2>\n\n\n\n<figure class=\"wp-block-embed is-type-video is-provider-youtube wp-block-embed-youtube wp-embed-aspect-16-9 wp-has-aspect-ratio\"><div class=\"wp-block-embed__wrapper\">\n<iframe title=\"V\u00eddeo Aula | Controladoria Jur\u00eddica\" width=\"750\" height=\"422\" src=\"https:\/\/www.youtube.com\/embed\/jOOCgvWfmWw?feature=oembed\" frameborder=\"0\" allow=\"accelerometer; autoplay; clipboard-write; encrypted-media; gyroscope; picture-in-picture; web-share\" referrerpolicy=\"strict-origin-when-cross-origin\" allowfullscreen loading=\"lazy\"><\/iframe>\n<\/div><\/figure>\n\n\n\n<p>No primeiro v\u00eddeo do Mini Curso gratuito de Controladoria Jur\u00eddica Digital, o CEO da ADVBOX, Eduardo Koetz, traz uma an\u00e1lise detalhada da Controladoria Jur\u00eddica Digital, os principais conceitos referentes e essa metodologia e as diferen\u00e7as encontradas entre ela e a Controladoria Jur\u00eddica Tradicional. <\/p>\n\n\n\n<p>Assim, voc\u00ea ser\u00e1 capaz de adquirir a base necess\u00e1ria para iniciar agora mesmo a transi\u00e7\u00e3o digital do seu escrit\u00f3rio!<\/p>\n\n\n\n<h2 class=\"wp-block-heading\">Controle de Prazos Judiciais na Controladoria Jur\u00eddica | Ananda Pinheiro<\/h2>\n\n\n\n<figure class=\"wp-block-embed is-type-video is-provider-youtube wp-block-embed-youtube wp-embed-aspect-16-9 wp-has-aspect-ratio\"><div class=\"wp-block-embed__wrapper\">\n<iframe title=\"Controle de Prazos Judiciais na Controladoria Jur\u00eddica | Ananda Pinheiro\" width=\"750\" height=\"422\" src=\"https:\/\/www.youtube.com\/embed\/mJixnOJZFbA?feature=oembed\" frameborder=\"0\" allow=\"accelerometer; autoplay; clipboard-write; encrypted-media; gyroscope; picture-in-picture; web-share\" referrerpolicy=\"strict-origin-when-cross-origin\" allowfullscreen loading=\"lazy\"><\/iframe>\n<\/div><\/figure>\n\n\n\n<p>J\u00e1 no segundo v\u00eddeo do nosso curso, Ananda Pinheiro, contextualiza o dia a dia do setor de Controladoria Jur\u00eddica. Assim, ela explicita a aten\u00e7\u00e3o que deve se dar ao controle de prazos judiciais. <\/p>\n\n\n\n<p>Al\u00e9m disso, ela tamb\u00e9m explica como a Controladoria Jur\u00eddica Digital garante que o escrit\u00f3rio de advocacia n\u00e3o perca nenhum prazo judicial, evitando maiores desgastes. <\/p>\n\n\n\n<p>Por fim, Ananda demonstra a import\u00e2ncia do alinhamento entre a organiza\u00e7\u00e3o da equipe e os prazos internos do escrit\u00f3rio.<\/p>\n\n\n\n<h2 class=\"wp-block-heading\">Principais caracter\u00edsticas da Controladoria Jur\u00eddica de n\u00edvel nacional | Danielle Alves<\/h2>\n\n\n\n<figure class=\"wp-block-embed is-type-video is-provider-youtube wp-block-embed-youtube wp-embed-aspect-16-9 wp-has-aspect-ratio\"><div class=\"wp-block-embed__wrapper\">\n<iframe title=\"Principais caracter\u00edsticas da Controladoria Jur\u00eddica de n\u00edvel nacional | Danielle Alves\" width=\"750\" height=\"422\" src=\"https:\/\/www.youtube.com\/embed\/I181evwfwXk?feature=oembed\" frameborder=\"0\" allow=\"accelerometer; autoplay; clipboard-write; encrypted-media; gyroscope; picture-in-picture; web-share\" referrerpolicy=\"strict-origin-when-cross-origin\" allowfullscreen loading=\"lazy\"><\/iframe>\n<\/div><\/figure>\n\n\n\n<p>Nos terceiro v\u00eddeo do Mini Curso Gratuito de Controladoria Jur\u00eddica Digital, Danielle Alve, cita as principais caracter\u00edsticas necess\u00e1rias para uma da Controladoria Jur\u00eddica Digital de n\u00edvel nacional. <\/p>\n\n\n\n<p>Al\u00e9m disso, tamb\u00e9m explica qual a import\u00e2ncia da qualidade na presta\u00e7\u00e3o do servi\u00e7o e do atendimento ao cliente.<\/p>\n\n\n\n<h2 class=\"wp-block-heading\">Como funciona uma Controladoria Jur\u00eddica de n\u00edvel nacional | Alan Torquatto<\/h2>\n\n\n\n<figure class=\"wp-block-embed is-type-video is-provider-youtube wp-block-embed-youtube wp-embed-aspect-16-9 wp-has-aspect-ratio\"><div class=\"wp-block-embed__wrapper\">\n<iframe title=\"Como funciona uma Controladoria Jur\u00eddica de n\u00edvel nacional | Alan Torquatto\" width=\"750\" height=\"422\" src=\"https:\/\/www.youtube.com\/embed\/8mDc8yoaAZM?feature=oembed\" frameborder=\"0\" allow=\"accelerometer; autoplay; clipboard-write; encrypted-media; gyroscope; picture-in-picture; web-share\" referrerpolicy=\"strict-origin-when-cross-origin\" allowfullscreen loading=\"lazy\"><\/iframe>\n<\/div><\/figure>\n\n\n\n<p>apresentando os principais aspectos a serem considerados para se ter uma Controladoria Jur\u00eddica de qualidade em n\u00edvel nacional. <\/p>\n\n\n\n<p>Al\u00e9m disso, tamb\u00e9m elucida porque essa \u00e9 maneira mais eficaz para que o escrit\u00f3rio de advocacia fique organizado, unificando as informa\u00e7\u00f5es e dados que podem ser acessados pelos colaboradores e evitando problemas no dia-a-dia.<\/p>\n\n\n\n<h2 class=\"wp-block-heading\">Conhe\u00e7a a lista de tarefas da Controladoria Jur\u00eddica Digital!<\/h2>\n\n\n\n<p>Para complementar os conhecimentos adquiridos com esse mini curso, indicamos que voc\u00ea fa\u00e7a o <a href=\"https:\/\/materiais.advbox.com.br\/p4-template-tarefas-controladoria\" target=\"_blank\">download gratuito da cartilha<\/a> com todas as tarefas referentes \u00e0 Controladoria Jur\u00eddica Digital para facilitar o seu fluxo de trabalho!<\/p>\n\n\n\n<p>Al\u00e9m disso, indicamos nosso ebook gratuito com tudo que voc\u00ea precisa para se tornar refer\u00eancia em Controladoria Jur\u00eddica Digital agora mesmo!<\/p>\n\n\n\n<figure class=\"wp-block-image size-full\"><a href=\"https:\/\/materiais.advbox.com.br\/manual-controladoria-juridica-digital-advbox\" target=\"_blank\"><img fetchpriority=\"high\" decoding=\"async\" width=\"1024\" height=\"284\" src=\"https:\/\/advbox.com.br\/blog\/wp-content\/uploads\/2025\/12\/Frame-27.webp\" alt=\"Banner com imagem ilustrativa de ebook sobre as vantagens de organizar a controladoria jur\u00eddica digital, destacando gest\u00e3o de prazos, controle operacional e efici\u00eancia para escrit\u00f3rios de advocacia\" class=\"wp-image-79773\" srcset=\"https:\/\/advbox.com.br\/blog\/wp-content\/uploads\/2025\/12\/Frame-27.webp 1024w, https:\/\/advbox.com.br\/blog\/wp-content\/uploads\/2025\/12\/Frame-27-500x139.webp 500w, https:\/\/advbox.com.br\/blog\/wp-content\/uploads\/2025\/12\/Frame-27-768x213.webp 768w, https:\/\/advbox.com.br\/blog\/wp-content\/uploads\/2025\/12\/Frame-27-150x42.webp 150w\" sizes=\"(max-width: 1024px) 100vw, 1024px\" \/><\/a><\/figure>\n","protected":false},"excerpt":{"rendered":"<p>Os v\u00eddeos a seguir fazem parte do Mini Curso Gratuito de Controladoria Jur\u00eddica Digital e abordam abordam os pontos fundamentais sobre a Controladoria Jur\u00eddica Digital. A partir deles, advogados e demais trabalhadores jur\u00eddicos&nbsp;conseguem compreender o que \u00e9 a Controladoria Jur\u00eddica Digital. Assim, \u00e9 poss\u00edvel reconhecer as diferen\u00e7as entre escrit\u00f3rios que [&hellip;]<\/p>\n","protected":false},"author":43,"featured_media":79776,"parent":0,"menu_order":0,"comment_status":"closed","ping_status":"closed","template":"","meta":{"_acf_changed":false,"om_disable_all_campaigns":false,"footnotes":""},"class_list":["post-60765","page","type-page","status-publish","has-post-thumbnail","hentry"],"acf":[],"yoast_head":"<!-- This site is optimized with the Yoast SEO plugin v26.9 - https:\/\/yoast.com\/product\/yoast-seo-wordpress\/ -->\n<title>Mini curso gratuito de Controladoria Jur\u00eddica Digital<\/title>\n<meta name=\"description\" content=\"Confira agora mesmo o mini curso gratuito de Controladoria Jur\u00eddica Digital e se destaque no mercado jur\u00eddico!\" \/>\n<meta name=\"robots\" content=\"index, follow, max-snippet:-1, max-image-preview:large, max-video-preview:-1\" \/>\n<link rel=\"canonical\" href=\"https:\/\/advbox.com.br\/blog\/mini-curso-gratuito-de-controladoria-juridica-digital\/\" \/>\n<meta property=\"og:locale\" content=\"pt_BR\" \/>\n<meta property=\"og:type\" content=\"article\" \/>\n<meta property=\"og:title\" content=\"Mini curso gratuito de Controladoria Jur\u00eddica Digital\" \/>\n<meta property=\"og:description\" content=\"Confira agora mesmo o mini curso gratuito de Controladoria Jur\u00eddica Digital e se destaque no mercado jur\u00eddico!\" \/>\n<meta property=\"og:url\" content=\"https:\/\/advbox.com.br\/blog\/mini-curso-gratuito-de-controladoria-juridica-digital\/\" \/>\n<meta property=\"og:site_name\" content=\"Software Jur\u00eddico Completo - ADVBOX\" \/>\n<meta property=\"article:publisher\" content=\"https:\/\/www.facebook.com\/advbox\/\" \/>\n<meta property=\"article:modified_time\" content=\"2025-12-26T16:39:51+00:00\" \/>\n<meta property=\"og:image\" content=\"https:\/\/advbox.com.br\/blog\/wp-content\/uploads\/2025\/12\/sobrestamento-1.jpg\" \/>\n\t<meta property=\"og:image:width\" content=\"1024\" \/>\n\t<meta property=\"og:image:height\" content=\"576\" \/>\n\t<meta property=\"og:image:type\" content=\"image\/jpeg\" \/>\n<meta name=\"twitter:card\" content=\"summary_large_image\" \/>\n<meta name=\"twitter:site\" content=\"@advbox2\" \/>\n<script type=\"application\/ld+json\" class=\"yoast-schema-graph\">{\"@context\":\"https:\/\/schema.org\",\"@graph\":[{\"@type\":\"WebPage\",\"@id\":\"https:\/\/advbox.com.br\/blog\/mini-curso-gratuito-de-controladoria-juridica-digital\/\",\"url\":\"https:\/\/advbox.com.br\/blog\/mini-curso-gratuito-de-controladoria-juridica-digital\/\",\"name\":\"Mini curso gratuito de Controladoria Jur\u00eddica Digital\",\"isPartOf\":{\"@id\":\"https:\/\/advbox.com.br\/blog\/#website\"},\"primaryImageOfPage\":{\"@id\":\"https:\/\/advbox.com.br\/blog\/mini-curso-gratuito-de-controladoria-juridica-digital\/#primaryimage\"},\"image\":{\"@id\":\"https:\/\/advbox.com.br\/blog\/mini-curso-gratuito-de-controladoria-juridica-digital\/#primaryimage\"},\"thumbnailUrl\":\"https:\/\/advbox.com.br\/blog\/wp-content\/uploads\/2025\/12\/sobrestamento-1.jpg\",\"datePublished\":\"2024-01-24T18:09:29+00:00\",\"dateModified\":\"2025-12-26T16:39:51+00:00\",\"description\":\"Confira agora mesmo o mini curso gratuito de Controladoria Jur\u00eddica Digital e se destaque no mercado jur\u00eddico!\",\"breadcrumb\":{\"@id\":\"https:\/\/advbox.com.br\/blog\/mini-curso-gratuito-de-controladoria-juridica-digital\/#breadcrumb\"},\"inLanguage\":\"pt-BR\",\"potentialAction\":[{\"@type\":\"ReadAction\",\"target\":[\"https:\/\/advbox.com.br\/blog\/mini-curso-gratuito-de-controladoria-juridica-digital\/\"]}]},{\"@type\":\"ImageObject\",\"inLanguage\":\"pt-BR\",\"@id\":\"https:\/\/advbox.com.br\/blog\/mini-curso-gratuito-de-controladoria-juridica-digital\/#primaryimage\",\"url\":\"https:\/\/advbox.com.br\/blog\/wp-content\/uploads\/2025\/12\/sobrestamento-1.jpg\",\"contentUrl\":\"https:\/\/advbox.com.br\/blog\/wp-content\/uploads\/2025\/12\/sobrestamento-1.jpg\",\"width\":1024,\"height\":576,\"caption\":\"Banner institucional da ADVBOX com elemento visual abstrato em tons de azul, representando estrutura, tecnologia e identidade visual da marca\"},{\"@type\":\"BreadcrumbList\",\"@id\":\"https:\/\/advbox.com.br\/blog\/mini-curso-gratuito-de-controladoria-juridica-digital\/#breadcrumb\",\"itemListElement\":[{\"@type\":\"ListItem\",\"position\":1,\"name\":\"In\u00edcio\",\"item\":\"https:\/\/advbox.com.br\/blog\/\"},{\"@type\":\"ListItem\",\"position\":2,\"name\":\"Mini curso gratuito de Controladoria Jur\u00eddica Digital\"}]},{\"@type\":\"WebSite\",\"@id\":\"https:\/\/advbox.com.br\/blog\/#website\",\"url\":\"https:\/\/advbox.com.br\/blog\/\",\"name\":\"Software Jur\u00eddico Completo - ADVBOX\",\"description\":\"Plataforma para Advocacia Digital\",\"publisher\":{\"@id\":\"https:\/\/advbox.com.br\/blog\/#organization\"},\"potentialAction\":[{\"@type\":\"SearchAction\",\"target\":{\"@type\":\"EntryPoint\",\"urlTemplate\":\"https:\/\/advbox.com.br\/blog\/?s={search_term_string}\"},\"query-input\":{\"@type\":\"PropertyValueSpecification\",\"valueRequired\":true,\"valueName\":\"search_term_string\"}}],\"inLanguage\":\"pt-BR\"},{\"@type\":\"Organization\",\"@id\":\"https:\/\/advbox.com.br\/blog\/#organization\",\"name\":\"ADVBOX Blog - Software jur\u00eddico da advocacia digital\",\"url\":\"https:\/\/advbox.com.br\/blog\/\",\"logo\":{\"@type\":\"ImageObject\",\"inLanguage\":\"pt-BR\",\"@id\":\"https:\/\/advbox.com.br\/blog\/#\/schema\/logo\/image\/\",\"url\":\"https:\/\/advbox.com.br\/blog\/wp-content\/uploads\/2019\/12\/Como-aumentar-a-produtividade_.jpg\",\"contentUrl\":\"https:\/\/advbox.com.br\/blog\/wp-content\/uploads\/2019\/12\/Como-aumentar-a-produtividade_.jpg\",\"width\":320,\"height\":213,\"caption\":\"ADVBOX Blog - Software jur\u00eddico da advocacia digital\"},\"image\":{\"@id\":\"https:\/\/advbox.com.br\/blog\/#\/schema\/logo\/image\/\"},\"sameAs\":[\"https:\/\/www.facebook.com\/advbox\/\",\"https:\/\/x.com\/advbox2\"]}]}<\/script>\n<!-- \/ Yoast SEO plugin. -->","yoast_head_json":{"title":"Mini curso gratuito de Controladoria Jur\u00eddica Digital","description":"Confira agora mesmo o mini curso gratuito de Controladoria Jur\u00eddica Digital e se destaque no mercado jur\u00eddico!","robots":{"index":"index","follow":"follow","max-snippet":"max-snippet:-1","max-image-preview":"max-image-preview:large","max-video-preview":"max-video-preview:-1"},"canonical":"https:\/\/advbox.com.br\/blog\/mini-curso-gratuito-de-controladoria-juridica-digital\/","og_locale":"pt_BR","og_type":"article","og_title":"Mini curso gratuito de Controladoria Jur\u00eddica Digital","og_description":"Confira agora mesmo o mini curso gratuito de Controladoria Jur\u00eddica Digital e se destaque no mercado jur\u00eddico!","og_url":"https:\/\/advbox.com.br\/blog\/mini-curso-gratuito-de-controladoria-juridica-digital\/","og_site_name":"Software Jur\u00eddico Completo - ADVBOX","article_publisher":"https:\/\/www.facebook.com\/advbox\/","article_modified_time":"2025-12-26T16:39:51+00:00","og_image":[{"width":1024,"height":576,"url":"https:\/\/advbox.com.br\/blog\/wp-content\/uploads\/2025\/12\/sobrestamento-1.jpg","type":"image\/jpeg"}],"twitter_card":"summary_large_image","twitter_site":"@advbox2","schema":{"@context":"https:\/\/schema.org","@graph":[{"@type":"WebPage","@id":"https:\/\/advbox.com.br\/blog\/mini-curso-gratuito-de-controladoria-juridica-digital\/","url":"https:\/\/advbox.com.br\/blog\/mini-curso-gratuito-de-controladoria-juridica-digital\/","name":"Mini curso gratuito de Controladoria Jur\u00eddica Digital","isPartOf":{"@id":"https:\/\/advbox.com.br\/blog\/#website"},"primaryImageOfPage":{"@id":"https:\/\/advbox.com.br\/blog\/mini-curso-gratuito-de-controladoria-juridica-digital\/#primaryimage"},"image":{"@id":"https:\/\/advbox.com.br\/blog\/mini-curso-gratuito-de-controladoria-juridica-digital\/#primaryimage"},"thumbnailUrl":"https:\/\/advbox.com.br\/blog\/wp-content\/uploads\/2025\/12\/sobrestamento-1.jpg","datePublished":"2024-01-24T18:09:29+00:00","dateModified":"2025-12-26T16:39:51+00:00","description":"Confira agora mesmo o mini curso gratuito de Controladoria Jur\u00eddica Digital e se destaque no mercado jur\u00eddico!","breadcrumb":{"@id":"https:\/\/advbox.com.br\/blog\/mini-curso-gratuito-de-controladoria-juridica-digital\/#breadcrumb"},"inLanguage":"pt-BR","potentialAction":[{"@type":"ReadAction","target":["https:\/\/advbox.com.br\/blog\/mini-curso-gratuito-de-controladoria-juridica-digital\/"]}]},{"@type":"ImageObject","inLanguage":"pt-BR","@id":"https:\/\/advbox.com.br\/blog\/mini-curso-gratuito-de-controladoria-juridica-digital\/#primaryimage","url":"https:\/\/advbox.com.br\/blog\/wp-content\/uploads\/2025\/12\/sobrestamento-1.jpg","contentUrl":"https:\/\/advbox.com.br\/blog\/wp-content\/uploads\/2025\/12\/sobrestamento-1.jpg","width":1024,"height":576,"caption":"Banner institucional da ADVBOX com elemento visual abstrato em tons de azul, representando estrutura, tecnologia e identidade visual da marca"},{"@type":"BreadcrumbList","@id":"https:\/\/advbox.com.br\/blog\/mini-curso-gratuito-de-controladoria-juridica-digital\/#breadcrumb","itemListElement":[{"@type":"ListItem","position":1,"name":"In\u00edcio","item":"https:\/\/advbox.com.br\/blog\/"},{"@type":"ListItem","position":2,"name":"Mini curso gratuito de Controladoria Jur\u00eddica Digital"}]},{"@type":"WebSite","@id":"https:\/\/advbox.com.br\/blog\/#website","url":"https:\/\/advbox.com.br\/blog\/","name":"Software Jur\u00eddico Completo - ADVBOX","description":"Plataforma para Advocacia Digital","publisher":{"@id":"https:\/\/advbox.com.br\/blog\/#organization"},"potentialAction":[{"@type":"SearchAction","target":{"@type":"EntryPoint","urlTemplate":"https:\/\/advbox.com.br\/blog\/?s={search_term_string}"},"query-input":{"@type":"PropertyValueSpecification","valueRequired":true,"valueName":"search_term_string"}}],"inLanguage":"pt-BR"},{"@type":"Organization","@id":"https:\/\/advbox.com.br\/blog\/#organization","name":"ADVBOX Blog - Software jur\u00eddico da advocacia digital","url":"https:\/\/advbox.com.br\/blog\/","logo":{"@type":"ImageObject","inLanguage":"pt-BR","@id":"https:\/\/advbox.com.br\/blog\/#\/schema\/logo\/image\/","url":"https:\/\/advbox.com.br\/blog\/wp-content\/uploads\/2019\/12\/Como-aumentar-a-produtividade_.jpg","contentUrl":"https:\/\/advbox.com.br\/blog\/wp-content\/uploads\/2019\/12\/Como-aumentar-a-produtividade_.jpg","width":320,"height":213,"caption":"ADVBOX Blog - Software jur\u00eddico da advocacia digital"},"image":{"@id":"https:\/\/advbox.com.br\/blog\/#\/schema\/logo\/image\/"},"sameAs":["https:\/\/www.facebook.com\/advbox\/","https:\/\/x.com\/advbox2"]}]}},"_links":{"self":[{"href":"https:\/\/advbox.com.br\/blog\/wp-json\/wp\/v2\/pages\/60765","targetHints":{"allow":["GET"]}}],"collection":[{"href":"https:\/\/advbox.com.br\/blog\/wp-json\/wp\/v2\/pages"}],"about":[{"href":"https:\/\/advbox.com.br\/blog\/wp-json\/wp\/v2\/types\/page"}],"author":[{"embeddable":true,"href":"https:\/\/advbox.com.br\/blog\/wp-json\/wp\/v2\/users\/43"}],"replies":[{"embeddable":true,"href":"https:\/\/advbox.com.br\/blog\/wp-json\/wp\/v2\/comments?post=60765"}],"version-history":[{"count":4,"href":"https:\/\/advbox.com.br\/blog\/wp-json\/wp\/v2\/pages\/60765\/revisions"}],"predecessor-version":[{"id":80409,"href":"https:\/\/advbox.com.br\/blog\/wp-json\/wp\/v2\/pages\/60765\/revisions\/80409"}],"wp:featuredmedia":[{"embeddable":true,"href":"https:\/\/advbox.com.br\/blog\/wp-json\/wp\/v2\/media\/79776"}],"wp:attachment":[{"href":"https:\/\/advbox.com.br\/blog\/wp-json\/wp\/v2\/media?parent=60765"}],"curies":[{"name":"wp","href":"https:\/\/api.w.org\/{rel}","templated":true}]}}