{"id":851,"date":"2024-07-24T16:10:45","date_gmt":"2024-07-24T19:10:45","guid":{"rendered":"http:\/\/advbox.com.br\/blog\/?page_id=851"},"modified":"2024-07-24T16:10:46","modified_gmt":"2024-07-24T19:10:46","slug":"salarios-minimos-anteriores-1994","status":"publish","type":"page","link":"https:\/\/advbox.com.br\/blog\/salarios-minimos-anteriores-1994\/","title":{"rendered":"Sal\u00e1rios M\u00ednimos anteriores a 1994"},"content":{"rendered":"\n<p class=\"has-text-align-center has-x-large-font-size\"><strong>1940 a 1999&nbsp;(em moeda nacional)<\/strong><\/p>\n\n\n\n<figure class=\"wp-block-table is-style-regular\"><table><tbody><tr><td><strong>Data de vig\u00eancia<\/strong><\/td><td><strong>Valor Nominal<\/strong><\/td><td><strong>Data de vig\u00eancia<\/strong><\/td><td><strong>Valor Nominal<\/strong><\/td><\/tr><tr><td>04.07.1940<\/td><td>220.00<\/td><td>01.11.1988<\/td><td>30,800.00<\/td><\/tr><tr><td>17.07.1943<\/td><td>275.00<\/td><td>01.12.1988<\/td><td>40,425.00<\/td><\/tr><tr><td>01.12.1943<\/td><td>360.00<\/td><td>01.01.1989<\/td><td>54,374.00<\/td><\/tr><tr><td>01.01.1952<\/td><td>1,190.00<\/td><td>01.02.1989<\/td><td>63.90<\/td><\/tr><tr><td>04.07.1954<\/td><td>2,300.00<\/td><td>01.03.1989<\/td><td>63.90<\/td><\/tr><tr><td>01.08.1956<\/td><td>3,700.00<\/td><td>01.04.1989<\/td><td>63.90<\/td><\/tr><tr><td>01.01.1959<\/td><td>5,900.00<\/td><td>01.05.1989<\/td><td>81.40<\/td><\/tr><tr><td>18.10.1960<\/td><td>9,440.00<\/td><td>01.06.1989<\/td><td>120.00<\/td><\/tr><tr><td>16.10.1961<\/td><td>13,216.00<\/td><td>01.07.1989<sup>(2)<\/sup><\/td><td>149.80<\/td><\/tr><tr><td>01.01.1963<\/td><td>21,000.00<\/td><td>01.08.1989<\/td><td>192.88<\/td><\/tr><tr><td>24.02.1964<\/td><td>42,000.00<\/td><td>01.09.1989<\/td><td>249.48<\/td><\/tr><tr><td>01.03.1965<\/td><td>66,000.00<\/td><td>01.10.1989<\/td><td>381.73<\/td><\/tr><tr><td>01.03.1966<\/td><td>84,000.00<\/td><td>01.11.1989<\/td><td>557.33<\/td><\/tr><tr><td>01.03.1967<\/td><td>105.00<\/td><td>01.12.1989<\/td><td>788.18<\/td><\/tr><tr><td>26.03.1968<\/td><td>129.60<\/td><td>01.01.1990<\/td><td>1283.95<\/td><\/tr><tr><td>01.05.1969<\/td><td>156.00<\/td><td>01.02.1990<\/td><td>2004.37<\/td><\/tr><tr><td>01.05.1970<\/td><td>187.00<\/td><td>01.03.1990<\/td><td>3674.06<\/td><\/tr><tr><td>01.05.1971<\/td><td>225.60<\/td><td>01.04.1990<\/td><td>3674.06<\/td><\/tr><tr><td>01.05.1972<\/td><td>268.80<\/td><td>01.05.1990<\/td><td>3,674.06<\/td><\/tr><tr><td>01.05.1973<\/td><td>312.00<\/td><td>01.06.1990<\/td><td>3,857.76<\/td><\/tr><tr><td>01.05.1974<\/td><td>376.80<\/td><td>01.07.1990<\/td><td>4,904.76<\/td><\/tr><tr><td>01.12.1974<\/td><td>415.20<\/td><td>01.08.1990<sup>(3)<\/sup><\/td><td>5,203.46<\/td><\/tr><tr><td>01.05.1975<\/td><td>532.80<\/td><td>01.09.1990<\/td><td>6,056.31<\/td><\/tr><tr><td>01.05.1976<\/td><td>768.00<\/td><td>01.10.1990<\/td><td>6,425.14<\/td><\/tr><tr><td>01.05.1977<\/td><td>1,106.40<\/td><td>01.11.1990<\/td><td>8,329.55<\/td><\/tr><tr><td>01.05.1978<\/td><td>1,560.00<\/td><td>01.12.1990<\/td><td>8,836.82<\/td><\/tr><tr><td>01.05.1979<\/td><td>2,268.00<\/td><td>01.01.1991<sup>(4)<\/sup><\/td><td>12,325.60<\/td><\/tr><tr><td>01.11.1979<\/td><td>2,932.80<\/td><td>01.02.1991<\/td><td>15,895.46<\/td><\/tr><tr><td>01.05.1980<\/td><td>4,149.60<\/td><td>01.03.1991<\/td><td>17,000.00<\/td><\/tr><tr><td>01.11.1980<\/td><td>5,788.80<\/td><td>01.04.1991<sup>(5)<\/sup><\/td><td>17,000.00<\/td><\/tr><tr><td>01.05.1981<\/td><td>8,464.80<\/td><td>01.05.1991<sup>(6)<\/sup><\/td><td>17,000.00<\/td><\/tr><tr><td>01.11.1981<\/td><td>11,928.00<\/td><td>01.06.1991<sup>(6)<\/sup><\/td><td>17,000.00<\/td><\/tr><tr><td>01.05.1982<\/td><td>16,608.00<\/td><td>01.07.1991<sup>(6)<\/sup><\/td><td>17,000.00<\/td><\/tr><tr><td>01.11.1982<\/td><td>23,568.00<\/td><td>01.08.1991<sup>(7)<\/sup><\/td><td>17,000.00<\/td><\/tr><tr><td>01.05.1983<\/td><td>34,776.00<\/td><td>01.09.1991<\/td><td>42,000.00<\/td><\/tr><tr><td>01.11.1983<\/td><td>57,120.00<\/td><td>01.10.1991<\/td><td>42,000.00<\/td><\/tr><tr><td>01.05.1984<\/td><td>97,176.00<\/td><td>01.11.1991<\/td><td>42,000.00<\/td><\/tr><tr><td>01.11.1984<\/td><td>166,560.00<\/td><td>01.12.1991<sup>(8)<\/sup><\/td><td>42,000.00<\/td><\/tr><tr><td>01.05.1985<\/td><td>333,120.00<\/td><td>01.01.1992<\/td><td>96,037.33<\/td><\/tr><tr><td>01.11.1985<\/td><td>600,000.00<\/td><td>01.05.1992<\/td><td>230,000.00<\/td><\/tr><tr><td>01.03.1986<\/td><td>804.00<\/td><td>01.09.1992<\/td><td>522,186.94<\/td><\/tr><tr><td>01.01.1987<\/td><td>964.80<\/td><td>01.01.1993<\/td><td>1,250,700.00<\/td><\/tr><tr><td>01.03.1987<\/td><td>1,368.00<\/td><td>01.03.1993<\/td><td>1,709,400.00<\/td><\/tr><tr><td>01.05.1987<\/td><td>1,641.60<\/td><td>01.05.1993<\/td><td>3,303,300.00<\/td><\/tr><tr><td>01.06.1987<\/td><td>1,969.92<\/td><td>01.07.1993<\/td><td>4,639,800.00<\/td><\/tr><tr><td>01.09.1987<sup>(1)<\/sup><\/td><td>2,400.00<\/td><td>01.08.1993<\/td><td>5,534.00<\/td><\/tr><tr><td>01.10.1987<\/td><td>2,640.00<\/td><td>01.09.1993<\/td><td>9,606.00<\/td><\/tr><tr><td>01.11.1987<\/td><td>3,000.00<\/td><td>01.10.1993<\/td><td>12,024.00<\/td><\/tr><tr><td>01.12.1987<\/td><td>3,600.00<\/td><td>01.11.1993<\/td><td>15,021.00<\/td><\/tr><tr><td>01.01.1988<\/td><td>4,500.00<\/td><td>01.12.1993<\/td><td>18,760.00<\/td><\/tr><tr><td>01.02.1988<\/td><td>5,280.00<\/td><td>01.01.1994<\/td><td>32,882.00<\/td><\/tr><tr><td>01.03.1988<\/td><td>6,240.00<\/td><td>01.02.1994<\/td><td>42,829.00<\/td><\/tr><tr><td>01.04.1988<\/td><td>7,260.00<\/td><td>01.03.1994<sup>(9)<\/sup><\/td><td>64.79<\/td><\/tr><tr><td>01.05.1988<\/td><td>8,712.00<\/td><td>01.09.1994<\/td><td>70.00<\/td><\/tr><tr><td>01.06.1988<\/td><td>10,368.00<\/td><td>01.05.1995<\/td><td>100.00<\/td><\/tr><tr><td>01.07.1988<\/td><td>12,444.00<\/td><td>01.05.1996<\/td><td>112.00<\/td><\/tr><tr><td>01.08.1988<\/td><td>15,552.00<\/td><td>01.05.1997<\/td><td>120.00<\/td><\/tr><tr><td>01.09.1988<\/td><td>18,960.00<\/td><td>01.05.1998<\/td><td>130.00<\/td><\/tr><tr><td>01.10.1988<\/td><td>23,700.00<\/td><td>01.05.1999<\/td><td>136.00<\/td><\/tr><\/tbody><\/table><\/figure>\n\n\n\n<p>Fonte: DIEESE<\/p>\n\n\n\n<p>Notas:<\/p>\n\n\n\n<p>(1) Piso Nacional de Sal\u00e1rios de 01\/09\/87 a 30\/05\/89;<br>(2) Conforme a MP 71 (de 20.06.89) ningu\u00e9m poderia receber menos do que Cr$ 150,20. Da\u00ed decorrente a obrigatoriedade do pagamento de abono correspondente \u00e0 diferen\u00e7a entre o sal\u00e1rio a menor e Cr$ 150,20;<br>(3) N\u00e3o inclui abono salarial de Cr$ 3.200,00 (MP 199 de 26.07.90);<br>(4) Conforme a MP 292 (de 03.01.91) ningu\u00e9m poderia receber menos do que Cr$ 12.500,00. Assim, inclu\u00eddo o abono de Cr$ 1.469,30, o SM totalizou Cr$ 13.794,90;<br>(5) N\u00e3o inclui abono salarial de Cr$ 3.000,00 (Lei n\u00ba 8.178\/91);<br>(6) N\u00e3o inclui abono salarial de Cr$ 6.131.68 (Lei n\u00ba 8.178\/91);<br>(7) N\u00e3o inclui abono salarial de Cr$ 19.161,60 (Lei n\u00ba 8.178\/91);<br>(8) N\u00e3o inclui abono salarial de Cr$ 21.000,00 (Lei n\u00ba 8.276\/91);<br>(9) Convers\u00e3o para URV pela m\u00e9dia do quadrimestre novembro\/93 a fevereiro\/94 em 1\u00ba de mar\u00e7o de 1994 (Lei n\u00ba 8.880\/94)<\/p>\n\n\n\n<p>Obs.: Ver tabela&nbsp;Unidades do Sistema Monet\u00e1rio Brasileiro&nbsp;ap\u00f3s a cria\u00e7\u00e3o do sal\u00e1rio m\u00ednimo.<\/p>\n","protected":false},"excerpt":{"rendered":"<p>1940 a 1999&nbsp;(em moeda nacional) Data de vig\u00eancia Valor Nominal Data de vig\u00eancia Valor Nominal 04.07.1940 220.00 01.11.1988 30,800.00 17.07.1943 275.00 01.12.1988 40,425.00 01.12.1943 360.00 01.01.1989 54,374.00 01.01.1952 1,190.00 01.02.1989 63.90 04.07.1954 2,300.00 01.03.1989 63.90 01.08.1956 3,700.00 01.04.1989 63.90 01.01.1959 5,900.00 01.05.1989 81.40 18.10.1960 9,440.00 01.06.1989 120.00 16.10.1961 13,216.00 01.07.1989(2) [&hellip;]<\/p>\n","protected":false},"author":11,"featured_media":0,"parent":0,"menu_order":0,"comment_status":"closed","ping_status":"closed","template":"","meta":{"_acf_changed":false,"om_disable_all_campaigns":false,"footnotes":""},"class_list":["post-851","page","type-page","status-publish","hentry"],"acf":[],"yoast_head":"<!-- This site is optimized with the Yoast SEO plugin v26.9 - https:\/\/yoast.com\/product\/yoast-seo-wordpress\/ -->\n<title>Sal\u00e1rios M\u00ednimos anteriores a 1994<\/title>\n<meta name=\"description\" content=\"Sal\u00e1rios M\u00ednimos anteriores a 1994 - Peti\u00e7\u00f5es, Artigos jur\u00eddicos, jurisprud\u00eancias no site da ADVBOX.\" \/>\n<meta name=\"robots\" content=\"index, follow, max-snippet:-1, max-image-preview:large, max-video-preview:-1\" \/>\n<link rel=\"canonical\" href=\"https:\/\/advbox.com.br\/blog\/salarios-minimos-anteriores-1994\/\" \/>\n<meta property=\"og:locale\" content=\"pt_BR\" \/>\n<meta property=\"og:type\" content=\"article\" \/>\n<meta property=\"og:title\" content=\"Sal\u00e1rios M\u00ednimos anteriores a 1994\" \/>\n<meta property=\"og:description\" content=\"Sal\u00e1rios M\u00ednimos anteriores a 1994 - Peti\u00e7\u00f5es, Artigos jur\u00eddicos, jurisprud\u00eancias no site da ADVBOX.\" \/>\n<meta property=\"og:url\" content=\"https:\/\/advbox.com.br\/blog\/salarios-minimos-anteriores-1994\/\" \/>\n<meta property=\"og:site_name\" content=\"Software Jur\u00eddico Completo - ADVBOX\" \/>\n<meta property=\"article:publisher\" content=\"https:\/\/www.facebook.com\/advbox\/\" \/>\n<meta property=\"article:modified_time\" content=\"2024-07-24T19:10:46+00:00\" \/>\n<meta name=\"twitter:card\" content=\"summary_large_image\" \/>\n<meta name=\"twitter:site\" content=\"@advbox2\" \/>\n<script type=\"application\/ld+json\" class=\"yoast-schema-graph\">{\"@context\":\"https:\/\/schema.org\",\"@graph\":[{\"@type\":\"WebPage\",\"@id\":\"https:\/\/advbox.com.br\/blog\/salarios-minimos-anteriores-1994\/\",\"url\":\"https:\/\/advbox.com.br\/blog\/salarios-minimos-anteriores-1994\/\",\"name\":\"Sal\u00e1rios M\u00ednimos anteriores a 1994\",\"isPartOf\":{\"@id\":\"https:\/\/advbox.com.br\/blog\/#website\"},\"datePublished\":\"2024-07-24T19:10:45+00:00\",\"dateModified\":\"2024-07-24T19:10:46+00:00\",\"description\":\"Sal\u00e1rios M\u00ednimos anteriores a 1994 - Peti\u00e7\u00f5es, Artigos jur\u00eddicos, jurisprud\u00eancias no site da ADVBOX.\",\"breadcrumb\":{\"@id\":\"https:\/\/advbox.com.br\/blog\/salarios-minimos-anteriores-1994\/#breadcrumb\"},\"inLanguage\":\"pt-BR\",\"potentialAction\":[{\"@type\":\"ReadAction\",\"target\":[\"https:\/\/advbox.com.br\/blog\/salarios-minimos-anteriores-1994\/\"]}]},{\"@type\":\"BreadcrumbList\",\"@id\":\"https:\/\/advbox.com.br\/blog\/salarios-minimos-anteriores-1994\/#breadcrumb\",\"itemListElement\":[{\"@type\":\"ListItem\",\"position\":1,\"name\":\"In\u00edcio\",\"item\":\"https:\/\/advbox.com.br\/blog\/\"},{\"@type\":\"ListItem\",\"position\":2,\"name\":\"Sal\u00e1rios M\u00ednimos anteriores a 1994\"}]},{\"@type\":\"WebSite\",\"@id\":\"https:\/\/advbox.com.br\/blog\/#website\",\"url\":\"https:\/\/advbox.com.br\/blog\/\",\"name\":\"Software Jur\u00eddico Completo - ADVBOX\",\"description\":\"Plataforma para Advocacia Digital\",\"publisher\":{\"@id\":\"https:\/\/advbox.com.br\/blog\/#organization\"},\"potentialAction\":[{\"@type\":\"SearchAction\",\"target\":{\"@type\":\"EntryPoint\",\"urlTemplate\":\"https:\/\/advbox.com.br\/blog\/?s={search_term_string}\"},\"query-input\":{\"@type\":\"PropertyValueSpecification\",\"valueRequired\":true,\"valueName\":\"search_term_string\"}}],\"inLanguage\":\"pt-BR\"},{\"@type\":\"Organization\",\"@id\":\"https:\/\/advbox.com.br\/blog\/#organization\",\"name\":\"ADVBOX Blog - Software jur\u00eddico da advocacia digital\",\"url\":\"https:\/\/advbox.com.br\/blog\/\",\"logo\":{\"@type\":\"ImageObject\",\"inLanguage\":\"pt-BR\",\"@id\":\"https:\/\/advbox.com.br\/blog\/#\/schema\/logo\/image\/\",\"url\":\"https:\/\/advbox.com.br\/blog\/wp-content\/uploads\/2019\/12\/Como-aumentar-a-produtividade_.jpg\",\"contentUrl\":\"https:\/\/advbox.com.br\/blog\/wp-content\/uploads\/2019\/12\/Como-aumentar-a-produtividade_.jpg\",\"width\":320,\"height\":213,\"caption\":\"ADVBOX Blog - Software jur\u00eddico da advocacia digital\"},\"image\":{\"@id\":\"https:\/\/advbox.com.br\/blog\/#\/schema\/logo\/image\/\"},\"sameAs\":[\"https:\/\/www.facebook.com\/advbox\/\",\"https:\/\/x.com\/advbox2\"]}]}<\/script>\n<!-- \/ Yoast SEO plugin. -->","yoast_head_json":{"title":"Sal\u00e1rios M\u00ednimos anteriores a 1994","description":"Sal\u00e1rios M\u00ednimos anteriores a 1994 - Peti\u00e7\u00f5es, Artigos jur\u00eddicos, jurisprud\u00eancias no site da ADVBOX.","robots":{"index":"index","follow":"follow","max-snippet":"max-snippet:-1","max-image-preview":"max-image-preview:large","max-video-preview":"max-video-preview:-1"},"canonical":"https:\/\/advbox.com.br\/blog\/salarios-minimos-anteriores-1994\/","og_locale":"pt_BR","og_type":"article","og_title":"Sal\u00e1rios M\u00ednimos anteriores a 1994","og_description":"Sal\u00e1rios M\u00ednimos anteriores a 1994 - Peti\u00e7\u00f5es, Artigos jur\u00eddicos, jurisprud\u00eancias no site da ADVBOX.","og_url":"https:\/\/advbox.com.br\/blog\/salarios-minimos-anteriores-1994\/","og_site_name":"Software Jur\u00eddico Completo - ADVBOX","article_publisher":"https:\/\/www.facebook.com\/advbox\/","article_modified_time":"2024-07-24T19:10:46+00:00","twitter_card":"summary_large_image","twitter_site":"@advbox2","schema":{"@context":"https:\/\/schema.org","@graph":[{"@type":"WebPage","@id":"https:\/\/advbox.com.br\/blog\/salarios-minimos-anteriores-1994\/","url":"https:\/\/advbox.com.br\/blog\/salarios-minimos-anteriores-1994\/","name":"Sal\u00e1rios M\u00ednimos anteriores a 1994","isPartOf":{"@id":"https:\/\/advbox.com.br\/blog\/#website"},"datePublished":"2024-07-24T19:10:45+00:00","dateModified":"2024-07-24T19:10:46+00:00","description":"Sal\u00e1rios M\u00ednimos anteriores a 1994 - Peti\u00e7\u00f5es, Artigos jur\u00eddicos, jurisprud\u00eancias no site da ADVBOX.","breadcrumb":{"@id":"https:\/\/advbox.com.br\/blog\/salarios-minimos-anteriores-1994\/#breadcrumb"},"inLanguage":"pt-BR","potentialAction":[{"@type":"ReadAction","target":["https:\/\/advbox.com.br\/blog\/salarios-minimos-anteriores-1994\/"]}]},{"@type":"BreadcrumbList","@id":"https:\/\/advbox.com.br\/blog\/salarios-minimos-anteriores-1994\/#breadcrumb","itemListElement":[{"@type":"ListItem","position":1,"name":"In\u00edcio","item":"https:\/\/advbox.com.br\/blog\/"},{"@type":"ListItem","position":2,"name":"Sal\u00e1rios M\u00ednimos anteriores a 1994"}]},{"@type":"WebSite","@id":"https:\/\/advbox.com.br\/blog\/#website","url":"https:\/\/advbox.com.br\/blog\/","name":"Software Jur\u00eddico Completo - ADVBOX","description":"Plataforma para Advocacia Digital","publisher":{"@id":"https:\/\/advbox.com.br\/blog\/#organization"},"potentialAction":[{"@type":"SearchAction","target":{"@type":"EntryPoint","urlTemplate":"https:\/\/advbox.com.br\/blog\/?s={search_term_string}"},"query-input":{"@type":"PropertyValueSpecification","valueRequired":true,"valueName":"search_term_string"}}],"inLanguage":"pt-BR"},{"@type":"Organization","@id":"https:\/\/advbox.com.br\/blog\/#organization","name":"ADVBOX Blog - Software jur\u00eddico da advocacia digital","url":"https:\/\/advbox.com.br\/blog\/","logo":{"@type":"ImageObject","inLanguage":"pt-BR","@id":"https:\/\/advbox.com.br\/blog\/#\/schema\/logo\/image\/","url":"https:\/\/advbox.com.br\/blog\/wp-content\/uploads\/2019\/12\/Como-aumentar-a-produtividade_.jpg","contentUrl":"https:\/\/advbox.com.br\/blog\/wp-content\/uploads\/2019\/12\/Como-aumentar-a-produtividade_.jpg","width":320,"height":213,"caption":"ADVBOX Blog - Software jur\u00eddico da advocacia digital"},"image":{"@id":"https:\/\/advbox.com.br\/blog\/#\/schema\/logo\/image\/"},"sameAs":["https:\/\/www.facebook.com\/advbox\/","https:\/\/x.com\/advbox2"]}]}},"_links":{"self":[{"href":"https:\/\/advbox.com.br\/blog\/wp-json\/wp\/v2\/pages\/851","targetHints":{"allow":["GET"]}}],"collection":[{"href":"https:\/\/advbox.com.br\/blog\/wp-json\/wp\/v2\/pages"}],"about":[{"href":"https:\/\/advbox.com.br\/blog\/wp-json\/wp\/v2\/types\/page"}],"author":[{"embeddable":true,"href":"https:\/\/advbox.com.br\/blog\/wp-json\/wp\/v2\/users\/11"}],"replies":[{"embeddable":true,"href":"https:\/\/advbox.com.br\/blog\/wp-json\/wp\/v2\/comments?post=851"}],"version-history":[{"count":6,"href":"https:\/\/advbox.com.br\/blog\/wp-json\/wp\/v2\/pages\/851\/revisions"}],"predecessor-version":[{"id":63640,"href":"https:\/\/advbox.com.br\/blog\/wp-json\/wp\/v2\/pages\/851\/revisions\/63640"}],"wp:attachment":[{"href":"https:\/\/advbox.com.br\/blog\/wp-json\/wp\/v2\/media?parent=851"}],"curies":[{"name":"wp","href":"https:\/\/api.w.org\/{rel}","templated":true}]}}