{"id":9720,"date":"2019-03-19T15:27:49","date_gmt":"2019-03-19T18:27:49","guid":{"rendered":"https:\/\/advbox.com.br\/blog\/?page_id=9720"},"modified":"2024-10-31T14:41:21","modified_gmt":"2024-10-31T17:41:21","slug":"materiais-de-produtividade-advbox","status":"publish","type":"page","link":"https:\/\/advbox.com.br\/blog\/materiais-de-produtividade-advbox\/","title":{"rendered":"Materiais de produtividade gratuitos da ADVBOX"},"content":{"rendered":"<p>Acesse agora todos os materiais que a ADVBOX preparou para que possa  acelerar a sua produtividade e crescimento do seu escrit\u00f3rio. Todos foram <a href=\"https:\/\/advbox.com.br\/blog\/\" target=\"_blank\"><strong>desenvolvidos pela equipe da ADVBOX<\/strong><\/a> e dispon\u00edvel para download totalmente gratuito.<\/p><p>Que traga muito sucesso!<\/p><h2 class=\"wp-block-heading\" id=\"h-e-books-para-baixar-advbox\">E-books para baixar ADVBOX<\/h2><figure class=\"wp-block-image size-large is-style-default\"><img decoding=\"async\" src=\"https:\/\/advbox.com.br\/blog\/wp-content\/uploads\/2018\/10\/gamefica%C3%A7%C3%A3o-cta-1024x227.png\" alt=\"Ebook Gamefica\u00e7\u00e3o na advocacia\" class=\"wp-image-3835\" loading=\"lazy\"><\/figure><figure class=\"wp-block-image size-large is-style-default\"><img fetchpriority=\"high\" decoding=\"async\" width=\"1024\" height=\"227\" src=\"https:\/\/advbox.com.br\/blog\/wp-content\/uploads\/2018\/08\/rotina-cta-1024x227.png\" alt=\"ebook rotina do advogado\" class=\"wp-image-3335\" srcset=\"https:\/\/advbox.com.br\/blog\/wp-content\/uploads\/2018\/08\/rotina-cta.png 1024w, https:\/\/advbox.com.br\/blog\/wp-content\/uploads\/2018\/08\/rotina-cta-300x66.png 300w, https:\/\/advbox.com.br\/blog\/wp-content\/uploads\/2018\/08\/rotina-cta-768x170.png 768w\" sizes=\"(max-width: 1024px) 100vw, 1024px\" \/><\/figure><figure class=\"wp-block-image size-large is-style-default\"><img decoding=\"async\" width=\"1024\" height=\"227\" src=\"https:\/\/advbox.com.br\/blog\/wp-content\/uploads\/2019\/03\/advocacia-inteligente-1024x227.png\" alt=\"Ebooj advocacia inteligente\" class=\"wp-image-9990\" srcset=\"https:\/\/advbox.com.br\/blog\/wp-content\/uploads\/2019\/03\/advocacia-inteligente.png 1024w, https:\/\/advbox.com.br\/blog\/wp-content\/uploads\/2019\/03\/advocacia-inteligente-300x66.png 300w, https:\/\/advbox.com.br\/blog\/wp-content\/uploads\/2019\/03\/advocacia-inteligente-768x170.png 768w\" sizes=\"(max-width: 1024px) 100vw, 1024px\" loading=\"lazy\" \/><\/figure><figure class=\"wp-block-image size-large is-style-default\"><a href=\"https:\/\/materiais.advbox.com.br\/gerenciar-escritorio-a-distancia\" target=\"_blank\" rel=\"noopener noreferrer\" target=\"_blank\"><img decoding=\"async\" src=\"https:\/\/advbox.com.br\/blog\/wp-content\/uploads\/2018\/08\/gerenciamento-de-escrit%C3%B3rios-1024x227.jpg\" alt=\"Ebook gerenciamento remoto de escrit\u00f3rio de advocacia\" class=\"wp-image-3225\" loading=\"lazy\"><\/a><\/figure><figure class=\"wp-block-image size-large is-style-default\"><img decoding=\"async\" src=\"https:\/\/advbox.com.br\/blog\/wp-content\/uploads\/2018\/08\/ferramentas-indispens%C3%A1veis-1024x227.jpg\" alt=\"ebook ferramentas indispens\u00e1veis para colocar em pr\u00e1tica o escrit\u00f3rio digital\" class=\"wp-image-3224\" loading=\"lazy\"><\/figure><figure class=\"wp-block-image size-large is-style-default\"><a href=\"https:\/\/materiais.advbox.com.br\/ebook-advocacia-de-resultados\" target=\"_blank\" rel=\"noopener noreferrer\" target=\"_blank\"><img decoding=\"async\" width=\"1024\" height=\"227\" src=\"https:\/\/advbox.com.br\/blog\/wp-content\/uploads\/2018\/08\/advocacia-de-resultado-1024x227.jpg\" alt=\"Ebook advocacia de resultado\" class=\"wp-image-3217\" srcset=\"https:\/\/advbox.com.br\/blog\/wp-content\/uploads\/2018\/08\/advocacia-de-resultado.jpg 1024w, https:\/\/advbox.com.br\/blog\/wp-content\/uploads\/2018\/08\/advocacia-de-resultado-300x66.jpg 300w, https:\/\/advbox.com.br\/blog\/wp-content\/uploads\/2018\/08\/advocacia-de-resultado-768x170.jpg 768w\" sizes=\"(max-width: 1024px) 100vw, 1024px\" loading=\"lazy\" \/><\/a><\/figure><figure class=\"wp-block-image size-large is-style-default\"><a href=\"https:\/\/materiais.advbox.com.br\/e-book-como-implantar-o-home-office\" target=\"_blank\" rel=\"noopener noreferrer\" target=\"_blank\"><img loading=\"lazy\" decoding=\"async\" width=\"1024\" height=\"227\" src=\"https:\/\/advbox.com.br\/blog\/wp-content\/uploads\/2019\/03\/como-implantar-o-home-office-1024x227.png\" alt=\"Ebook como implantar home office na advocacia \" class=\"wp-image-9986\" srcset=\"https:\/\/advbox.com.br\/blog\/wp-content\/uploads\/2019\/03\/como-implantar-o-home-office.png 1024w, https:\/\/advbox.com.br\/blog\/wp-content\/uploads\/2019\/03\/como-implantar-o-home-office-300x66.png 300w, https:\/\/advbox.com.br\/blog\/wp-content\/uploads\/2019\/03\/como-implantar-o-home-office-768x170.png 768w\" sizes=\"(max-width: 1024px) 100vw, 1024px\" \/><\/a><\/figure>\n","protected":false},"excerpt":{"rendered":"<p>Acesse agora todos os materiais que a ADVBOX preparou para que possa acelerar a sua produtividade e crescimento do seu escrit\u00f3rio. Todos foram desenvolvidos pela equipe da ADVBOX e dispon\u00edvel para download totalmente gratuito. Que traga muito sucesso! E-books para baixar ADVBOX<\/p>\n","protected":false},"author":44,"featured_media":17193,"parent":0,"menu_order":0,"comment_status":"closed","ping_status":"closed","template":"","meta":{"_acf_changed":false,"om_disable_all_campaigns":false,"footnotes":""},"class_list":["post-9720","page","type-page","status-publish","has-post-thumbnail","hentry"],"acf":[],"yoast_head":"<!-- This site is optimized with the Yoast SEO plugin v26.9 - https:\/\/yoast.com\/product\/yoast-seo-wordpress\/ -->\n<title>Materiais de produtividade gratuitos da ADVBOX<\/title>\n<meta name=\"description\" content=\"Software Jur\u00eddico Completo - ADVBOX baixe gratuitamente todos os materiais dispon\u00edveis para gest\u00e3o do seu escrit\u00f3rio de advocacia. Escolha o seu e baixe agora!\" \/>\n<meta name=\"robots\" content=\"index, follow, max-snippet:-1, max-image-preview:large, max-video-preview:-1\" \/>\n<link rel=\"canonical\" href=\"https:\/\/advbox.com.br\/blog\/materiais-de-produtividade-advbox\/\" \/>\n<meta property=\"og:locale\" content=\"pt_BR\" \/>\n<meta property=\"og:type\" content=\"article\" \/>\n<meta property=\"og:title\" content=\"Materiais de produtividade gratuitos da ADVBOX\" \/>\n<meta property=\"og:description\" content=\"Software Jur\u00eddico Completo - ADVBOX baixe gratuitamente todos os materiais dispon\u00edveis para gest\u00e3o do seu escrit\u00f3rio de advocacia. Escolha o seu e baixe agora!\" \/>\n<meta property=\"og:url\" content=\"https:\/\/advbox.com.br\/blog\/materiais-de-produtividade-advbox\/\" \/>\n<meta property=\"og:site_name\" content=\"Software Jur\u00eddico Completo - ADVBOX\" \/>\n<meta property=\"article:publisher\" content=\"https:\/\/www.facebook.com\/advbox\/\" \/>\n<meta property=\"article:modified_time\" content=\"2024-10-31T17:41:21+00:00\" \/>\n<meta property=\"og:image\" content=\"https:\/\/advbox.com.br\/blog\/wp-content\/uploads\/2019\/12\/software-juridico.jpg\" \/>\n\t<meta property=\"og:image:width\" content=\"893\" \/>\n\t<meta property=\"og:image:height\" content=\"593\" \/>\n\t<meta property=\"og:image:type\" content=\"image\/jpeg\" \/>\n<meta name=\"twitter:card\" content=\"summary_large_image\" \/>\n<meta name=\"twitter:site\" content=\"@advbox2\" \/>\n<script type=\"application\/ld+json\" class=\"yoast-schema-graph\">{\"@context\":\"https:\/\/schema.org\",\"@graph\":[{\"@type\":[\"WebPage\",\"CollectionPage\"],\"@id\":\"https:\/\/advbox.com.br\/blog\/materiais-de-produtividade-advbox\/\",\"url\":\"https:\/\/advbox.com.br\/blog\/materiais-de-produtividade-advbox\/\",\"name\":\"Materiais de produtividade gratuitos da ADVBOX\",\"isPartOf\":{\"@id\":\"https:\/\/advbox.com.br\/blog\/#website\"},\"primaryImageOfPage\":{\"@id\":\"https:\/\/advbox.com.br\/blog\/materiais-de-produtividade-advbox\/#primaryimage\"},\"image\":{\"@id\":\"https:\/\/advbox.com.br\/blog\/materiais-de-produtividade-advbox\/#primaryimage\"},\"thumbnailUrl\":\"https:\/\/advbox.com.br\/blog\/wp-content\/uploads\/2019\/12\/software-juridico.jpg\",\"datePublished\":\"2019-03-19T18:27:49+00:00\",\"dateModified\":\"2024-10-31T17:41:21+00:00\",\"description\":\"Software Jur\u00eddico Completo - ADVBOX baixe gratuitamente todos os materiais dispon\u00edveis para gest\u00e3o do seu escrit\u00f3rio de advocacia. Escolha o seu e baixe agora!\",\"breadcrumb\":{\"@id\":\"https:\/\/advbox.com.br\/blog\/materiais-de-produtividade-advbox\/#breadcrumb\"},\"inLanguage\":\"pt-BR\"},{\"@type\":\"ImageObject\",\"inLanguage\":\"pt-BR\",\"@id\":\"https:\/\/advbox.com.br\/blog\/materiais-de-produtividade-advbox\/#primaryimage\",\"url\":\"https:\/\/advbox.com.br\/blog\/wp-content\/uploads\/2019\/12\/software-juridico.jpg\",\"contentUrl\":\"https:\/\/advbox.com.br\/blog\/wp-content\/uploads\/2019\/12\/software-juridico.jpg\",\"width\":893,\"height\":593,\"caption\":\"Software Jur\u00eddico - advogado digital precisa de um\"},{\"@type\":\"BreadcrumbList\",\"@id\":\"https:\/\/advbox.com.br\/blog\/materiais-de-produtividade-advbox\/#breadcrumb\",\"itemListElement\":[{\"@type\":\"ListItem\",\"position\":1,\"name\":\"In\u00edcio\",\"item\":\"https:\/\/advbox.com.br\/blog\/\"},{\"@type\":\"ListItem\",\"position\":2,\"name\":\"Materiais de produtividade gratuitos da ADVBOX\"}]},{\"@type\":\"WebSite\",\"@id\":\"https:\/\/advbox.com.br\/blog\/#website\",\"url\":\"https:\/\/advbox.com.br\/blog\/\",\"name\":\"Software Jur\u00eddico Completo - ADVBOX\",\"description\":\"Plataforma para Advocacia Digital\",\"publisher\":{\"@id\":\"https:\/\/advbox.com.br\/blog\/#organization\"},\"potentialAction\":[{\"@type\":\"SearchAction\",\"target\":{\"@type\":\"EntryPoint\",\"urlTemplate\":\"https:\/\/advbox.com.br\/blog\/?s={search_term_string}\"},\"query-input\":{\"@type\":\"PropertyValueSpecification\",\"valueRequired\":true,\"valueName\":\"search_term_string\"}}],\"inLanguage\":\"pt-BR\"},{\"@type\":\"Organization\",\"@id\":\"https:\/\/advbox.com.br\/blog\/#organization\",\"name\":\"ADVBOX Blog - Software jur\u00eddico da advocacia digital\",\"url\":\"https:\/\/advbox.com.br\/blog\/\",\"logo\":{\"@type\":\"ImageObject\",\"inLanguage\":\"pt-BR\",\"@id\":\"https:\/\/advbox.com.br\/blog\/#\/schema\/logo\/image\/\",\"url\":\"https:\/\/advbox.com.br\/blog\/wp-content\/uploads\/2019\/12\/Como-aumentar-a-produtividade_.jpg\",\"contentUrl\":\"https:\/\/advbox.com.br\/blog\/wp-content\/uploads\/2019\/12\/Como-aumentar-a-produtividade_.jpg\",\"width\":320,\"height\":213,\"caption\":\"ADVBOX Blog - Software jur\u00eddico da advocacia digital\"},\"image\":{\"@id\":\"https:\/\/advbox.com.br\/blog\/#\/schema\/logo\/image\/\"},\"sameAs\":[\"https:\/\/www.facebook.com\/advbox\/\",\"https:\/\/x.com\/advbox2\"]}]}<\/script>\n<!-- \/ Yoast SEO plugin. -->","yoast_head_json":{"title":"Materiais de produtividade gratuitos da ADVBOX","description":"Software Jur\u00eddico Completo - ADVBOX baixe gratuitamente todos os materiais dispon\u00edveis para gest\u00e3o do seu escrit\u00f3rio de advocacia. Escolha o seu e baixe agora!","robots":{"index":"index","follow":"follow","max-snippet":"max-snippet:-1","max-image-preview":"max-image-preview:large","max-video-preview":"max-video-preview:-1"},"canonical":"https:\/\/advbox.com.br\/blog\/materiais-de-produtividade-advbox\/","og_locale":"pt_BR","og_type":"article","og_title":"Materiais de produtividade gratuitos da ADVBOX","og_description":"Software Jur\u00eddico Completo - ADVBOX baixe gratuitamente todos os materiais dispon\u00edveis para gest\u00e3o do seu escrit\u00f3rio de advocacia. Escolha o seu e baixe agora!","og_url":"https:\/\/advbox.com.br\/blog\/materiais-de-produtividade-advbox\/","og_site_name":"Software Jur\u00eddico Completo - ADVBOX","article_publisher":"https:\/\/www.facebook.com\/advbox\/","article_modified_time":"2024-10-31T17:41:21+00:00","og_image":[{"width":893,"height":593,"url":"https:\/\/advbox.com.br\/blog\/wp-content\/uploads\/2019\/12\/software-juridico.jpg","type":"image\/jpeg"}],"twitter_card":"summary_large_image","twitter_site":"@advbox2","schema":{"@context":"https:\/\/schema.org","@graph":[{"@type":["WebPage","CollectionPage"],"@id":"https:\/\/advbox.com.br\/blog\/materiais-de-produtividade-advbox\/","url":"https:\/\/advbox.com.br\/blog\/materiais-de-produtividade-advbox\/","name":"Materiais de produtividade gratuitos da ADVBOX","isPartOf":{"@id":"https:\/\/advbox.com.br\/blog\/#website"},"primaryImageOfPage":{"@id":"https:\/\/advbox.com.br\/blog\/materiais-de-produtividade-advbox\/#primaryimage"},"image":{"@id":"https:\/\/advbox.com.br\/blog\/materiais-de-produtividade-advbox\/#primaryimage"},"thumbnailUrl":"https:\/\/advbox.com.br\/blog\/wp-content\/uploads\/2019\/12\/software-juridico.jpg","datePublished":"2019-03-19T18:27:49+00:00","dateModified":"2024-10-31T17:41:21+00:00","description":"Software Jur\u00eddico Completo - ADVBOX baixe gratuitamente todos os materiais dispon\u00edveis para gest\u00e3o do seu escrit\u00f3rio de advocacia. Escolha o seu e baixe agora!","breadcrumb":{"@id":"https:\/\/advbox.com.br\/blog\/materiais-de-produtividade-advbox\/#breadcrumb"},"inLanguage":"pt-BR"},{"@type":"ImageObject","inLanguage":"pt-BR","@id":"https:\/\/advbox.com.br\/blog\/materiais-de-produtividade-advbox\/#primaryimage","url":"https:\/\/advbox.com.br\/blog\/wp-content\/uploads\/2019\/12\/software-juridico.jpg","contentUrl":"https:\/\/advbox.com.br\/blog\/wp-content\/uploads\/2019\/12\/software-juridico.jpg","width":893,"height":593,"caption":"Software Jur\u00eddico - advogado digital precisa de um"},{"@type":"BreadcrumbList","@id":"https:\/\/advbox.com.br\/blog\/materiais-de-produtividade-advbox\/#breadcrumb","itemListElement":[{"@type":"ListItem","position":1,"name":"In\u00edcio","item":"https:\/\/advbox.com.br\/blog\/"},{"@type":"ListItem","position":2,"name":"Materiais de produtividade gratuitos da ADVBOX"}]},{"@type":"WebSite","@id":"https:\/\/advbox.com.br\/blog\/#website","url":"https:\/\/advbox.com.br\/blog\/","name":"Software Jur\u00eddico Completo - ADVBOX","description":"Plataforma para Advocacia Digital","publisher":{"@id":"https:\/\/advbox.com.br\/blog\/#organization"},"potentialAction":[{"@type":"SearchAction","target":{"@type":"EntryPoint","urlTemplate":"https:\/\/advbox.com.br\/blog\/?s={search_term_string}"},"query-input":{"@type":"PropertyValueSpecification","valueRequired":true,"valueName":"search_term_string"}}],"inLanguage":"pt-BR"},{"@type":"Organization","@id":"https:\/\/advbox.com.br\/blog\/#organization","name":"ADVBOX Blog - Software jur\u00eddico da advocacia digital","url":"https:\/\/advbox.com.br\/blog\/","logo":{"@type":"ImageObject","inLanguage":"pt-BR","@id":"https:\/\/advbox.com.br\/blog\/#\/schema\/logo\/image\/","url":"https:\/\/advbox.com.br\/blog\/wp-content\/uploads\/2019\/12\/Como-aumentar-a-produtividade_.jpg","contentUrl":"https:\/\/advbox.com.br\/blog\/wp-content\/uploads\/2019\/12\/Como-aumentar-a-produtividade_.jpg","width":320,"height":213,"caption":"ADVBOX Blog - Software jur\u00eddico da advocacia digital"},"image":{"@id":"https:\/\/advbox.com.br\/blog\/#\/schema\/logo\/image\/"},"sameAs":["https:\/\/www.facebook.com\/advbox\/","https:\/\/x.com\/advbox2"]}]}},"_links":{"self":[{"href":"https:\/\/advbox.com.br\/blog\/wp-json\/wp\/v2\/pages\/9720","targetHints":{"allow":["GET"]}}],"collection":[{"href":"https:\/\/advbox.com.br\/blog\/wp-json\/wp\/v2\/pages"}],"about":[{"href":"https:\/\/advbox.com.br\/blog\/wp-json\/wp\/v2\/types\/page"}],"author":[{"embeddable":true,"href":"https:\/\/advbox.com.br\/blog\/wp-json\/wp\/v2\/users\/44"}],"replies":[{"embeddable":true,"href":"https:\/\/advbox.com.br\/blog\/wp-json\/wp\/v2\/comments?post=9720"}],"version-history":[{"count":3,"href":"https:\/\/advbox.com.br\/blog\/wp-json\/wp\/v2\/pages\/9720\/revisions"}],"predecessor-version":[{"id":68656,"href":"https:\/\/advbox.com.br\/blog\/wp-json\/wp\/v2\/pages\/9720\/revisions\/68656"}],"wp:featuredmedia":[{"embeddable":true,"href":"https:\/\/advbox.com.br\/blog\/wp-json\/wp\/v2\/media\/17193"}],"wp:attachment":[{"href":"https:\/\/advbox.com.br\/blog\/wp-json\/wp\/v2\/media?parent=9720"}],"curies":[{"name":"wp","href":"https:\/\/api.w.org\/{rel}","templated":true}]}}